{"id":7255,"date":"2019-08-28T22:02:09","date_gmt":"2019-08-28T22:02:09","guid":{"rendered":"https:\/\/mariblum.de\/produkt\/fogliame-loop\/"},"modified":"2022-03-18T13:51:24","modified_gmt":"2022-03-18T13:51:24","slug":"fogliame-loop","status":"publish","type":"product","link":"https:\/\/mariblum.de\/it\/produkt\/fogliame-loop\/","title":{"rendered":"Fogliame (Loop)"},"content":{"rendered":"<h3>Fogliame Loop in canapa<\/h3>\n<p>Questo bellissimo loop in canapa ha ricevuto da noi il nome &#8220;Fogliame&#8221;. Sul tessuto abbiamo applicato il colore di una pianta tintorea. Le foglie raffigurate non sono quindi di colorante per tessuti, ma del colore vero di foglie di diverso aspetto. I pigmenti delle foglie sono stati portati direttamente sul tessuto. Ognuno \u00e8 unico nel suo design. Questo \u00e8 veramente un loop unico in canapa.<\/p>\n<p>Tutti i nostri loops sono fini e danno una sensazione piacevole sulla pelle. Il loop colorato \u00e8 gi\u00e1 molto morbido, diventa per\u00f2 ancora pi\u00fa morbido con l\u2019utilizzo. Qui puoi scoprire di pi\u00fa sulle propriet\u00e0 positive della canapa: (scopri di pi\u00fa sulla canapa). Ma una cosa sia gi\u00e0 rivelata: le fibre di canapa hanno un effetto rinfrescante nei giorni caldi e un effetto riscaldante nei giorni freddi. Questo rende i tessili in canapa compagni perfetti durante tutto l\u2019anno. Questo colorato loop tinto a mano \u00e8 un fantastico compagno di viaggi anche su tragitti lunghi. Quando non ne hai pi\u00f9 bisogno puoi metterlo comodamente nella tua borsa in modo salva spazio.<\/p>\n<h5>Suggerimenti:<\/h5>\n<p>Questo loop in canapa \u00e8 relativamente fino, molto morbido e comunque ha una forma stabile. La canapa viene prodotta e tessuta tramite agricoltura biologica in UE in modo equo e solidale. Ogni singolo loop viene da noi progettato con amore e tinto a mano con colori vegetali.<\/p>\n<p>Il logo fissato sul loop colorato \u00e8 fatto di eco pelle priva di sostanze dannose. L\u2019etichetta cucita \u00e8 fatta di poliestere riciclato. Quindi eco pelle e poliestere sono compromessi che dobbiamo fare. Se avete un suggerimento per delle alternative per favore fatecelo sapere.<\/p>\n<p>Le nostre scatole e materiali per la spedizione provengono da &#8220;BioBiene&#8221;. \u00c9 un produttore di materiali di imballaggio bio che ci fornisce materiali di imballaggio 100% privi di plastica.<\/p>\n<p><center><a href=\"https:\/\/www.biobiene.com\/umweltsiegel\/index?id=5fdbd693288bd1c5739e0c3353817b47\" target=\"_blank\" rel=\"noopener noreferrer\"><img decoding=\"async\" class=\"aligncenter\" src=\"https:\/\/www.biobiene.com\/custom\/plugins\/SpnoBioSeal\/Images\/CustomerSeals\/5fdbd693288bd1c5739e0c3353817b47.png\" \/><\/a><\/center>&nbsp;<\/p>\n<h5>Istruzioni per la cura:<\/h5>\n<div>\n<p>I tessuti in canapa adorano l\u2019acqua e non vogliono il caldo secco. Gli fai quindi un favore, se di tanto in tanto metti il tuo loop in canapa in acqua limpida. Dopo puoi stirarlo quando \u00e8 ancora leggermente umido. I tessili in canapa non apprezzano il caldo secco- non metterli nell\u2019asciugatrice.<\/p>\n<\/div>\n<div><\/div>\n<div><\/div>\n<div><center><img loading=\"lazy\" decoding=\"async\" class=\"alignnone size-medium wp-image-7335\" src=\"https:\/\/mariblum.de\/wp-content\/uploads\/2019\/11\/pflegehinweise-hanf-300x66.png\" sizes=\"auto, (max-width: 300px) 100vw, 300px\" srcset=\"https:\/\/mariblum.de\/wp-content\/uploads\/2019\/11\/pflegehinweise-hanf-300x66.png 300w, https:\/\/mariblum.de\/wp-content\/uploads\/2019\/11\/pflegehinweise-hanf-510x111.png 510w, https:\/\/mariblum.de\/wp-content\/uploads\/2019\/11\/pflegehinweise-hanf.png 549w\" alt=\"pflegehinweise f\u00fcr tragetuch aus hanf\" width=\"300\" height=\"66\" \/><\/center><\/div>\n","protected":false},"excerpt":{"rendered":"<ul>\n<li>100% canapa (agricoltura biologica controllata e con metodo equo e solidale all interno dell&#8217;UE)<\/li>\n<li>100% prodotto vegano<\/li>\n<li>190g\/m\u00b2 grammatura<\/li>\n<li>cucito con un avvolgimento<\/li>\n<li>altezza 23 cm | larghezza 35 cm<\/li>\n<li>non stampato, foglie vere<\/li>\n<\/ul>\n","protected":false},"featured_media":7256,"template":"","meta":[],"product_brand":[],"product_cat":[895,1497,2426],"product_tag":[977,936,881],"class_list":{"0":"post-7255","1":"product","2":"type-product","3":"status-publish","4":"has-post-thumbnail","6":"product_cat-loops-it","7":"product_cat-it-loop-in-canapa","8":"product_cat-tessuti-di-canapa","9":"product_tag-fogliame","10":"product_tag-loop-it","11":"product_tag-rosa-it","13":"first","14":"instock","15":"purchasable","16":"product-type-variable","17":"has-default-attributes"},"yoast_head":"<!-- This site is optimized with the Yoast SEO Premium plugin v23.3 (Yoast SEO v27.2) - https:\/\/yoast.com\/product\/yoast-seo-premium-wordpress\/ -->\n<title>Foliage lussuoso anello realizzato in canapa colorata con piante<\/title>\n<meta name=\"description\" content=\"Abbiamo applicato il colore di una pianta colorante al tessuto. Le foglie non riguardano quindi il colore del tessuto, ma il colore reale.\" \/>\n<meta name=\"robots\" content=\"index, follow, max-snippet:-1, max-image-preview:large, max-video-preview:-1\" \/>\n<link rel=\"canonical\" href=\"https:\/\/mariblum.de\/it\/produkt\/fogliame-loop\/\" \/>\n<meta property=\"og:locale\" content=\"it_IT\" \/>\n<meta property=\"og:type\" content=\"article\" \/>\n<meta property=\"og:title\" content=\"Fogliame (Loop)\" \/>\n<meta property=\"og:description\" content=\"Abbiamo applicato il colore di una pianta colorante al tessuto. Le foglie non riguardano quindi il colore del tessuto, ma il colore reale.\" \/>\n<meta property=\"og:url\" content=\"https:\/\/mariblum.de\/it\/produkt\/fogliame-loop\/\" \/>\n<meta property=\"og:site_name\" content=\"mariblum - Fascia Porta Bebe\" \/>\n<meta property=\"article:modified_time\" content=\"2022-03-18T13:51:24+00:00\" \/>\n<meta property=\"og:image\" content=\"https:\/\/mariblum.de\/wp-content\/uploads\/2019\/08\/rosa-Loop-aus-Hanf-Puppe-scaled-e1576923491930.jpg\" \/>\n\t<meta property=\"og:image:width\" content=\"600\" \/>\n\t<meta property=\"og:image:height\" content=\"800\" \/>\n\t<meta property=\"og:image:type\" content=\"image\/jpeg\" \/>\n<meta name=\"twitter:card\" content=\"summary_large_image\" \/>\n<meta name=\"twitter:label1\" content=\"Disponibilit\u00e0\" \/>\n\t<meta name=\"twitter:data1\" content=\"In stock\" \/>\n<script type=\"application\/ld+json\" class=\"yoast-schema-graph\">{\"@context\":\"https:\/\/schema.org\",\"@graph\":[{\"@type\":\"WebPage\",\"@id\":\"https:\/\/mariblum.de\/it\/produkt\/fogliame-loop\/\",\"url\":\"https:\/\/mariblum.de\/it\/produkt\/fogliame-loop\/\",\"name\":\"Foliage lussuoso anello realizzato in canapa colorata con piante\",\"isPartOf\":{\"@id\":\"https:\/\/mariblum.de\/it\/#website\"},\"primaryImageOfPage\":{\"@id\":\"https:\/\/mariblum.de\/it\/produkt\/fogliame-loop\/#primaryimage\"},\"image\":{\"@id\":\"https:\/\/mariblum.de\/it\/produkt\/fogliame-loop\/#primaryimage\"},\"thumbnailUrl\":\"https:\/\/mariblum.de\/wp-content\/uploads\/2019\/08\/rosa-Loop-aus-Hanf-Puppe-scaled-e1576923491930.jpg\",\"datePublished\":\"2019-08-28T22:02:09+00:00\",\"dateModified\":\"2022-03-18T13:51:24+00:00\",\"description\":\"Abbiamo applicato il colore di una pianta colorante al tessuto. Le foglie non riguardano quindi il colore del tessuto, ma il colore reale.\",\"breadcrumb\":{\"@id\":\"https:\/\/mariblum.de\/it\/produkt\/fogliame-loop\/#breadcrumb\"},\"inLanguage\":\"it-IT\",\"potentialAction\":[{\"@type\":\"ReadAction\",\"target\":[\"https:\/\/mariblum.de\/it\/produkt\/fogliame-loop\/\"]}]},{\"@type\":\"ImageObject\",\"inLanguage\":\"it-IT\",\"@id\":\"https:\/\/mariblum.de\/it\/produkt\/fogliame-loop\/#primaryimage\",\"url\":\"https:\/\/mariblum.de\/wp-content\/uploads\/2019\/08\/rosa-Loop-aus-Hanf-Puppe-scaled-e1576923491930.jpg\",\"contentUrl\":\"https:\/\/mariblum.de\/wp-content\/uploads\/2019\/08\/rosa-Loop-aus-Hanf-Puppe-scaled-e1576923491930.jpg\",\"width\":600,\"height\":800,\"caption\":\"fogliame-loop-in-canapa\"},{\"@type\":\"BreadcrumbList\",\"@id\":\"https:\/\/mariblum.de\/it\/produkt\/fogliame-loop\/#breadcrumb\",\"itemListElement\":[{\"@type\":\"ListItem\",\"position\":1,\"name\":\"Startseite\",\"item\":\"https:\/\/mariblum.de\/it\/\"},{\"@type\":\"ListItem\",\"position\":2,\"name\":\"Shop\",\"item\":\"https:\/\/mariblum.de\/it\/shop\/\"},{\"@type\":\"ListItem\",\"position\":3,\"name\":\"Fogliame (Loop)\"}]},{\"@type\":\"WebSite\",\"@id\":\"https:\/\/mariblum.de\/it\/#website\",\"url\":\"https:\/\/mariblum.de\/it\/\",\"name\":\"mariblum Traget\u00fccher\",\"description\":\"il modo naturale di portare il tuo bambino \",\"publisher\":{\"@id\":\"https:\/\/mariblum.de\/it\/#organization\"},\"potentialAction\":[{\"@type\":\"SearchAction\",\"target\":{\"@type\":\"EntryPoint\",\"urlTemplate\":\"https:\/\/mariblum.de\/it\/?s={search_term_string}\"},\"query-input\":{\"@type\":\"PropertyValueSpecification\",\"valueRequired\":true,\"valueName\":\"search_term_string\"}}],\"inLanguage\":\"it-IT\"},{\"@type\":\"Organization\",\"@id\":\"https:\/\/mariblum.de\/it\/#organization\",\"name\":\"mariblum\",\"url\":\"https:\/\/mariblum.de\/it\/\",\"logo\":{\"@type\":\"ImageObject\",\"inLanguage\":\"it-IT\",\"@id\":\"https:\/\/mariblum.de\/it\/#\/schema\/logo\/image\/\",\"url\":\"https:\/\/mariblum.de\/wp-content\/uploads\/2020\/07\/logo_m-500x_transparent.png\",\"contentUrl\":\"https:\/\/mariblum.de\/wp-content\/uploads\/2020\/07\/logo_m-500x_transparent.png\",\"width\":500,\"height\":500,\"caption\":\"mariblum\"},\"image\":{\"@id\":\"https:\/\/mariblum.de\/it\/#\/schema\/logo\/image\/\"},\"sameAs\":[\"https:\/\/www.instagram.com\/_mariblum_\/\"]}]}<\/script>\n<meta property=\"og:availability\" content=\"instock\" \/>\n<meta property=\"product:availability\" content=\"instock\" \/>\n<meta property=\"product:condition\" content=\"new\" \/>\n<!-- \/ Yoast SEO Premium plugin. -->","yoast_head_json":{"title":"Foliage lussuoso anello realizzato in canapa colorata con piante","description":"Abbiamo applicato il colore di una pianta colorante al tessuto. Le foglie non riguardano quindi il colore del tessuto, ma il colore reale.","robots":{"index":"index","follow":"follow","max-snippet":"max-snippet:-1","max-image-preview":"max-image-preview:large","max-video-preview":"max-video-preview:-1"},"canonical":"https:\/\/mariblum.de\/it\/produkt\/fogliame-loop\/","og_locale":"it_IT","og_type":"article","og_title":"Fogliame (Loop)","og_description":"Abbiamo applicato il colore di una pianta colorante al tessuto. Le foglie non riguardano quindi il colore del tessuto, ma il colore reale.","og_url":"https:\/\/mariblum.de\/it\/produkt\/fogliame-loop\/","og_site_name":"mariblum - Fascia Porta Bebe","article_modified_time":"2022-03-18T13:51:24+00:00","og_image":[{"width":600,"height":800,"url":"https:\/\/mariblum.de\/wp-content\/uploads\/2019\/08\/rosa-Loop-aus-Hanf-Puppe-scaled-e1576923491930.jpg","type":"image\/jpeg"}],"twitter_card":"summary_large_image","twitter_misc":{"Disponibilit\u00e0":"In stock"},"schema":{"@context":"https:\/\/schema.org","@graph":[{"@type":"WebPage","@id":"https:\/\/mariblum.de\/it\/produkt\/fogliame-loop\/","url":"https:\/\/mariblum.de\/it\/produkt\/fogliame-loop\/","name":"Foliage lussuoso anello realizzato in canapa colorata con piante","isPartOf":{"@id":"https:\/\/mariblum.de\/it\/#website"},"primaryImageOfPage":{"@id":"https:\/\/mariblum.de\/it\/produkt\/fogliame-loop\/#primaryimage"},"image":{"@id":"https:\/\/mariblum.de\/it\/produkt\/fogliame-loop\/#primaryimage"},"thumbnailUrl":"https:\/\/mariblum.de\/wp-content\/uploads\/2019\/08\/rosa-Loop-aus-Hanf-Puppe-scaled-e1576923491930.jpg","datePublished":"2019-08-28T22:02:09+00:00","dateModified":"2022-03-18T13:51:24+00:00","description":"Abbiamo applicato il colore di una pianta colorante al tessuto. Le foglie non riguardano quindi il colore del tessuto, ma il colore reale.","breadcrumb":{"@id":"https:\/\/mariblum.de\/it\/produkt\/fogliame-loop\/#breadcrumb"},"inLanguage":"it-IT","potentialAction":[{"@type":"ReadAction","target":["https:\/\/mariblum.de\/it\/produkt\/fogliame-loop\/"]}]},{"@type":"ImageObject","inLanguage":"it-IT","@id":"https:\/\/mariblum.de\/it\/produkt\/fogliame-loop\/#primaryimage","url":"https:\/\/mariblum.de\/wp-content\/uploads\/2019\/08\/rosa-Loop-aus-Hanf-Puppe-scaled-e1576923491930.jpg","contentUrl":"https:\/\/mariblum.de\/wp-content\/uploads\/2019\/08\/rosa-Loop-aus-Hanf-Puppe-scaled-e1576923491930.jpg","width":600,"height":800,"caption":"fogliame-loop-in-canapa"},{"@type":"BreadcrumbList","@id":"https:\/\/mariblum.de\/it\/produkt\/fogliame-loop\/#breadcrumb","itemListElement":[{"@type":"ListItem","position":1,"name":"Startseite","item":"https:\/\/mariblum.de\/it\/"},{"@type":"ListItem","position":2,"name":"Shop","item":"https:\/\/mariblum.de\/it\/shop\/"},{"@type":"ListItem","position":3,"name":"Fogliame (Loop)"}]},{"@type":"WebSite","@id":"https:\/\/mariblum.de\/it\/#website","url":"https:\/\/mariblum.de\/it\/","name":"mariblum Traget\u00fccher","description":"il modo naturale di portare il tuo bambino ","publisher":{"@id":"https:\/\/mariblum.de\/it\/#organization"},"potentialAction":[{"@type":"SearchAction","target":{"@type":"EntryPoint","urlTemplate":"https:\/\/mariblum.de\/it\/?s={search_term_string}"},"query-input":{"@type":"PropertyValueSpecification","valueRequired":true,"valueName":"search_term_string"}}],"inLanguage":"it-IT"},{"@type":"Organization","@id":"https:\/\/mariblum.de\/it\/#organization","name":"mariblum","url":"https:\/\/mariblum.de\/it\/","logo":{"@type":"ImageObject","inLanguage":"it-IT","@id":"https:\/\/mariblum.de\/it\/#\/schema\/logo\/image\/","url":"https:\/\/mariblum.de\/wp-content\/uploads\/2020\/07\/logo_m-500x_transparent.png","contentUrl":"https:\/\/mariblum.de\/wp-content\/uploads\/2020\/07\/logo_m-500x_transparent.png","width":500,"height":500,"caption":"mariblum"},"image":{"@id":"https:\/\/mariblum.de\/it\/#\/schema\/logo\/image\/"},"sameAs":["https:\/\/www.instagram.com\/_mariblum_\/"]}]},"og_availability":"instock","product_availability":"instock","product_condition":"new"},"_links":{"self":[{"href":"https:\/\/mariblum.de\/it\/wp-json\/wp\/v2\/product\/7255","targetHints":{"allow":["GET"]}}],"collection":[{"href":"https:\/\/mariblum.de\/it\/wp-json\/wp\/v2\/product"}],"about":[{"href":"https:\/\/mariblum.de\/it\/wp-json\/wp\/v2\/types\/product"}],"wp:featuredmedia":[{"embeddable":true,"href":"https:\/\/mariblum.de\/it\/wp-json\/wp\/v2\/media\/7256"}],"wp:attachment":[{"href":"https:\/\/mariblum.de\/it\/wp-json\/wp\/v2\/media?parent=7255"}],"wp:term":[{"taxonomy":"product_brand","embeddable":true,"href":"https:\/\/mariblum.de\/it\/wp-json\/wp\/v2\/product_brand?post=7255"},{"taxonomy":"product_cat","embeddable":true,"href":"https:\/\/mariblum.de\/it\/wp-json\/wp\/v2\/product_cat?post=7255"},{"taxonomy":"product_tag","embeddable":true,"href":"https:\/\/mariblum.de\/it\/wp-json\/wp\/v2\/product_tag?post=7255"}],"curies":[{"name":"wp","href":"https:\/\/api.w.org\/{rel}","templated":true}]}}