{"id":7239,"date":"2019-08-28T20:38:46","date_gmt":"2019-08-28T20:38:46","guid":{"rendered":"https:\/\/mariblum.de\/produkt\/il-mio-piccolo-universo-loop\/"},"modified":"2025-01-02T09:08:51","modified_gmt":"2025-01-02T09:08:51","slug":"il-mio-piccolo-universo-loop","status":"publish","type":"product","link":"https:\/\/mariblum.de\/it\/produkt\/il-mio-piccolo-universo-loop\/","title":{"rendered":"Il mio piccolo universo (Loop)"},"content":{"rendered":"<h3>Il mio piccolo universo Loop colorato in canapa<\/h3>\n<p style=\"text-align: justify;\">Questo bellissimo loop in canapa ha ricevuto da noi il nome <em>\u201eIl mio piccolo universo\u201c<\/em>. Risplende in tutti i colori che le piante tintorie ci regalano. Per questo motivo abbiamo deciso di chiamarlo piccolo universo. Nel caos che lo abita racchiude tutta la gamma: piccole e grandi macchie- chiare e scure. Sembra quasi illuminato dal suo interno&#8230; Ad ogni modo \u00e8 un bellissimo loop colorato.<\/p>\n<p style=\"text-align: justify;\">Tutti i nostri loops sono fini e danno una sensazione piacevole sulla pelle. Il loop colorato \u00e8 gi\u00e0 molto morbido, diventa per\u00f2 ancora pi\u00f9 morbido con l&#8217;utilizzo. Qui puoi scoprire di pi\u00f9 sulle propriet\u00e0 positive della canapa: (scopri di pi\u00f9 sulla canapa). Ma una cosa sia gi\u00e0 rivelata: le fibre di canapa hanno un effetto rinfrescante nei giorni caldi e un effetto riscaldante nei giorni freddi. Questo rende i tessili in canapa compagni perfetti durante tutto l&#8217;anno. Questo colorato loop tinto a mano \u00e8 un fantastico compagno di viaggi anche su tragitti lunghi. Quando non ne hai pi\u00f9 bisogno puoi metterlo comodamente nella tua borsa in modo salva spazio.<\/p>\n<h5>Suggerimenti:<\/h5>\n<p style=\"text-align: justify;\">Questo loop in canapa \u00e8 relativamente fino, molto morbido e comunque ha una forma stabile. La canapa viene prodotta e tessuta tramite agricoltura biologica in UE in modo equo e solidale. Ogni singolo loop viene da noi progettato con amore e tinto a mano con colori vegetali.<\/p>\n<p style=\"text-align: justify;\">Il logo fissato sul loop colorato \u00e8 fatto di eco pelle priva di sostanze dannose. L&#8217;etichetta cucita \u00e8 fatta di poliestere riciclato. Quindi eco pelle e poliestere sono compromessi che dobbiamo fare. Se avete un suggerimento per delle alternative per favore fatecelo sapere.<\/p>\n<p style=\"text-align: justify;\">Le nostre scatole e materiali per la spedizione provengono da \u201eBioBiene\u201c. \u00c9 un produttore di materiali di imballaggio bio che ci fornisce materiali di imballaggio 100% privi di plastica.<\/p>\n<p><center><a href=\"https:\/\/www.biobiene.com\/umweltsiegel\/index?id=5fdbd693288bd1c5739e0c3353817b47\" target=\"_blank\" rel=\"noopener noreferrer\"><img decoding=\"async\" class=\"aligncenter\" style=\"width: 170px; height: auto; image-rendering: -webkit-optimize-contrast;\" src=\"https:\/\/www.biobiene.com\/custom\/plugins\/SpnoBioSeal\/Images\/CustomerSeals\/5fdbd693288bd1c5739e0c3353817b47.png\" \/><\/a><\/center>&nbsp;<\/p>\n<h5>Istruzioni per la cura:<\/h5>\n<div>\n<p style=\"text-align: justify;\">I tessuti in canapa adorano l&#8217;acqua e non vogliono il caldo secco. Gli fai quindi un favore, se di tanto in tanto metti il tuo loop in canapa in acqua limpida. Dopo puoi stirarlo quando \u00e8 ancora leggermente umido. I tessili in canapa non apprezzano il caldo secco- non metterli nell&#8217;asciugatrice.<\/p>\n<\/div>\n<div><\/div>\n<div><\/div>\n<div><center><img loading=\"lazy\" decoding=\"async\" class=\"alignnone size-medium wp-image-7335\" src=\"https:\/\/mariblum.de\/wp-content\/uploads\/2019\/11\/pflegehinweise-hanf-300x66.png\" alt=\"pflegehinweise f\u00fcr tragetuch aus hanf\" width=\"300\" height=\"66\" srcset=\"https:\/\/mariblum.de\/wp-content\/uploads\/2019\/11\/pflegehinweise-hanf-300x66.png 300w, https:\/\/mariblum.de\/wp-content\/uploads\/2019\/11\/pflegehinweise-hanf-510x111.png 510w, https:\/\/mariblum.de\/wp-content\/uploads\/2019\/11\/pflegehinweise-hanf.png 549w\" sizes=\"auto, (max-width: 300px) 100vw, 300px\" \/><\/center><\/div>\n","protected":false},"excerpt":{"rendered":"<ul>\n<li>100% canapa (agricoltura biologica controllata e con metodo equo e solidale all\u2019interno dell\u2019UE)<\/li>\n<li>190g\/m\u00b2 grammatura<\/li>\n<li>cucito con un avvolgimento<\/li>\n<li>altezza 20 cm | larghezza 37 cm<\/li>\n<\/ul>\n","protected":false},"featured_media":7240,"template":"","meta":[],"product_brand":[],"product_cat":[895,1497,2426],"product_tag":[903,936,902],"class_list":{"0":"post-7239","1":"product","2":"type-product","3":"status-publish","4":"has-post-thumbnail","6":"product_cat-loops-it","7":"product_cat-it-loop-in-canapa","8":"product_cat-tessuti-di-canapa","9":"product_tag-colori","10":"product_tag-loop-it","11":"product_tag-universo","13":"first","14":"outofstock","15":"purchasable","16":"product-type-variable","17":"has-default-attributes"},"yoast_head":"<!-- This site is optimized with the Yoast SEO Premium plugin v23.3 (Yoast SEO v27.2) - https:\/\/yoast.com\/product\/yoast-seo-premium-wordpress\/ -->\n<title>Il mio piccolo universo Loop colorato in canapa - mariblum - Fascia Porta Bebe<\/title>\n<meta name=\"description\" content=\"Questo bellissimo loop in canapa ha ricevuto da noi il nome \u201eIl mio piccolo universo\u201c. Risplende in tutti i colori che le piante tintorie ci regalano.\" \/>\n<meta name=\"robots\" content=\"index, follow, max-snippet:-1, max-image-preview:large, max-video-preview:-1\" \/>\n<link rel=\"canonical\" href=\"https:\/\/mariblum.de\/it\/produkt\/il-mio-piccolo-universo-loop\/\" \/>\n<meta property=\"og:locale\" content=\"it_IT\" \/>\n<meta property=\"og:type\" content=\"article\" \/>\n<meta property=\"og:title\" content=\"Il mio piccolo universo (Loop)\" \/>\n<meta property=\"og:description\" content=\"Questo bellissimo loop in canapa ha ricevuto da noi il nome \u201eIl mio piccolo universo\u201c. Risplende in tutti i colori che le piante tintorie ci regalano.\" \/>\n<meta property=\"og:url\" content=\"https:\/\/mariblum.de\/it\/produkt\/il-mio-piccolo-universo-loop\/\" \/>\n<meta property=\"og:site_name\" content=\"mariblum - Fascia Porta Bebe\" \/>\n<meta property=\"article:modified_time\" content=\"2025-01-02T09:08:51+00:00\" \/>\n<meta property=\"og:image\" content=\"https:\/\/mariblum.de\/wp-content\/uploads\/2019\/08\/bunter-loop-mein-kleines-Universum-Puppe-scaled-e1576931195336.jpg\" \/>\n\t<meta property=\"og:image:width\" content=\"600\" \/>\n\t<meta property=\"og:image:height\" content=\"800\" \/>\n\t<meta property=\"og:image:type\" content=\"image\/jpeg\" \/>\n<meta name=\"twitter:card\" content=\"summary_large_image\" \/>\n<meta name=\"twitter:label1\" content=\"Disponibilit\u00e0\" \/>\n\t<meta name=\"twitter:data1\" content=\"Esaurito\" \/>\n<script type=\"application\/ld+json\" class=\"yoast-schema-graph\">{\"@context\":\"https:\/\/schema.org\",\"@graph\":[{\"@type\":\"WebPage\",\"@id\":\"https:\/\/mariblum.de\/it\/produkt\/il-mio-piccolo-universo-loop\/\",\"url\":\"https:\/\/mariblum.de\/it\/produkt\/il-mio-piccolo-universo-loop\/\",\"name\":\"Il mio piccolo universo Loop colorato in canapa - mariblum - Fascia Porta Bebe\",\"isPartOf\":{\"@id\":\"https:\/\/mariblum.de\/it\/#website\"},\"primaryImageOfPage\":{\"@id\":\"https:\/\/mariblum.de\/it\/produkt\/il-mio-piccolo-universo-loop\/#primaryimage\"},\"image\":{\"@id\":\"https:\/\/mariblum.de\/it\/produkt\/il-mio-piccolo-universo-loop\/#primaryimage\"},\"thumbnailUrl\":\"https:\/\/mariblum.de\/wp-content\/uploads\/2019\/08\/bunter-loop-mein-kleines-Universum-Puppe-scaled-e1576931195336.jpg\",\"datePublished\":\"2019-08-28T20:38:46+00:00\",\"dateModified\":\"2025-01-02T09:08:51+00:00\",\"description\":\"Questo bellissimo loop in canapa ha ricevuto da noi il nome \u201eIl mio piccolo universo\u201c. Risplende in tutti i colori che le piante tintorie ci regalano.\",\"breadcrumb\":{\"@id\":\"https:\/\/mariblum.de\/it\/produkt\/il-mio-piccolo-universo-loop\/#breadcrumb\"},\"inLanguage\":\"it-IT\",\"potentialAction\":[{\"@type\":\"ReadAction\",\"target\":[\"https:\/\/mariblum.de\/it\/produkt\/il-mio-piccolo-universo-loop\/\"]}]},{\"@type\":\"ImageObject\",\"inLanguage\":\"it-IT\",\"@id\":\"https:\/\/mariblum.de\/it\/produkt\/il-mio-piccolo-universo-loop\/#primaryimage\",\"url\":\"https:\/\/mariblum.de\/wp-content\/uploads\/2019\/08\/bunter-loop-mein-kleines-Universum-Puppe-scaled-e1576931195336.jpg\",\"contentUrl\":\"https:\/\/mariblum.de\/wp-content\/uploads\/2019\/08\/bunter-loop-mein-kleines-Universum-Puppe-scaled-e1576931195336.jpg\",\"width\":600,\"height\":800,\"caption\":\"il-mio-piccolo-universo-loop-in-canapa\"},{\"@type\":\"BreadcrumbList\",\"@id\":\"https:\/\/mariblum.de\/it\/produkt\/il-mio-piccolo-universo-loop\/#breadcrumb\",\"itemListElement\":[{\"@type\":\"ListItem\",\"position\":1,\"name\":\"Startseite\",\"item\":\"https:\/\/mariblum.de\/it\/\"},{\"@type\":\"ListItem\",\"position\":2,\"name\":\"Shop\",\"item\":\"https:\/\/mariblum.de\/it\/shop\/\"},{\"@type\":\"ListItem\",\"position\":3,\"name\":\"Il mio piccolo universo (Loop)\"}]},{\"@type\":\"WebSite\",\"@id\":\"https:\/\/mariblum.de\/it\/#website\",\"url\":\"https:\/\/mariblum.de\/it\/\",\"name\":\"mariblum Traget\u00fccher\",\"description\":\"il modo naturale di portare il tuo bambino \",\"publisher\":{\"@id\":\"https:\/\/mariblum.de\/it\/#organization\"},\"potentialAction\":[{\"@type\":\"SearchAction\",\"target\":{\"@type\":\"EntryPoint\",\"urlTemplate\":\"https:\/\/mariblum.de\/it\/?s={search_term_string}\"},\"query-input\":{\"@type\":\"PropertyValueSpecification\",\"valueRequired\":true,\"valueName\":\"search_term_string\"}}],\"inLanguage\":\"it-IT\"},{\"@type\":\"Organization\",\"@id\":\"https:\/\/mariblum.de\/it\/#organization\",\"name\":\"mariblum\",\"url\":\"https:\/\/mariblum.de\/it\/\",\"logo\":{\"@type\":\"ImageObject\",\"inLanguage\":\"it-IT\",\"@id\":\"https:\/\/mariblum.de\/it\/#\/schema\/logo\/image\/\",\"url\":\"https:\/\/mariblum.de\/wp-content\/uploads\/2020\/07\/logo_m-500x_transparent.png\",\"contentUrl\":\"https:\/\/mariblum.de\/wp-content\/uploads\/2020\/07\/logo_m-500x_transparent.png\",\"width\":500,\"height\":500,\"caption\":\"mariblum\"},\"image\":{\"@id\":\"https:\/\/mariblum.de\/it\/#\/schema\/logo\/image\/\"},\"sameAs\":[\"https:\/\/www.instagram.com\/_mariblum_\/\"]}]}<\/script>\n<meta property=\"og:availability\" content=\"out of stock\" \/>\n<meta property=\"product:availability\" content=\"out of stock\" \/>\n<meta property=\"product:condition\" content=\"new\" \/>\n<!-- \/ Yoast SEO Premium plugin. -->","yoast_head_json":{"title":"Il mio piccolo universo Loop colorato in canapa - mariblum - Fascia Porta Bebe","description":"Questo bellissimo loop in canapa ha ricevuto da noi il nome \u201eIl mio piccolo universo\u201c. Risplende in tutti i colori che le piante tintorie ci regalano.","robots":{"index":"index","follow":"follow","max-snippet":"max-snippet:-1","max-image-preview":"max-image-preview:large","max-video-preview":"max-video-preview:-1"},"canonical":"https:\/\/mariblum.de\/it\/produkt\/il-mio-piccolo-universo-loop\/","og_locale":"it_IT","og_type":"article","og_title":"Il mio piccolo universo (Loop)","og_description":"Questo bellissimo loop in canapa ha ricevuto da noi il nome \u201eIl mio piccolo universo\u201c. Risplende in tutti i colori che le piante tintorie ci regalano.","og_url":"https:\/\/mariblum.de\/it\/produkt\/il-mio-piccolo-universo-loop\/","og_site_name":"mariblum - Fascia Porta Bebe","article_modified_time":"2025-01-02T09:08:51+00:00","og_image":[{"width":600,"height":800,"url":"https:\/\/mariblum.de\/wp-content\/uploads\/2019\/08\/bunter-loop-mein-kleines-Universum-Puppe-scaled-e1576931195336.jpg","type":"image\/jpeg"}],"twitter_card":"summary_large_image","twitter_misc":{"Disponibilit\u00e0":"Esaurito"},"schema":{"@context":"https:\/\/schema.org","@graph":[{"@type":"WebPage","@id":"https:\/\/mariblum.de\/it\/produkt\/il-mio-piccolo-universo-loop\/","url":"https:\/\/mariblum.de\/it\/produkt\/il-mio-piccolo-universo-loop\/","name":"Il mio piccolo universo Loop colorato in canapa - mariblum - Fascia Porta Bebe","isPartOf":{"@id":"https:\/\/mariblum.de\/it\/#website"},"primaryImageOfPage":{"@id":"https:\/\/mariblum.de\/it\/produkt\/il-mio-piccolo-universo-loop\/#primaryimage"},"image":{"@id":"https:\/\/mariblum.de\/it\/produkt\/il-mio-piccolo-universo-loop\/#primaryimage"},"thumbnailUrl":"https:\/\/mariblum.de\/wp-content\/uploads\/2019\/08\/bunter-loop-mein-kleines-Universum-Puppe-scaled-e1576931195336.jpg","datePublished":"2019-08-28T20:38:46+00:00","dateModified":"2025-01-02T09:08:51+00:00","description":"Questo bellissimo loop in canapa ha ricevuto da noi il nome \u201eIl mio piccolo universo\u201c. Risplende in tutti i colori che le piante tintorie ci regalano.","breadcrumb":{"@id":"https:\/\/mariblum.de\/it\/produkt\/il-mio-piccolo-universo-loop\/#breadcrumb"},"inLanguage":"it-IT","potentialAction":[{"@type":"ReadAction","target":["https:\/\/mariblum.de\/it\/produkt\/il-mio-piccolo-universo-loop\/"]}]},{"@type":"ImageObject","inLanguage":"it-IT","@id":"https:\/\/mariblum.de\/it\/produkt\/il-mio-piccolo-universo-loop\/#primaryimage","url":"https:\/\/mariblum.de\/wp-content\/uploads\/2019\/08\/bunter-loop-mein-kleines-Universum-Puppe-scaled-e1576931195336.jpg","contentUrl":"https:\/\/mariblum.de\/wp-content\/uploads\/2019\/08\/bunter-loop-mein-kleines-Universum-Puppe-scaled-e1576931195336.jpg","width":600,"height":800,"caption":"il-mio-piccolo-universo-loop-in-canapa"},{"@type":"BreadcrumbList","@id":"https:\/\/mariblum.de\/it\/produkt\/il-mio-piccolo-universo-loop\/#breadcrumb","itemListElement":[{"@type":"ListItem","position":1,"name":"Startseite","item":"https:\/\/mariblum.de\/it\/"},{"@type":"ListItem","position":2,"name":"Shop","item":"https:\/\/mariblum.de\/it\/shop\/"},{"@type":"ListItem","position":3,"name":"Il mio piccolo universo (Loop)"}]},{"@type":"WebSite","@id":"https:\/\/mariblum.de\/it\/#website","url":"https:\/\/mariblum.de\/it\/","name":"mariblum Traget\u00fccher","description":"il modo naturale di portare il tuo bambino ","publisher":{"@id":"https:\/\/mariblum.de\/it\/#organization"},"potentialAction":[{"@type":"SearchAction","target":{"@type":"EntryPoint","urlTemplate":"https:\/\/mariblum.de\/it\/?s={search_term_string}"},"query-input":{"@type":"PropertyValueSpecification","valueRequired":true,"valueName":"search_term_string"}}],"inLanguage":"it-IT"},{"@type":"Organization","@id":"https:\/\/mariblum.de\/it\/#organization","name":"mariblum","url":"https:\/\/mariblum.de\/it\/","logo":{"@type":"ImageObject","inLanguage":"it-IT","@id":"https:\/\/mariblum.de\/it\/#\/schema\/logo\/image\/","url":"https:\/\/mariblum.de\/wp-content\/uploads\/2020\/07\/logo_m-500x_transparent.png","contentUrl":"https:\/\/mariblum.de\/wp-content\/uploads\/2020\/07\/logo_m-500x_transparent.png","width":500,"height":500,"caption":"mariblum"},"image":{"@id":"https:\/\/mariblum.de\/it\/#\/schema\/logo\/image\/"},"sameAs":["https:\/\/www.instagram.com\/_mariblum_\/"]}]},"og_availability":"out of stock","product_availability":"out of stock","product_condition":"new"},"_links":{"self":[{"href":"https:\/\/mariblum.de\/it\/wp-json\/wp\/v2\/product\/7239","targetHints":{"allow":["GET"]}}],"collection":[{"href":"https:\/\/mariblum.de\/it\/wp-json\/wp\/v2\/product"}],"about":[{"href":"https:\/\/mariblum.de\/it\/wp-json\/wp\/v2\/types\/product"}],"wp:featuredmedia":[{"embeddable":true,"href":"https:\/\/mariblum.de\/it\/wp-json\/wp\/v2\/media\/7240"}],"wp:attachment":[{"href":"https:\/\/mariblum.de\/it\/wp-json\/wp\/v2\/media?parent=7239"}],"wp:term":[{"taxonomy":"product_brand","embeddable":true,"href":"https:\/\/mariblum.de\/it\/wp-json\/wp\/v2\/product_brand?post=7239"},{"taxonomy":"product_cat","embeddable":true,"href":"https:\/\/mariblum.de\/it\/wp-json\/wp\/v2\/product_cat?post=7239"},{"taxonomy":"product_tag","embeddable":true,"href":"https:\/\/mariblum.de\/it\/wp-json\/wp\/v2\/product_tag?post=7239"}],"curies":[{"name":"wp","href":"https:\/\/api.w.org\/{rel}","templated":true}]}}