{"id":7053,"date":"2019-10-23T13:36:20","date_gmt":"2019-10-23T13:36:20","guid":{"rendered":"https:\/\/mariblum.de\/produkt\/aurora-fascia-porta-bebe-in-lino\/"},"modified":"2025-01-03T06:57:29","modified_gmt":"2025-01-03T06:57:29","slug":"aurora-fascia-porta-bebe-in-lino","status":"publish","type":"product","link":"https:\/\/mariblum.de\/it\/produkt\/aurora-fascia-porta-bebe-in-lino\/","title":{"rendered":"Aurora &#8211; Imbragature in lino"},"content":{"rendered":"<h3>Aurora fascia porta beb\u00e9 in lino<\/h3>\n<p style=\"text-align: justify;\">Questa bellissima fascia di lino proveniente da agricoltura biologica controllata, ha ricevuto da noi il nome \u201eAurora\u201c. <span style=\"font-family: Arial, serif;\">Facendo spaziare lo sguardo sul telo disteso si ricorda l&#8217;albeggiare della prima mattina. Il rosa tenue ha l&#8217;effetto come i primi raggi solari che si sollevano sull&#8217;orizzonte. Purtroppo questo momento svanisce in fretta. Per questo abbiamo fatto del nostro meglio per fissarlo su questa fascia. Abbiamo ottenuto una fascia porta beb\u00e8 rosa, molto bella e semplice. Adoriamo il risultato.<\/span><\/p>\n<p style=\"text-align: justify;\">Tutte le nostre fasce sono leggere e molto stabili. Cos\u00ec \u00e8 semplice metterli in tensione. Si adattano perfettamente a te e al tuo beb\u00e8, quasi come una seconda pelle. La tua fascia di lino \u00e8 gi\u00e0 piacevolmente morbida, ma legandola e utilizzandola diventa ancora pi\u00f9 soffice. Dato che il <a href=\"https:\/\/mariblum.de\/it\/lino-vantaggi-dei-fascia-o-dei-marsupi-ad-anello\/\">lino<\/a> \u00e8 una fibra vegetale forte la nostra fascia mantiene il suo comfort in modo durevole (<a href=\"#\">scopri di pi\u00f9 sul lino<\/a>). Questa fascia porta beb\u00e8 in lino ti accompagna quindi meravigliosamente anche su tragitti lunghi.<\/p>\n<h5>Avvisi:<\/h5>\n<p style=\"text-align: justify;\">La fascia porta beb\u00e8 in lino \u00e8 relativamente sottile, gi\u00e0 molto morbida e molto stabile. Cos\u00ec si pu\u00f2 facilmente mettere in tensione e si adatta a te e al tuo beb\u00e8. Il lino proviene da agricoltura biologica certificata.<\/p>\n<p style=\"text-align: justify;\">I nostri pacchi e materiali per la spedizione provengono da <a href=\"https:\/\/www.biobiene.com\/umweltsiegel\/index?id=5fdbd693288bd1c5739e0c3353817b47\"><span style=\"font-family: Arial, serif;\">BioBiene<\/span><\/a>. Si tratta di un produttore di materiali d&#8217;imballaggio biologici che mette a nostra disposizione materiali 100% privi di plastica.<\/p>\n<p><a href=\"https:\/\/www.biobiene.com\/umweltsiegel\/index?id=5fdbd693288bd1c5739e0c3353817b47\" target=\"_blank\" rel=\"noopener noreferrer\"><img decoding=\"async\" class=\"aligncenter\" style=\"width: 170px; height: auto; image-rendering: -webkit-optimize-contrast;\" src=\"https:\/\/www.biobiene.com\/custom\/plugins\/SpnoBioSeal\/Images\/CustomerSeals\/5fdbd693288bd1c5739e0c3353817b47.png\" \/><\/a><\/p>\n<div><\/div>\n<h5>Istruzioni per la cura:<\/h5>\n<p style=\"text-align: justify;\">I tessili in lino amano l&#8217;acqua. Farai quindi bene a mettere i tessuti in lino in acqua fredda di tanto in tanto. Dopo potrai stirarli, quando sono ancora leggermente umidi, con il ferro da stiro a vapore. Non gradiscono il calore asciutto, quindi per favore non metterli nell&#8217;asciugatrice.<\/p>\n<div><center><img loading=\"lazy\" decoding=\"async\" class=\"alignnone wp-image-8866 size-medium\" src=\"https:\/\/mariblum.de\/wp-content\/uploads\/2019\/10\/pflegehinweise-textilien-300x66.png\" alt=\"pflegehinweise-textilien\" width=\"300\" height=\"66\" srcset=\"https:\/\/mariblum.de\/wp-content\/uploads\/2019\/10\/pflegehinweise-textilien-300x66.png 300w, https:\/\/mariblum.de\/wp-content\/uploads\/2019\/10\/pflegehinweise-textilien-510x111.png 510w, https:\/\/mariblum.de\/wp-content\/uploads\/2019\/10\/pflegehinweise-textilien.png 549w\" sizes=\"auto, (max-width: 300px) 100vw, 300px\" \/><\/center><\/div>\n","protected":false},"excerpt":{"rendered":"<p align=\"justify\">Il rosa tenue \u00e8 sinonimo di pace interiore, serenit\u00e0 e benessere, cordialit\u00e0 e gentilezza. Ecco la nostra <strong>Aurora<\/strong>.<\/p>\n<ul>\n<li>100% lino (coltivata in modo biologico), delicata per la pelle di voi e del vostro bambino.<\/li>\n<li>colore derivato dalle piante &#8211; tinta per la pelle del bambino senza sostanze chimiche industriali<\/li>\n<li>puro prodotto vegano senza sofferenze animali<\/li>\n<li>leggero e confortevole per tutto il tempo in cui viene indossato, con un peso base di soli 225g\/m\u00b2.\n<\/li>\n<li>72 cm di larghezza con estremit\u00e0 diritte<\/li>\n<\/ul>\n","protected":false},"featured_media":7054,"template":"","meta":[],"product_brand":[],"product_cat":[1443,2430],"product_tag":[855,857,856,881],"class_list":{"0":"post-7053","1":"product","2":"type-product","3":"status-publish","4":"has-post-thumbnail","6":"product_cat-fascia-porta-bebe-in-lino-imbragature","7":"product_cat-tessuti-di-lini","8":"product_tag-biologica","9":"product_tag-fascia-porta-bebe","10":"product_tag-lino","11":"product_tag-rosa-it","13":"first","14":"instock","15":"featured","16":"purchasable","17":"product-type-variable"},"yoast_head":"<!-- This site is optimized with the Yoast SEO Premium plugin v23.3 (Yoast SEO v27.2) - https:\/\/yoast.com\/product\/yoast-seo-premium-wordpress\/ -->\n<title>Aurora fascia porta beb\u00e9 in lino | mariblum - porta beb\u00e8<\/title>\n<meta name=\"description\" content=\"Questa bellissima fascia di lino proveniente da agricoltura biologica controllata, ha ricevuto da noi il nome \u201eAurora\u201c. Il rosa tenue ha l&#039;effetto come i primi raggi solari che si sollevano sull&#039;orizzonte.\" \/>\n<meta name=\"robots\" content=\"index, follow, max-snippet:-1, max-image-preview:large, max-video-preview:-1\" \/>\n<link rel=\"canonical\" href=\"https:\/\/mariblum.de\/it\/produkt\/aurora-fascia-porta-bebe-in-lino\/\" \/>\n<meta property=\"og:locale\" content=\"it_IT\" \/>\n<meta property=\"og:type\" content=\"article\" \/>\n<meta property=\"og:title\" content=\"Aurora - Imbragature in lino\" \/>\n<meta property=\"og:description\" content=\"Questa bellissima fascia di lino proveniente da agricoltura biologica controllata, ha ricevuto da noi il nome \u201eAurora\u201c. Il rosa tenue ha l&#039;effetto come i primi raggi solari che si sollevano sull&#039;orizzonte.\" \/>\n<meta property=\"og:url\" content=\"https:\/\/mariblum.de\/it\/produkt\/aurora-fascia-porta-bebe-in-lino\/\" \/>\n<meta property=\"og:site_name\" content=\"mariblum - Fascia Porta Bebe\" \/>\n<meta property=\"article:modified_time\" content=\"2025-01-03T06:57:29+00:00\" \/>\n<meta property=\"og:image\" content=\"https:\/\/mariblum.de\/wp-content\/uploads\/2019\/10\/morgenroete-ring-sling-aus-leinen-gebunden.png\" \/>\n\t<meta property=\"og:image:width\" content=\"533\" \/>\n\t<meta property=\"og:image:height\" content=\"800\" \/>\n\t<meta property=\"og:image:type\" content=\"image\/png\" \/>\n<meta name=\"twitter:card\" content=\"summary_large_image\" \/>\n<meta name=\"twitter:label1\" content=\"Disponibilit\u00e0\" \/>\n\t<meta name=\"twitter:data1\" content=\"In stock\" \/>\n<script type=\"application\/ld+json\" class=\"yoast-schema-graph\">{\"@context\":\"https:\/\/schema.org\",\"@graph\":[{\"@type\":\"WebPage\",\"@id\":\"https:\/\/mariblum.de\/it\/produkt\/aurora-fascia-porta-bebe-in-lino\/\",\"url\":\"https:\/\/mariblum.de\/it\/produkt\/aurora-fascia-porta-bebe-in-lino\/\",\"name\":\"Aurora fascia porta beb\u00e9 in lino | mariblum - porta beb\u00e8\",\"isPartOf\":{\"@id\":\"https:\/\/mariblum.de\/it\/#website\"},\"primaryImageOfPage\":{\"@id\":\"https:\/\/mariblum.de\/it\/produkt\/aurora-fascia-porta-bebe-in-lino\/#primaryimage\"},\"image\":{\"@id\":\"https:\/\/mariblum.de\/it\/produkt\/aurora-fascia-porta-bebe-in-lino\/#primaryimage\"},\"thumbnailUrl\":\"https:\/\/mariblum.de\/wp-content\/uploads\/2019\/10\/leinen-tragetuch-rosa-nah-scaled-e1576526928588.jpg\",\"datePublished\":\"2019-10-23T13:36:20+00:00\",\"dateModified\":\"2025-01-03T06:57:29+00:00\",\"description\":\"Questa bellissima fascia di lino proveniente da agricoltura biologica controllata, ha ricevuto da noi il nome \u201eAurora\u201c. Il rosa tenue ha l'effetto come i primi raggi solari che si sollevano sull'orizzonte.\",\"breadcrumb\":{\"@id\":\"https:\/\/mariblum.de\/it\/produkt\/aurora-fascia-porta-bebe-in-lino\/#breadcrumb\"},\"inLanguage\":\"it-IT\",\"potentialAction\":[{\"@type\":\"ReadAction\",\"target\":[\"https:\/\/mariblum.de\/it\/produkt\/aurora-fascia-porta-bebe-in-lino\/\"]}]},{\"@type\":\"ImageObject\",\"inLanguage\":\"it-IT\",\"@id\":\"https:\/\/mariblum.de\/it\/produkt\/aurora-fascia-porta-bebe-in-lino\/#primaryimage\",\"url\":\"https:\/\/mariblum.de\/wp-content\/uploads\/2019\/10\/leinen-tragetuch-rosa-nah-scaled-e1576526928588.jpg\",\"contentUrl\":\"https:\/\/mariblum.de\/wp-content\/uploads\/2019\/10\/leinen-tragetuch-rosa-nah-scaled-e1576526928588.jpg\",\"width\":600,\"height\":800,\"caption\":\"lino porta beb\u00e8\"},{\"@type\":\"BreadcrumbList\",\"@id\":\"https:\/\/mariblum.de\/it\/produkt\/aurora-fascia-porta-bebe-in-lino\/#breadcrumb\",\"itemListElement\":[{\"@type\":\"ListItem\",\"position\":1,\"name\":\"Startseite\",\"item\":\"https:\/\/mariblum.de\/it\/\"},{\"@type\":\"ListItem\",\"position\":2,\"name\":\"Shop\",\"item\":\"https:\/\/mariblum.de\/it\/shop\/\"},{\"@type\":\"ListItem\",\"position\":3,\"name\":\"Aurora &#8211; Imbragature in lino\"}]},{\"@type\":\"WebSite\",\"@id\":\"https:\/\/mariblum.de\/it\/#website\",\"url\":\"https:\/\/mariblum.de\/it\/\",\"name\":\"mariblum Traget\u00fccher\",\"description\":\"il modo naturale di portare il tuo bambino \",\"publisher\":{\"@id\":\"https:\/\/mariblum.de\/it\/#organization\"},\"potentialAction\":[{\"@type\":\"SearchAction\",\"target\":{\"@type\":\"EntryPoint\",\"urlTemplate\":\"https:\/\/mariblum.de\/it\/?s={search_term_string}\"},\"query-input\":{\"@type\":\"PropertyValueSpecification\",\"valueRequired\":true,\"valueName\":\"search_term_string\"}}],\"inLanguage\":\"it-IT\"},{\"@type\":\"Organization\",\"@id\":\"https:\/\/mariblum.de\/it\/#organization\",\"name\":\"mariblum\",\"url\":\"https:\/\/mariblum.de\/it\/\",\"logo\":{\"@type\":\"ImageObject\",\"inLanguage\":\"it-IT\",\"@id\":\"https:\/\/mariblum.de\/it\/#\/schema\/logo\/image\/\",\"url\":\"https:\/\/mariblum.de\/wp-content\/uploads\/2020\/07\/logo_m-500x_transparent.png\",\"contentUrl\":\"https:\/\/mariblum.de\/wp-content\/uploads\/2020\/07\/logo_m-500x_transparent.png\",\"width\":500,\"height\":500,\"caption\":\"mariblum\"},\"image\":{\"@id\":\"https:\/\/mariblum.de\/it\/#\/schema\/logo\/image\/\"},\"sameAs\":[\"https:\/\/www.instagram.com\/_mariblum_\/\"]}]}<\/script>\n<meta property=\"og:availability\" content=\"instock\" \/>\n<meta property=\"product:availability\" content=\"instock\" \/>\n<meta property=\"product:condition\" content=\"new\" \/>\n<!-- \/ Yoast SEO Premium plugin. -->","yoast_head_json":{"title":"Aurora fascia porta beb\u00e9 in lino | mariblum - porta beb\u00e8","description":"Questa bellissima fascia di lino proveniente da agricoltura biologica controllata, ha ricevuto da noi il nome \u201eAurora\u201c. Il rosa tenue ha l'effetto come i primi raggi solari che si sollevano sull'orizzonte.","robots":{"index":"index","follow":"follow","max-snippet":"max-snippet:-1","max-image-preview":"max-image-preview:large","max-video-preview":"max-video-preview:-1"},"canonical":"https:\/\/mariblum.de\/it\/produkt\/aurora-fascia-porta-bebe-in-lino\/","og_locale":"it_IT","og_type":"article","og_title":"Aurora - Imbragature in lino","og_description":"Questa bellissima fascia di lino proveniente da agricoltura biologica controllata, ha ricevuto da noi il nome \u201eAurora\u201c. Il rosa tenue ha l'effetto come i primi raggi solari che si sollevano sull'orizzonte.","og_url":"https:\/\/mariblum.de\/it\/produkt\/aurora-fascia-porta-bebe-in-lino\/","og_site_name":"mariblum - Fascia Porta Bebe","article_modified_time":"2025-01-03T06:57:29+00:00","og_image":[{"width":533,"height":800,"url":"https:\/\/mariblum.de\/wp-content\/uploads\/2019\/10\/morgenroete-ring-sling-aus-leinen-gebunden.png","type":"image\/png"}],"twitter_card":"summary_large_image","twitter_misc":{"Disponibilit\u00e0":"In stock"},"schema":{"@context":"https:\/\/schema.org","@graph":[{"@type":"WebPage","@id":"https:\/\/mariblum.de\/it\/produkt\/aurora-fascia-porta-bebe-in-lino\/","url":"https:\/\/mariblum.de\/it\/produkt\/aurora-fascia-porta-bebe-in-lino\/","name":"Aurora fascia porta beb\u00e9 in lino | mariblum - porta beb\u00e8","isPartOf":{"@id":"https:\/\/mariblum.de\/it\/#website"},"primaryImageOfPage":{"@id":"https:\/\/mariblum.de\/it\/produkt\/aurora-fascia-porta-bebe-in-lino\/#primaryimage"},"image":{"@id":"https:\/\/mariblum.de\/it\/produkt\/aurora-fascia-porta-bebe-in-lino\/#primaryimage"},"thumbnailUrl":"https:\/\/mariblum.de\/wp-content\/uploads\/2019\/10\/leinen-tragetuch-rosa-nah-scaled-e1576526928588.jpg","datePublished":"2019-10-23T13:36:20+00:00","dateModified":"2025-01-03T06:57:29+00:00","description":"Questa bellissima fascia di lino proveniente da agricoltura biologica controllata, ha ricevuto da noi il nome \u201eAurora\u201c. Il rosa tenue ha l'effetto come i primi raggi solari che si sollevano sull'orizzonte.","breadcrumb":{"@id":"https:\/\/mariblum.de\/it\/produkt\/aurora-fascia-porta-bebe-in-lino\/#breadcrumb"},"inLanguage":"it-IT","potentialAction":[{"@type":"ReadAction","target":["https:\/\/mariblum.de\/it\/produkt\/aurora-fascia-porta-bebe-in-lino\/"]}]},{"@type":"ImageObject","inLanguage":"it-IT","@id":"https:\/\/mariblum.de\/it\/produkt\/aurora-fascia-porta-bebe-in-lino\/#primaryimage","url":"https:\/\/mariblum.de\/wp-content\/uploads\/2019\/10\/leinen-tragetuch-rosa-nah-scaled-e1576526928588.jpg","contentUrl":"https:\/\/mariblum.de\/wp-content\/uploads\/2019\/10\/leinen-tragetuch-rosa-nah-scaled-e1576526928588.jpg","width":600,"height":800,"caption":"lino porta beb\u00e8"},{"@type":"BreadcrumbList","@id":"https:\/\/mariblum.de\/it\/produkt\/aurora-fascia-porta-bebe-in-lino\/#breadcrumb","itemListElement":[{"@type":"ListItem","position":1,"name":"Startseite","item":"https:\/\/mariblum.de\/it\/"},{"@type":"ListItem","position":2,"name":"Shop","item":"https:\/\/mariblum.de\/it\/shop\/"},{"@type":"ListItem","position":3,"name":"Aurora &#8211; Imbragature in lino"}]},{"@type":"WebSite","@id":"https:\/\/mariblum.de\/it\/#website","url":"https:\/\/mariblum.de\/it\/","name":"mariblum Traget\u00fccher","description":"il modo naturale di portare il tuo bambino ","publisher":{"@id":"https:\/\/mariblum.de\/it\/#organization"},"potentialAction":[{"@type":"SearchAction","target":{"@type":"EntryPoint","urlTemplate":"https:\/\/mariblum.de\/it\/?s={search_term_string}"},"query-input":{"@type":"PropertyValueSpecification","valueRequired":true,"valueName":"search_term_string"}}],"inLanguage":"it-IT"},{"@type":"Organization","@id":"https:\/\/mariblum.de\/it\/#organization","name":"mariblum","url":"https:\/\/mariblum.de\/it\/","logo":{"@type":"ImageObject","inLanguage":"it-IT","@id":"https:\/\/mariblum.de\/it\/#\/schema\/logo\/image\/","url":"https:\/\/mariblum.de\/wp-content\/uploads\/2020\/07\/logo_m-500x_transparent.png","contentUrl":"https:\/\/mariblum.de\/wp-content\/uploads\/2020\/07\/logo_m-500x_transparent.png","width":500,"height":500,"caption":"mariblum"},"image":{"@id":"https:\/\/mariblum.de\/it\/#\/schema\/logo\/image\/"},"sameAs":["https:\/\/www.instagram.com\/_mariblum_\/"]}]},"og_availability":"instock","product_availability":"instock","product_condition":"new"},"_links":{"self":[{"href":"https:\/\/mariblum.de\/it\/wp-json\/wp\/v2\/product\/7053","targetHints":{"allow":["GET"]}}],"collection":[{"href":"https:\/\/mariblum.de\/it\/wp-json\/wp\/v2\/product"}],"about":[{"href":"https:\/\/mariblum.de\/it\/wp-json\/wp\/v2\/types\/product"}],"wp:featuredmedia":[{"embeddable":true,"href":"https:\/\/mariblum.de\/it\/wp-json\/wp\/v2\/media\/7054"}],"wp:attachment":[{"href":"https:\/\/mariblum.de\/it\/wp-json\/wp\/v2\/media?parent=7053"}],"wp:term":[{"taxonomy":"product_brand","embeddable":true,"href":"https:\/\/mariblum.de\/it\/wp-json\/wp\/v2\/product_brand?post=7053"},{"taxonomy":"product_cat","embeddable":true,"href":"https:\/\/mariblum.de\/it\/wp-json\/wp\/v2\/product_cat?post=7053"},{"taxonomy":"product_tag","embeddable":true,"href":"https:\/\/mariblum.de\/it\/wp-json\/wp\/v2\/product_tag?post=7053"}],"curies":[{"name":"wp","href":"https:\/\/api.w.org\/{rel}","templated":true}]}}