{"id":14539,"date":"2023-02-25T14:48:47","date_gmt":"2023-02-25T14:48:47","guid":{"rendered":"https:\/\/mariblum.de\/?post_type=product&#038;p=14539"},"modified":"2025-04-05T15:31:54","modified_gmt":"2025-04-05T15:31:54","slug":"elephant-imbragature-blu","status":"publish","type":"product","link":"https:\/\/mariblum.de\/it\/produkt\/elephant-imbragature-blu\/","title":{"rendered":"Elephant &#8211; Imbragature"},"content":{"rendered":"<h3>Elephant &#8211; Fascia porta beb\u00e8 in cotone<\/h3>\n<p style=\"text-align: justify;\">La nostra prima <a href=\"https:\/\/mariblum.de\/it\/tessitura-jacquard-per-mariblum-fascia-porta-bebe\/\">fascia per bambini in cotone jacquard<\/a> doveva essere qualcosa di molto speciale &#8211; e lo \u00e8! \u00c8 fatta al 100% di cotone di alta qualit\u00e0 ed \u00e8 stata tessuta e cucita in Germania.<\/p>\n<p>&nbsp;<\/p>\n<p><center><img loading=\"lazy\" decoding=\"async\" class=\"aligncenter wp-image-11921 size-full\" src=\"https:\/\/mariblum.de\/wp-content\/uploads\/2022\/03\/Elefanten-final-totale-1.jpg\" alt=\"Elefanten-tragetuch-final-totale\" width=\"1000\" height=\"147\" srcset=\"https:\/\/mariblum.de\/wp-content\/uploads\/2022\/03\/Elefanten-final-totale-1.jpg 1000w, https:\/\/mariblum.de\/wp-content\/uploads\/2022\/03\/Elefanten-final-totale-1-510x75.jpg 510w, https:\/\/mariblum.de\/wp-content\/uploads\/2022\/03\/Elefanten-final-totale-1-300x44.jpg 300w, https:\/\/mariblum.de\/wp-content\/uploads\/2022\/03\/Elefanten-final-totale-1-768x113.jpg 768w\" sizes=\"auto, (max-width: 1000px) 100vw, 1000px\" \/><\/center><\/p>\n<p style=\"text-align: justify;\">Ogni singola taglia di fionda \u00e8 unica. Le misure non sono state create nella sala da cucito, ma gi\u00e0 sul telaio. Normalmente, il tessuto per le imbragature jacquard \u00e8 un modello senza fine, che viene semplicemente tagliato alla misura finale e cucito insieme.<\/p>\n<p>&nbsp;<\/p>\n<p><center><img loading=\"lazy\" decoding=\"async\" class=\"wp-image-11913 size-medium aligncenter\" src=\"https:\/\/mariblum.de\/wp-content\/uploads\/2022\/03\/gruen-weiss-tragetuch-aus-baumwolle-baby-richtig-tragen-elefantengeschwister-muster-300x200.jpg\" alt=\"gr\u00fcn-wei\u00df-tragetuch-aus-baumwolle-baby-richtig-tragen-elefantengeschwister-muster\" width=\"300\" height=\"200\" srcset=\"https:\/\/mariblum.de\/wp-content\/uploads\/2022\/03\/gruen-weiss-tragetuch-aus-baumwolle-baby-richtig-tragen-elefantengeschwister-muster-300x200.jpg 300w, https:\/\/mariblum.de\/wp-content\/uploads\/2022\/03\/gruen-weiss-tragetuch-aus-baumwolle-baby-richtig-tragen-elefantengeschwister-muster-510x340.jpg 510w, https:\/\/mariblum.de\/wp-content\/uploads\/2022\/03\/gruen-weiss-tragetuch-aus-baumwolle-baby-richtig-tragen-elefantengeschwister-muster.jpg 600w\" sizes=\"auto, (max-width: 300px) 100vw, 300px\" \/><\/center>&nbsp;<\/p>\n<h5><\/h5>\n<h5>Avvisi:<\/h5>\n<p style=\"text-align: justify;\">Nel caso della nostra fionda con elefante in cotone, ogni misura individuale \u00e8 gi\u00e0 stata creata durante il processo di tessitura, in modo che due grandi teste di elefante possano adornare le estremit\u00e0. Questo rende ogni vostra variante di trasporto legato un highlight assoluto. Il centro della fionda \u00e8 decorato con il fiore di mariblum. Anche questo non \u00e8 cucito, ma tessuto come un motivo jacquard.<\/p>\n<p style=\"text-align: justify;\">\u00c8 stato subito deciso che gli elefanti sarebbero stati il nostro motivo. Sono uno dei nostri animali preferiti. Sapevate che gli elefanti vivono in una famiglia come gli uomini e sono animali molto sociali? Crescono i loro figli insieme e si sostengono a vicenda se ci sono problemi.<\/p>\n<p>&nbsp;<\/p>\n<p><center><img loading=\"lazy\" decoding=\"async\" class=\"wp-image-11906 size-medium aligncenter\" src=\"https:\/\/mariblum.de\/wp-content\/uploads\/2022\/03\/tragetuch-aus-baumwolle-elefanten-kopf-gross-200x300.jpg\" alt=\"tragetuch-aus-baumwolle-elefanten-kopf-gro\u00df\" width=\"200\" height=\"300\" srcset=\"https:\/\/mariblum.de\/wp-content\/uploads\/2022\/03\/tragetuch-aus-baumwolle-elefanten-kopf-gross-200x300.jpg 200w, https:\/\/mariblum.de\/wp-content\/uploads\/2022\/03\/tragetuch-aus-baumwolle-elefanten-kopf-gross.jpg 400w\" sizes=\"auto, (max-width: 200px) 100vw, 200px\" \/><\/center>&nbsp;<\/p>\n<p style=\"text-align: justify;\">Diamo molta importanza alla sostenibilit\u00e0 e quindi, naturalmente, la produzione regionale con brevi percorsi di trasporto \u00e8 anche molto importante per noi. Inoltre, questa tessitura potrebbe garantirci un prodotto di altissima qualit\u00e0. Lo si pu\u00f2 sentire e vedere immediatamente. Grazie alla tessitura, l&#8217;imbragatura non tende a tirare i fili e sostiene perfettamente quando si porta il bambino. Nonostante l&#8217;alta densit\u00e0 di tessitura, la fascia per bambini jacquard \u00e8 meravigliosamente morbida e meravigliosamente coccolosa.<\/p>\n<p style=\"text-align: justify;\">I nostri imballaggi e materiali di spedizione provengono da <a href=\"http:\/\/www.biobiene.com\/\" target=\"_blank\" rel=\"noopener noreferrer\">BioBiene<\/a>. Si tratta di un produttore di materiale di imballaggio organico che ci fornisce alternative di imballaggio al 100% senza plastica.<\/p>\n<p><center><a href=\"https:\/\/www.biobiene.com\/umweltsiegel\/index?id=5fdbd693288bd1c5739e0c3353817b47\" target=\"_blank\" rel=\"noopener noreferrer\"><img decoding=\"async\" class=\"aligncenter\" style=\"width: 170px; height: auto; image-rendering: -webkit-optimize-contrast;\" src=\"https:\/\/www.biobiene.com\/custom\/plugins\/SpnoBioSeal\/Images\/CustomerSeals\/5fdbd693288bd1c5739e0c3353817b47.png\" \/><\/a><\/center><\/p>\n<h5><\/h5>\n<h5>Istruzioni per la cura:<\/h5>\n<div>\n<p style=\"text-align: justify;\">Affinch\u00e9 possiate godere a lungo della vostra imbragatura in cotone mariblum, vi preghiamo di lavarla solo a 40\u00b0C e di non candeggiarla. Non usare l&#8217;asciugatrice! Puoi stirarla, ma solo fino a una temperatura massima di 150\u00b0C (ti consigliamo un&#8217;impostazione pi\u00f9 bassa). Si prega di non lavare a secco!<\/p>\n<\/div>\n<div><\/div>\n<div><\/div>\n<div><center><img loading=\"lazy\" decoding=\"async\" class=\"alignnone wp-image-11857 size-medium\" src=\"https:\/\/mariblum.de\/wp-content\/uploads\/2022\/03\/pflege-elefanten-tragetuch-aus-baumwolle-300x48.jpg\" alt=\"pflegehinweise-tragetuch-aus-baumwolle-elefanten\" width=\"300\" height=\"48\" srcset=\"https:\/\/mariblum.de\/wp-content\/uploads\/2022\/03\/pflege-elefanten-tragetuch-aus-baumwolle-300x48.jpg 300w, https:\/\/mariblum.de\/wp-content\/uploads\/2022\/03\/pflege-elefanten-tragetuch-aus-baumwolle.jpg 341w\" sizes=\"auto, (max-width: 300px) 100vw, 300px\" \/><\/center><\/div>\n<p>&nbsp;<\/p>\n","protected":false},"excerpt":{"rendered":"<p>Elephant &#8211; Fascia porta beb\u00e8 in cotone La nostra prima fascia per bambini in cotone jacquard doveva essere qualcosa di molto speciale &#8211; e lo \u00e8! \u00c8 fatta al 100% di cotone di alta qualit\u00e0 ed \u00e8 stata tessuta e cucita in Germania. &nbsp; Ogni singola taglia di fionda \u00e8 unica. Le misure non sono [&#8230;]\n","protected":false},"featured_media":14574,"template":"","meta":[],"product_brand":[],"product_cat":[1671,2434],"product_tag":[878,1951,1538,1678,857],"class_list":{"0":"post-14539","1":"product","2":"type-product","3":"status-publish","4":"has-post-thumbnail","6":"product_cat-fascia-porta-bebe-in-cotone-imbragature","7":"product_cat-tessuti-di-cotone","8":"product_tag-azzurro","9":"product_tag-blanc-it","10":"product_tag-cotone","11":"product_tag-elephant-it","12":"product_tag-fascia-porta-bebe","14":"first","15":"instock","16":"sale","17":"featured","18":"purchasable","19":"product-type-variable","20":"has-default-attributes"},"yoast_head":"<!-- This site is optimized with the Yoast SEO Premium plugin v23.3 (Yoast SEO v27.2) - https:\/\/yoast.com\/product\/yoast-seo-premium-wordpress\/ -->\n<title>Elephant - Imbragature in cotone - mariblum - Fascia Porta Bebe<\/title>\n<meta name=\"description\" content=\"L&#039;imbragatura in cotone jacquard \u00e8 qualcosa di molto speciale. \u00c8 fatta di cotone di alta qualit\u00e0 ed \u00e8 stata tessuta in Germania.\" \/>\n<meta name=\"robots\" content=\"index, follow, max-snippet:-1, max-image-preview:large, max-video-preview:-1\" \/>\n<link rel=\"canonical\" href=\"https:\/\/mariblum.de\/it\/produkt\/elephant-imbragature-blu\/\" \/>\n<meta property=\"og:locale\" content=\"it_IT\" \/>\n<meta property=\"og:type\" content=\"article\" \/>\n<meta property=\"og:title\" content=\"Elephant - Imbragature\" \/>\n<meta property=\"og:description\" content=\"L&#039;imbragatura in cotone jacquard \u00e8 qualcosa di molto speciale. \u00c8 fatta di cotone di alta qualit\u00e0 ed \u00e8 stata tessuta in Germania.\" \/>\n<meta property=\"og:url\" content=\"https:\/\/mariblum.de\/it\/produkt\/elephant-imbragature-blu\/\" \/>\n<meta property=\"og:site_name\" content=\"mariblum - Fascia Porta Bebe\" \/>\n<meta property=\"article:modified_time\" content=\"2025-04-05T15:31:54+00:00\" \/>\n<meta property=\"og:image\" content=\"https:\/\/mariblum.de\/wp-content\/uploads\/2023\/02\/tragetuch-aus-baumwolle-elefanten-motiv.jpg\" \/>\n\t<meta property=\"og:image:width\" content=\"533\" \/>\n\t<meta property=\"og:image:height\" content=\"800\" \/>\n\t<meta property=\"og:image:type\" content=\"image\/jpeg\" \/>\n<meta name=\"twitter:card\" content=\"summary_large_image\" \/>\n<meta name=\"twitter:label1\" content=\"Disponibilit\u00e0\" \/>\n\t<meta name=\"twitter:data1\" content=\"In stock\" \/>\n<script type=\"application\/ld+json\" class=\"yoast-schema-graph\">{\"@context\":\"https:\/\/schema.org\",\"@graph\":[{\"@type\":\"WebPage\",\"@id\":\"https:\/\/mariblum.de\/it\/produkt\/elephant-imbragature-blu\/\",\"url\":\"https:\/\/mariblum.de\/it\/produkt\/elephant-imbragature-blu\/\",\"name\":\"Elephant - Imbragature in cotone - mariblum - Fascia Porta Bebe\",\"isPartOf\":{\"@id\":\"https:\/\/mariblum.de\/it\/#website\"},\"primaryImageOfPage\":{\"@id\":\"https:\/\/mariblum.de\/it\/produkt\/elephant-imbragature-blu\/#primaryimage\"},\"image\":{\"@id\":\"https:\/\/mariblum.de\/it\/produkt\/elephant-imbragature-blu\/#primaryimage\"},\"thumbnailUrl\":\"https:\/\/mariblum.de\/wp-content\/uploads\/2023\/02\/tragetuch-aus-baumwolle-elefanten-motiv.jpg\",\"datePublished\":\"2023-02-25T14:48:47+00:00\",\"dateModified\":\"2025-04-05T15:31:54+00:00\",\"description\":\"L'imbragatura in cotone jacquard \u00e8 qualcosa di molto speciale. \u00c8 fatta di cotone di alta qualit\u00e0 ed \u00e8 stata tessuta in Germania.\",\"breadcrumb\":{\"@id\":\"https:\/\/mariblum.de\/it\/produkt\/elephant-imbragature-blu\/#breadcrumb\"},\"inLanguage\":\"it-IT\",\"potentialAction\":[{\"@type\":\"ReadAction\",\"target\":[\"https:\/\/mariblum.de\/it\/produkt\/elephant-imbragature-blu\/\"]}]},{\"@type\":\"ImageObject\",\"inLanguage\":\"it-IT\",\"@id\":\"https:\/\/mariblum.de\/it\/produkt\/elephant-imbragature-blu\/#primaryimage\",\"url\":\"https:\/\/mariblum.de\/wp-content\/uploads\/2023\/02\/tragetuch-aus-baumwolle-elefanten-motiv.jpg\",\"contentUrl\":\"https:\/\/mariblum.de\/wp-content\/uploads\/2023\/02\/tragetuch-aus-baumwolle-elefanten-motiv.jpg\",\"width\":533,\"height\":800,\"caption\":\"tragetuch-aus-baumwolle-elefanten-motiv\"},{\"@type\":\"BreadcrumbList\",\"@id\":\"https:\/\/mariblum.de\/it\/produkt\/elephant-imbragature-blu\/#breadcrumb\",\"itemListElement\":[{\"@type\":\"ListItem\",\"position\":1,\"name\":\"Startseite\",\"item\":\"https:\/\/mariblum.de\/it\/\"},{\"@type\":\"ListItem\",\"position\":2,\"name\":\"Shop\",\"item\":\"https:\/\/mariblum.de\/it\/shop\/\"},{\"@type\":\"ListItem\",\"position\":3,\"name\":\"Elephant &#8211; Imbragature\"}]},{\"@type\":\"WebSite\",\"@id\":\"https:\/\/mariblum.de\/it\/#website\",\"url\":\"https:\/\/mariblum.de\/it\/\",\"name\":\"mariblum Traget\u00fccher\",\"description\":\"il modo naturale di portare il tuo bambino \",\"publisher\":{\"@id\":\"https:\/\/mariblum.de\/it\/#organization\"},\"potentialAction\":[{\"@type\":\"SearchAction\",\"target\":{\"@type\":\"EntryPoint\",\"urlTemplate\":\"https:\/\/mariblum.de\/it\/?s={search_term_string}\"},\"query-input\":{\"@type\":\"PropertyValueSpecification\",\"valueRequired\":true,\"valueName\":\"search_term_string\"}}],\"inLanguage\":\"it-IT\"},{\"@type\":\"Organization\",\"@id\":\"https:\/\/mariblum.de\/it\/#organization\",\"name\":\"mariblum\",\"url\":\"https:\/\/mariblum.de\/it\/\",\"logo\":{\"@type\":\"ImageObject\",\"inLanguage\":\"it-IT\",\"@id\":\"https:\/\/mariblum.de\/it\/#\/schema\/logo\/image\/\",\"url\":\"https:\/\/mariblum.de\/wp-content\/uploads\/2020\/07\/logo_m-500x_transparent.png\",\"contentUrl\":\"https:\/\/mariblum.de\/wp-content\/uploads\/2020\/07\/logo_m-500x_transparent.png\",\"width\":500,\"height\":500,\"caption\":\"mariblum\"},\"image\":{\"@id\":\"https:\/\/mariblum.de\/it\/#\/schema\/logo\/image\/\"},\"sameAs\":[\"https:\/\/www.instagram.com\/_mariblum_\/\"]}]}<\/script>\n<meta property=\"og:availability\" content=\"instock\" \/>\n<meta property=\"product:availability\" content=\"instock\" \/>\n<meta property=\"product:condition\" content=\"new\" \/>\n<!-- \/ Yoast SEO Premium plugin. -->","yoast_head_json":{"title":"Elephant - Imbragature in cotone - mariblum - Fascia Porta Bebe","description":"L'imbragatura in cotone jacquard \u00e8 qualcosa di molto speciale. \u00c8 fatta di cotone di alta qualit\u00e0 ed \u00e8 stata tessuta in Germania.","robots":{"index":"index","follow":"follow","max-snippet":"max-snippet:-1","max-image-preview":"max-image-preview:large","max-video-preview":"max-video-preview:-1"},"canonical":"https:\/\/mariblum.de\/it\/produkt\/elephant-imbragature-blu\/","og_locale":"it_IT","og_type":"article","og_title":"Elephant - Imbragature","og_description":"L'imbragatura in cotone jacquard \u00e8 qualcosa di molto speciale. \u00c8 fatta di cotone di alta qualit\u00e0 ed \u00e8 stata tessuta in Germania.","og_url":"https:\/\/mariblum.de\/it\/produkt\/elephant-imbragature-blu\/","og_site_name":"mariblum - Fascia Porta Bebe","article_modified_time":"2025-04-05T15:31:54+00:00","og_image":[{"width":533,"height":800,"url":"https:\/\/mariblum.de\/wp-content\/uploads\/2023\/02\/tragetuch-aus-baumwolle-elefanten-motiv.jpg","type":"image\/jpeg"}],"twitter_card":"summary_large_image","twitter_misc":{"Disponibilit\u00e0":"In stock"},"schema":{"@context":"https:\/\/schema.org","@graph":[{"@type":"WebPage","@id":"https:\/\/mariblum.de\/it\/produkt\/elephant-imbragature-blu\/","url":"https:\/\/mariblum.de\/it\/produkt\/elephant-imbragature-blu\/","name":"Elephant - Imbragature in cotone - mariblum - Fascia Porta Bebe","isPartOf":{"@id":"https:\/\/mariblum.de\/it\/#website"},"primaryImageOfPage":{"@id":"https:\/\/mariblum.de\/it\/produkt\/elephant-imbragature-blu\/#primaryimage"},"image":{"@id":"https:\/\/mariblum.de\/it\/produkt\/elephant-imbragature-blu\/#primaryimage"},"thumbnailUrl":"https:\/\/mariblum.de\/wp-content\/uploads\/2023\/02\/tragetuch-aus-baumwolle-elefanten-motiv.jpg","datePublished":"2023-02-25T14:48:47+00:00","dateModified":"2025-04-05T15:31:54+00:00","description":"L'imbragatura in cotone jacquard \u00e8 qualcosa di molto speciale. \u00c8 fatta di cotone di alta qualit\u00e0 ed \u00e8 stata tessuta in Germania.","breadcrumb":{"@id":"https:\/\/mariblum.de\/it\/produkt\/elephant-imbragature-blu\/#breadcrumb"},"inLanguage":"it-IT","potentialAction":[{"@type":"ReadAction","target":["https:\/\/mariblum.de\/it\/produkt\/elephant-imbragature-blu\/"]}]},{"@type":"ImageObject","inLanguage":"it-IT","@id":"https:\/\/mariblum.de\/it\/produkt\/elephant-imbragature-blu\/#primaryimage","url":"https:\/\/mariblum.de\/wp-content\/uploads\/2023\/02\/tragetuch-aus-baumwolle-elefanten-motiv.jpg","contentUrl":"https:\/\/mariblum.de\/wp-content\/uploads\/2023\/02\/tragetuch-aus-baumwolle-elefanten-motiv.jpg","width":533,"height":800,"caption":"tragetuch-aus-baumwolle-elefanten-motiv"},{"@type":"BreadcrumbList","@id":"https:\/\/mariblum.de\/it\/produkt\/elephant-imbragature-blu\/#breadcrumb","itemListElement":[{"@type":"ListItem","position":1,"name":"Startseite","item":"https:\/\/mariblum.de\/it\/"},{"@type":"ListItem","position":2,"name":"Shop","item":"https:\/\/mariblum.de\/it\/shop\/"},{"@type":"ListItem","position":3,"name":"Elephant &#8211; Imbragature"}]},{"@type":"WebSite","@id":"https:\/\/mariblum.de\/it\/#website","url":"https:\/\/mariblum.de\/it\/","name":"mariblum Traget\u00fccher","description":"il modo naturale di portare il tuo bambino ","publisher":{"@id":"https:\/\/mariblum.de\/it\/#organization"},"potentialAction":[{"@type":"SearchAction","target":{"@type":"EntryPoint","urlTemplate":"https:\/\/mariblum.de\/it\/?s={search_term_string}"},"query-input":{"@type":"PropertyValueSpecification","valueRequired":true,"valueName":"search_term_string"}}],"inLanguage":"it-IT"},{"@type":"Organization","@id":"https:\/\/mariblum.de\/it\/#organization","name":"mariblum","url":"https:\/\/mariblum.de\/it\/","logo":{"@type":"ImageObject","inLanguage":"it-IT","@id":"https:\/\/mariblum.de\/it\/#\/schema\/logo\/image\/","url":"https:\/\/mariblum.de\/wp-content\/uploads\/2020\/07\/logo_m-500x_transparent.png","contentUrl":"https:\/\/mariblum.de\/wp-content\/uploads\/2020\/07\/logo_m-500x_transparent.png","width":500,"height":500,"caption":"mariblum"},"image":{"@id":"https:\/\/mariblum.de\/it\/#\/schema\/logo\/image\/"},"sameAs":["https:\/\/www.instagram.com\/_mariblum_\/"]}]},"og_availability":"instock","product_availability":"instock","product_condition":"new"},"_links":{"self":[{"href":"https:\/\/mariblum.de\/it\/wp-json\/wp\/v2\/product\/14539","targetHints":{"allow":["GET"]}}],"collection":[{"href":"https:\/\/mariblum.de\/it\/wp-json\/wp\/v2\/product"}],"about":[{"href":"https:\/\/mariblum.de\/it\/wp-json\/wp\/v2\/types\/product"}],"wp:featuredmedia":[{"embeddable":true,"href":"https:\/\/mariblum.de\/it\/wp-json\/wp\/v2\/media\/14574"}],"wp:attachment":[{"href":"https:\/\/mariblum.de\/it\/wp-json\/wp\/v2\/media?parent=14539"}],"wp:term":[{"taxonomy":"product_brand","embeddable":true,"href":"https:\/\/mariblum.de\/it\/wp-json\/wp\/v2\/product_brand?post=14539"},{"taxonomy":"product_cat","embeddable":true,"href":"https:\/\/mariblum.de\/it\/wp-json\/wp\/v2\/product_cat?post=14539"},{"taxonomy":"product_tag","embeddable":true,"href":"https:\/\/mariblum.de\/it\/wp-json\/wp\/v2\/product_tag?post=14539"}],"curies":[{"name":"wp","href":"https:\/\/api.w.org\/{rel}","templated":true}]}}