{"id":8975,"date":"2019-08-28T20:38:46","date_gmt":"2019-08-28T20:38:46","guid":{"rendered":"https:\/\/mariblum.de\/produkt\/mon-petit-univers-loop-en-chanvre\/"},"modified":"2025-01-02T09:09:05","modified_gmt":"2025-01-02T09:09:05","slug":"mon-petit-univers-loop-en-chanvre","status":"publish","type":"product","link":"https:\/\/mariblum.de\/fr\/produkt\/mon-petit-univers-loop-en-chanvre\/","title":{"rendered":"Mon petit univers (loop)"},"content":{"rendered":"<div class=\"tab-panels\">\n<div id=\"tab-description\" class=\"woocommerce-Tabs-panel woocommerce-Tabs-panel--description panel entry-content active\" role=\"tabpanel\" aria-labelledby=\"tab-title-description\">\n<h3>Feuillage de boucles de chanvre<\/h3>\n<p>Ce joli boucle de feuillage de chanvre a \u00e9t\u00e9 baptis\u00e9e \u00ab&nbsp;<em>Feuillag&nbsp;\u00bb<\/em> par nos soins. Nous avons appliqu\u00e9 une teinture v\u00e9g\u00e9tale sur le tissu. Sur les feuilles illustr\u00e9es, ne scintille donc pas la couleur du tissu, mais la couleur r\u00e9elle des diff\u00e9rentes feuilles utilis\u00e9es. Les pigments de couleur des feuilles ont \u00e9t\u00e9 appliqu\u00e9s directement sur le tissu. Chacun d\u2019eux est unique dans sa conception. Pour des boucles en chanvre, cette technique est vraiment exceptionnelle.<\/p>\n<p>Toutes nos boucles sont minces et agr\u00e9able \u00e1 porter. La boucle color\u00e9e d\u00e9j\u00e0 tr\u00e8s douce, le devient encore plus pendant son utilisation. Pour en savoir plus sur les propri\u00e9t\u00e9s positives des boucles de chanvre cliquez <a href=\"https:\/\/mariblum.de\/fr\/produkt\/feuillage-de-boucles-de-chanvre\/\" data-mce-href=\"https:\/\/mariblum.de\/fr\/produkt\/feuillage-de-boucles-de-chanvre\/\">ici<\/a> ; De plus, une chose est \u00e0 r\u00e9v\u00e9ler : les fibres de chanvre ont un effet rafra\u00eechissant les jours chauds et un effet r\u00e9chauffant les jours froids. Cela fait des textiles de chanvre un compagnon id\u00e9al toute l\u2019ann\u00e9e. Cette boucle sont color\u00e9es \u00e0 la main et sont durables. Si vous n\u2019en avez plus besoin, vous pouvez facilement le ranger dans une sacoche afin d\u2019\u00e9conomiser de l\u2019espace.<\/p>\n<h5>Remarques :<\/h5>\n<p>Ce boucles en chanvre est relativement mince, vraiment agr\u00e9able et doux au toucher et toujours de forme stable. Le chanvre est cultiv\u00e9 et tiss\u00e9 de mani\u00e8re biologique et \u00e9quitable au sein de l\u2019UE. Chaque boucles est soigneusement pens\u00e9 par nos soins et teint \u00e0 la main avec de la peinture v\u00e9g\u00e9tale.<\/p>\n<p>Le logo sur la boucle color\u00e9 en chanvre est en cuir synth\u00e9tique non toxique. L\u2019\u00e9tiquette cousue est certifi\u00e9e et fabriqu\u00e9e en polyester recyc\u00e9. Ainsi, le cuir artificiel, comme l\u2019\u00e9tiquette, est un compromis que nous devions accepter. Si vous avez une suggestion pour une alternative, veuillez nous en informer.<\/p>\n<p>Nos colis et mat\u00e9riels d\u2019exp\u00e9dition proviennent de \u00ab BioBiene \u00bb. Il s\u2019agit d\u2019un fabricant de mat\u00e9riaux d\u2019emballage biologiques qui nous offre des alternatives d\u2019emballage 100% sans plastique.<\/p>\n<p><center><a href=\"https:\/\/www.biobiene.com\/umweltsiegel\/index?id=5fdbd693288bd1c5739e0c3353817b47\" target=\"_blank\" rel=\"noopener noreferrer\" data-mce-href=\"https:\/\/www.biobiene.com\/umweltsiegel\/index?id=5fdbd693288bd1c5739e0c3353817b47\"><img decoding=\"async\" class=\"aligncenter\" src=\"https:\/\/www.biobiene.com\/custom\/plugins\/SpnoBioSeal\/Images\/CustomerSeals\/5fdbd693288bd1c5739e0c3353817b47.png\" data-mce-src=\"https:\/\/www.biobiene.com\/custom\/plugins\/SpnoBioSeal\/Images\/CustomerSeals\/5fdbd693288bd1c5739e0c3353817b47.png\"><\/a><\/center><\/p>\n<h5>Instructions d\u2019entretien :<\/h5>\n<div>\n<p>Les textiles de chanvre aiment l\u2019eau mais pas la chaleur s\u00e8che. Vous leur faites donc une faveur en mettant simplement votre boucle de chanvre dans l\u2019eau ordinaire de temps en temps. Ensuite, vous pouvez le repasser dans un \u00e9tat l\u00e9g\u00e8rement humide avec de la vapeur. En revanche, les textiles de chanvre n\u2019aiment pas la chaleur s\u00e8che \u2013 ne les mettez donc pas au s\u00e8che-linge.<\/p>\n<\/div>\n<div><\/div>\n<div><\/div>\n<div><center><img loading=\"lazy\" decoding=\"async\" class=\"alignnone size-medium wp-image-7641\" src=\"https:\/\/mariblum.de\/wp-content\/uploads\/2019\/11\/pflegehinweise-hanf-300x66.png\" sizes=\"auto, (max-width: 300px) 100vw, 300px\" srcset=\"https:\/\/mariblum.de\/wp-content\/uploads\/2019\/11\/pflegehinweise-hanf-300x66.png 300w, https:\/\/mariblum.de\/wp-content\/uploads\/2019\/11\/pflegehinweise-hanf-510x111.png 510w, https:\/\/mariblum.de\/wp-content\/uploads\/2019\/11\/pflegehinweise-hanf.png 549w\" alt=\"pflegehinweise f\u00fcr tragetuch aus hanf\" width=\"300\" height=\"66\" data-mce-src=\"https:\/\/mariblum.de\/wp-content\/uploads\/2019\/11\/pflegehinweise-hanf-300x66.png\"><\/center><\/div>\n<\/div>\n<div id=\"tab-additional_information\" class=\"woocommerce-Tabs-panel woocommerce-Tabs-panel--additional_information panel entry-content \" role=\"tabpanel\" aria-labelledby=\"tab-title-additional_information\"><\/div>\n<\/div>\n","protected":false},"excerpt":{"rendered":"<div class=\"product-short-description\">\n<ul>\n<li>100% chanvre (issu du commerce \u00e9cologique et \u00e9quitable dans l\u2019UE)<\/li>\n<li>Couleur obtenue \u00e0 partir de plantes<\/li>\n<li>190g\/m\u00b2 Poids de base<\/li>\n<li>Cousu avec une inclinaison \/ rotation<\/li>\n<li>taille 20 cm | largeur 37 cm<\/li>\n<li>non estampill\u00e9e, vraies feuilles<\/li>\n<\/ul>\n<\/div>\n","protected":false},"featured_media":7245,"template":"","meta":[],"product_brand":[],"product_cat":[937,1496,2425],"product_tag":[941,940,938],"class_list":{"0":"post-8975","1":"product","2":"type-product","3":"status-publish","4":"has-post-thumbnail","6":"product_cat-fr-boucle","7":"product_cat-fr-boucle-en-chanvre","8":"product_cat-tissus-de-chanvre","9":"product_tag-boucles","10":"product_tag-colorees","11":"product_tag-univers","13":"first","14":"outofstock","15":"purchasable","16":"product-type-variable","17":"has-default-attributes"},"yoast_head":"<!-- This site is optimized with the Yoast SEO Premium plugin v23.3 (Yoast SEO v27.2) - https:\/\/yoast.com\/product\/yoast-seo-premium-wordpress\/ -->\n<title>Mein kleines Universum | bunter Loop aus Hanf - mariblum - \u00c9charpe de portage<\/title>\n<meta name=\"description\" content=\"Dieser bunte Loop aus Hanf hat von uns den Namen &quot;Mein kleines Universum&quot; erhalten. Er strahlt in allen Farben die F\u00e4rbepflanzen uns bescheren k\u00f6nnen.\" \/>\n<meta name=\"robots\" content=\"index, follow, max-snippet:-1, max-image-preview:large, max-video-preview:-1\" \/>\n<link rel=\"canonical\" href=\"https:\/\/mariblum.de\/fr\/produkt\/mon-petit-univers-loop-en-chanvre\/\" \/>\n<meta property=\"og:locale\" content=\"fr_FR\" \/>\n<meta property=\"og:type\" content=\"article\" \/>\n<meta property=\"og:title\" content=\"Mon petit univers (loop)\" \/>\n<meta property=\"og:description\" content=\"Dieser bunte Loop aus Hanf hat von uns den Namen &quot;Mein kleines Universum&quot; erhalten. Er strahlt in allen Farben die F\u00e4rbepflanzen uns bescheren k\u00f6nnen.\" \/>\n<meta property=\"og:url\" content=\"https:\/\/mariblum.de\/fr\/produkt\/mon-petit-univers-loop-en-chanvre\/\" \/>\n<meta property=\"og:site_name\" content=\"mariblum - \u00c9charpe de portage\" \/>\n<meta property=\"article:modified_time\" content=\"2025-01-02T09:09:05+00:00\" \/>\n<meta property=\"og:image\" content=\"https:\/\/mariblum.de\/wp-content\/uploads\/2019\/08\/bunter-loop-mein-kleines-Universum-Puppe-scaled-e1576931195336.jpg\" \/>\n\t<meta property=\"og:image:width\" content=\"600\" \/>\n\t<meta property=\"og:image:height\" content=\"800\" \/>\n\t<meta property=\"og:image:type\" content=\"image\/jpeg\" \/>\n<meta name=\"twitter:card\" content=\"summary_large_image\" \/>\n<meta name=\"twitter:label1\" content=\"Disponibilit\u00e9\" \/>\n\t<meta name=\"twitter:data1\" content=\"Rupture de stock\" \/>\n<script type=\"application\/ld+json\" class=\"yoast-schema-graph\">{\"@context\":\"https:\/\/schema.org\",\"@graph\":[{\"@type\":\"WebPage\",\"@id\":\"https:\/\/mariblum.de\/fr\/produkt\/mon-petit-univers-loop-en-chanvre\/\",\"url\":\"https:\/\/mariblum.de\/fr\/produkt\/mon-petit-univers-loop-en-chanvre\/\",\"name\":\"Mein kleines Universum | bunter Loop aus Hanf - mariblum - \u00c9charpe de portage\",\"isPartOf\":{\"@id\":\"https:\/\/mariblum.de\/fr\/#website\"},\"primaryImageOfPage\":{\"@id\":\"https:\/\/mariblum.de\/fr\/produkt\/mon-petit-univers-loop-en-chanvre\/#primaryimage\"},\"image\":{\"@id\":\"https:\/\/mariblum.de\/fr\/produkt\/mon-petit-univers-loop-en-chanvre\/#primaryimage\"},\"thumbnailUrl\":\"https:\/\/mariblum.de\/wp-content\/uploads\/2019\/08\/bunter-loop-mein-kleines-Universum-Puppe-scaled-e1576931195336.jpg\",\"datePublished\":\"2019-08-28T20:38:46+00:00\",\"dateModified\":\"2025-01-02T09:09:05+00:00\",\"description\":\"Dieser bunte Loop aus Hanf hat von uns den Namen \\\"Mein kleines Universum\\\" erhalten. Er strahlt in allen Farben die F\u00e4rbepflanzen uns bescheren k\u00f6nnen.\",\"breadcrumb\":{\"@id\":\"https:\/\/mariblum.de\/fr\/produkt\/mon-petit-univers-loop-en-chanvre\/#breadcrumb\"},\"inLanguage\":\"fr-FR\",\"potentialAction\":[{\"@type\":\"ReadAction\",\"target\":[\"https:\/\/mariblum.de\/fr\/produkt\/mon-petit-univers-loop-en-chanvre\/\"]}]},{\"@type\":\"ImageObject\",\"inLanguage\":\"fr-FR\",\"@id\":\"https:\/\/mariblum.de\/fr\/produkt\/mon-petit-univers-loop-en-chanvre\/#primaryimage\",\"url\":\"https:\/\/mariblum.de\/wp-content\/uploads\/2019\/08\/bunter-loop-mein-kleines-Universum-Puppe-scaled-e1576931195336.jpg\",\"contentUrl\":\"https:\/\/mariblum.de\/wp-content\/uploads\/2019\/08\/bunter-loop-mein-kleines-Universum-Puppe-scaled-e1576931195336.jpg\",\"width\":600,\"height\":800,\"caption\":\"mon-petit-univers-loop-en-chanvre\"},{\"@type\":\"BreadcrumbList\",\"@id\":\"https:\/\/mariblum.de\/fr\/produkt\/mon-petit-univers-loop-en-chanvre\/#breadcrumb\",\"itemListElement\":[{\"@type\":\"ListItem\",\"position\":1,\"name\":\"Startseite\",\"item\":\"https:\/\/mariblum.de\/fr\/\"},{\"@type\":\"ListItem\",\"position\":2,\"name\":\"Shop\",\"item\":\"https:\/\/mariblum.de\/fr\/shop\/\"},{\"@type\":\"ListItem\",\"position\":3,\"name\":\"Mon petit univers (loop)\"}]},{\"@type\":\"WebSite\",\"@id\":\"https:\/\/mariblum.de\/fr\/#website\",\"url\":\"https:\/\/mariblum.de\/fr\/\",\"name\":\"mariblum Traget\u00fccher\",\"description\":\"la fa\u00e7on naturelle de porter votre b\u00e9b\u00e9\",\"publisher\":{\"@id\":\"https:\/\/mariblum.de\/fr\/#organization\"},\"potentialAction\":[{\"@type\":\"SearchAction\",\"target\":{\"@type\":\"EntryPoint\",\"urlTemplate\":\"https:\/\/mariblum.de\/fr\/?s={search_term_string}\"},\"query-input\":{\"@type\":\"PropertyValueSpecification\",\"valueRequired\":true,\"valueName\":\"search_term_string\"}}],\"inLanguage\":\"fr-FR\"},{\"@type\":\"Organization\",\"@id\":\"https:\/\/mariblum.de\/fr\/#organization\",\"name\":\"mariblum\",\"url\":\"https:\/\/mariblum.de\/fr\/\",\"logo\":{\"@type\":\"ImageObject\",\"inLanguage\":\"fr-FR\",\"@id\":\"https:\/\/mariblum.de\/fr\/#\/schema\/logo\/image\/\",\"url\":\"https:\/\/mariblum.de\/wp-content\/uploads\/2020\/07\/logo_m-500x_transparent.png\",\"contentUrl\":\"https:\/\/mariblum.de\/wp-content\/uploads\/2020\/07\/logo_m-500x_transparent.png\",\"width\":500,\"height\":500,\"caption\":\"mariblum\"},\"image\":{\"@id\":\"https:\/\/mariblum.de\/fr\/#\/schema\/logo\/image\/\"},\"sameAs\":[\"https:\/\/www.instagram.com\/_mariblum_\/\"]}]}<\/script>\n<meta property=\"og:availability\" content=\"out of stock\" \/>\n<meta property=\"product:availability\" content=\"out of stock\" \/>\n<meta property=\"product:condition\" content=\"new\" \/>\n<!-- \/ Yoast SEO Premium plugin. -->","yoast_head_json":{"title":"Mein kleines Universum | bunter Loop aus Hanf - mariblum - \u00c9charpe de portage","description":"Dieser bunte Loop aus Hanf hat von uns den Namen \"Mein kleines Universum\" erhalten. Er strahlt in allen Farben die F\u00e4rbepflanzen uns bescheren k\u00f6nnen.","robots":{"index":"index","follow":"follow","max-snippet":"max-snippet:-1","max-image-preview":"max-image-preview:large","max-video-preview":"max-video-preview:-1"},"canonical":"https:\/\/mariblum.de\/fr\/produkt\/mon-petit-univers-loop-en-chanvre\/","og_locale":"fr_FR","og_type":"article","og_title":"Mon petit univers (loop)","og_description":"Dieser bunte Loop aus Hanf hat von uns den Namen \"Mein kleines Universum\" erhalten. Er strahlt in allen Farben die F\u00e4rbepflanzen uns bescheren k\u00f6nnen.","og_url":"https:\/\/mariblum.de\/fr\/produkt\/mon-petit-univers-loop-en-chanvre\/","og_site_name":"mariblum - \u00c9charpe de portage","article_modified_time":"2025-01-02T09:09:05+00:00","og_image":[{"width":600,"height":800,"url":"https:\/\/mariblum.de\/wp-content\/uploads\/2019\/08\/bunter-loop-mein-kleines-Universum-Puppe-scaled-e1576931195336.jpg","type":"image\/jpeg"}],"twitter_card":"summary_large_image","twitter_misc":{"Disponibilit\u00e9":"Rupture de stock"},"schema":{"@context":"https:\/\/schema.org","@graph":[{"@type":"WebPage","@id":"https:\/\/mariblum.de\/fr\/produkt\/mon-petit-univers-loop-en-chanvre\/","url":"https:\/\/mariblum.de\/fr\/produkt\/mon-petit-univers-loop-en-chanvre\/","name":"Mein kleines Universum | bunter Loop aus Hanf - mariblum - \u00c9charpe de portage","isPartOf":{"@id":"https:\/\/mariblum.de\/fr\/#website"},"primaryImageOfPage":{"@id":"https:\/\/mariblum.de\/fr\/produkt\/mon-petit-univers-loop-en-chanvre\/#primaryimage"},"image":{"@id":"https:\/\/mariblum.de\/fr\/produkt\/mon-petit-univers-loop-en-chanvre\/#primaryimage"},"thumbnailUrl":"https:\/\/mariblum.de\/wp-content\/uploads\/2019\/08\/bunter-loop-mein-kleines-Universum-Puppe-scaled-e1576931195336.jpg","datePublished":"2019-08-28T20:38:46+00:00","dateModified":"2025-01-02T09:09:05+00:00","description":"Dieser bunte Loop aus Hanf hat von uns den Namen \"Mein kleines Universum\" erhalten. Er strahlt in allen Farben die F\u00e4rbepflanzen uns bescheren k\u00f6nnen.","breadcrumb":{"@id":"https:\/\/mariblum.de\/fr\/produkt\/mon-petit-univers-loop-en-chanvre\/#breadcrumb"},"inLanguage":"fr-FR","potentialAction":[{"@type":"ReadAction","target":["https:\/\/mariblum.de\/fr\/produkt\/mon-petit-univers-loop-en-chanvre\/"]}]},{"@type":"ImageObject","inLanguage":"fr-FR","@id":"https:\/\/mariblum.de\/fr\/produkt\/mon-petit-univers-loop-en-chanvre\/#primaryimage","url":"https:\/\/mariblum.de\/wp-content\/uploads\/2019\/08\/bunter-loop-mein-kleines-Universum-Puppe-scaled-e1576931195336.jpg","contentUrl":"https:\/\/mariblum.de\/wp-content\/uploads\/2019\/08\/bunter-loop-mein-kleines-Universum-Puppe-scaled-e1576931195336.jpg","width":600,"height":800,"caption":"mon-petit-univers-loop-en-chanvre"},{"@type":"BreadcrumbList","@id":"https:\/\/mariblum.de\/fr\/produkt\/mon-petit-univers-loop-en-chanvre\/#breadcrumb","itemListElement":[{"@type":"ListItem","position":1,"name":"Startseite","item":"https:\/\/mariblum.de\/fr\/"},{"@type":"ListItem","position":2,"name":"Shop","item":"https:\/\/mariblum.de\/fr\/shop\/"},{"@type":"ListItem","position":3,"name":"Mon petit univers (loop)"}]},{"@type":"WebSite","@id":"https:\/\/mariblum.de\/fr\/#website","url":"https:\/\/mariblum.de\/fr\/","name":"mariblum Traget\u00fccher","description":"la fa\u00e7on naturelle de porter votre b\u00e9b\u00e9","publisher":{"@id":"https:\/\/mariblum.de\/fr\/#organization"},"potentialAction":[{"@type":"SearchAction","target":{"@type":"EntryPoint","urlTemplate":"https:\/\/mariblum.de\/fr\/?s={search_term_string}"},"query-input":{"@type":"PropertyValueSpecification","valueRequired":true,"valueName":"search_term_string"}}],"inLanguage":"fr-FR"},{"@type":"Organization","@id":"https:\/\/mariblum.de\/fr\/#organization","name":"mariblum","url":"https:\/\/mariblum.de\/fr\/","logo":{"@type":"ImageObject","inLanguage":"fr-FR","@id":"https:\/\/mariblum.de\/fr\/#\/schema\/logo\/image\/","url":"https:\/\/mariblum.de\/wp-content\/uploads\/2020\/07\/logo_m-500x_transparent.png","contentUrl":"https:\/\/mariblum.de\/wp-content\/uploads\/2020\/07\/logo_m-500x_transparent.png","width":500,"height":500,"caption":"mariblum"},"image":{"@id":"https:\/\/mariblum.de\/fr\/#\/schema\/logo\/image\/"},"sameAs":["https:\/\/www.instagram.com\/_mariblum_\/"]}]},"og_availability":"out of stock","product_availability":"out of stock","product_condition":"new"},"_links":{"self":[{"href":"https:\/\/mariblum.de\/fr\/wp-json\/wp\/v2\/product\/8975","targetHints":{"allow":["GET"]}}],"collection":[{"href":"https:\/\/mariblum.de\/fr\/wp-json\/wp\/v2\/product"}],"about":[{"href":"https:\/\/mariblum.de\/fr\/wp-json\/wp\/v2\/types\/product"}],"wp:featuredmedia":[{"embeddable":true,"href":"https:\/\/mariblum.de\/fr\/wp-json\/wp\/v2\/media\/7245"}],"wp:attachment":[{"href":"https:\/\/mariblum.de\/fr\/wp-json\/wp\/v2\/media?parent=8975"}],"wp:term":[{"taxonomy":"product_brand","embeddable":true,"href":"https:\/\/mariblum.de\/fr\/wp-json\/wp\/v2\/product_brand?post=8975"},{"taxonomy":"product_cat","embeddable":true,"href":"https:\/\/mariblum.de\/fr\/wp-json\/wp\/v2\/product_cat?post=8975"},{"taxonomy":"product_tag","embeddable":true,"href":"https:\/\/mariblum.de\/fr\/wp-json\/wp\/v2\/product_tag?post=8975"}],"curies":[{"name":"wp","href":"https:\/\/api.w.org\/{rel}","templated":true}]}}