{"id":7637,"date":"2019-11-26T14:35:52","date_gmt":"2019-11-26T14:35:52","guid":{"rendered":"https:\/\/mariblum.de\/produkt\/prairie-fleurie-ring-sling-en-chanvre\/"},"modified":"2025-05-03T11:45:21","modified_gmt":"2025-05-03T11:45:21","slug":"prairie-fleurie-ring-sling-en-chanvre","status":"publish","type":"product","link":"https:\/\/mariblum.de\/fr\/produkt\/prairie-fleurie-ring-sling-en-chanvre\/","title":{"rendered":"Prairie fleurie (Ring Sling)"},"content":{"rendered":"","protected":false},"excerpt":{"rendered":"<p align=\"justify\">D&rsquo;une beaut\u00e9 intemporelle, c\u00e2line et confortable pour vous et votre b\u00e9b\u00e9 :<strong> l&rsquo;\u00e9charpe anneau Prairie fleurie.<\/strong><\/p>\n<ul> <li>Fabriqu\u00e9 \u00e0 partir de chanvre 100% bio cultiv\u00e9 dans l'UE, doux pour votre peau et celle de votre b\u00e9b\u00e9.<\/li> <li>Coloration \u00e0 base d'extraits de plantes, respectueuse de la peau d\u00e9licate de votre b\u00e9b\u00e9, sans aucun produit chimique industriel.<\/li> <li>Produit 100% vegan et sans cruaut\u00e9 animale.<\/li> <li>Ultra l\u00e9ger et confortable, avec un poids de base de seulement 165g\/m\u00b2, parfait pour un usage quotidien.<\/li> <li>70 cm de large, avec des extr\u00e9mit\u00e9s droites pour un style \u00e9pur\u00e9 et \u00e9l\u00e9gant.<\/li> <\/ul>\n","protected":false},"featured_media":19323,"template":"","meta":[],"product_brand":[],"product_cat":[1000,1442,2425],"product_tag":[940,1059,1057],"class_list":{"0":"post-7637","1":"product","2":"type-product","3":"status-publish","4":"has-post-thumbnail","6":"product_cat-fr-ring-slings","7":"product_cat-fr-ring-slings-en-chanvre","8":"product_cat-tissus-de-chanvre","9":"product_tag-colorees","10":"product_tag-fleurs","11":"product_tag-ring-sling-fr","13":"first","14":"instock","15":"featured","16":"purchasable","17":"product-type-variable","18":"has-default-attributes"},"yoast_head":"<!-- This site is optimized with the Yoast SEO Premium plugin v23.3 (Yoast SEO v27.2) - https:\/\/yoast.com\/product\/yoast-seo-premium-wordpress\/ -->\n<title>Prairie fleurie Ring Sling en chanvre | mariblum - le portage de b\u00e9b\u00e9<\/title>\n<meta name=\"description\" content=\"Cette belle Ring Sling en chanvre a obtenu le nom \u00abPrairie fleuries\u00bb de notre part. Toutes les petites touches de couleur sur le tissu semblent provenir de p\u00e9tales de couleurs diff\u00e9rentes.\" \/>\n<meta name=\"robots\" content=\"index, follow, max-snippet:-1, max-image-preview:large, max-video-preview:-1\" \/>\n<link rel=\"canonical\" href=\"https:\/\/mariblum.de\/fr\/produkt\/prairie-fleurie-ring-sling-en-chanvre\/\" \/>\n<meta property=\"og:locale\" content=\"fr_FR\" \/>\n<meta property=\"og:type\" content=\"article\" \/>\n<meta property=\"og:title\" content=\"Prairie fleurie (Ring Sling)\" \/>\n<meta property=\"og:description\" content=\"Cette belle Ring Sling en chanvre a obtenu le nom \u00abPrairie fleuries\u00bb de notre part. Toutes les petites touches de couleur sur le tissu semblent provenir de p\u00e9tales de couleurs diff\u00e9rentes.\" \/>\n<meta property=\"og:url\" content=\"https:\/\/mariblum.de\/fr\/produkt\/prairie-fleurie-ring-sling-en-chanvre\/\" \/>\n<meta property=\"og:site_name\" content=\"mariblum - \u00c9charpe de portage\" \/>\n<meta property=\"article:modified_time\" content=\"2025-05-03T11:45:21+00:00\" \/>\n<meta property=\"og:image\" content=\"https:\/\/mariblum.de\/wp-content\/uploads\/2019\/11\/DSC09484-scaled.jpg\" \/>\n\t<meta property=\"og:image:width\" content=\"2560\" \/>\n\t<meta property=\"og:image:height\" content=\"1707\" \/>\n\t<meta property=\"og:image:type\" content=\"image\/jpeg\" \/>\n<meta name=\"twitter:card\" content=\"summary_large_image\" \/>\n<meta name=\"twitter:label1\" content=\"Disponibilit\u00e9\" \/>\n\t<meta name=\"twitter:data1\" content=\"En stock\" \/>\n<script type=\"application\/ld+json\" class=\"yoast-schema-graph\">{\"@context\":\"https:\/\/schema.org\",\"@graph\":[{\"@type\":\"WebPage\",\"@id\":\"https:\/\/mariblum.de\/fr\/produkt\/prairie-fleurie-ring-sling-en-chanvre\/\",\"url\":\"https:\/\/mariblum.de\/fr\/produkt\/prairie-fleurie-ring-sling-en-chanvre\/\",\"name\":\"Prairie fleurie Ring Sling en chanvre | mariblum - le portage de b\u00e9b\u00e9\",\"isPartOf\":{\"@id\":\"https:\/\/mariblum.de\/fr\/#website\"},\"primaryImageOfPage\":{\"@id\":\"https:\/\/mariblum.de\/fr\/produkt\/prairie-fleurie-ring-sling-en-chanvre\/#primaryimage\"},\"image\":{\"@id\":\"https:\/\/mariblum.de\/fr\/produkt\/prairie-fleurie-ring-sling-en-chanvre\/#primaryimage\"},\"thumbnailUrl\":\"https:\/\/mariblum.de\/wp-content\/uploads\/2025\/05\/Blumenwiese-Ring-Sling-Hanf2.jpg\",\"datePublished\":\"2019-11-26T14:35:52+00:00\",\"dateModified\":\"2025-05-03T11:45:21+00:00\",\"description\":\"Cette belle Ring Sling en chanvre a obtenu le nom \u00abPrairie fleuries\u00bb de notre part. Toutes les petites touches de couleur sur le tissu semblent provenir de p\u00e9tales de couleurs diff\u00e9rentes.\",\"breadcrumb\":{\"@id\":\"https:\/\/mariblum.de\/fr\/produkt\/prairie-fleurie-ring-sling-en-chanvre\/#breadcrumb\"},\"inLanguage\":\"fr-FR\",\"potentialAction\":[{\"@type\":\"ReadAction\",\"target\":[\"https:\/\/mariblum.de\/fr\/produkt\/prairie-fleurie-ring-sling-en-chanvre\/\"]}]},{\"@type\":\"ImageObject\",\"inLanguage\":\"fr-FR\",\"@id\":\"https:\/\/mariblum.de\/fr\/produkt\/prairie-fleurie-ring-sling-en-chanvre\/#primaryimage\",\"url\":\"https:\/\/mariblum.de\/wp-content\/uploads\/2025\/05\/Blumenwiese-Ring-Sling-Hanf2.jpg\",\"contentUrl\":\"https:\/\/mariblum.de\/wp-content\/uploads\/2025\/05\/Blumenwiese-Ring-Sling-Hanf2.jpg\",\"width\":600,\"height\":800},{\"@type\":\"BreadcrumbList\",\"@id\":\"https:\/\/mariblum.de\/fr\/produkt\/prairie-fleurie-ring-sling-en-chanvre\/#breadcrumb\",\"itemListElement\":[{\"@type\":\"ListItem\",\"position\":1,\"name\":\"Startseite\",\"item\":\"https:\/\/mariblum.de\/fr\/\"},{\"@type\":\"ListItem\",\"position\":2,\"name\":\"Shop\",\"item\":\"https:\/\/mariblum.de\/fr\/shop\/\"},{\"@type\":\"ListItem\",\"position\":3,\"name\":\"Prairie fleurie (Ring Sling)\"}]},{\"@type\":\"WebSite\",\"@id\":\"https:\/\/mariblum.de\/fr\/#website\",\"url\":\"https:\/\/mariblum.de\/fr\/\",\"name\":\"mariblum Traget\u00fccher\",\"description\":\"la fa\u00e7on naturelle de porter votre b\u00e9b\u00e9\",\"publisher\":{\"@id\":\"https:\/\/mariblum.de\/fr\/#organization\"},\"potentialAction\":[{\"@type\":\"SearchAction\",\"target\":{\"@type\":\"EntryPoint\",\"urlTemplate\":\"https:\/\/mariblum.de\/fr\/?s={search_term_string}\"},\"query-input\":{\"@type\":\"PropertyValueSpecification\",\"valueRequired\":true,\"valueName\":\"search_term_string\"}}],\"inLanguage\":\"fr-FR\"},{\"@type\":\"Organization\",\"@id\":\"https:\/\/mariblum.de\/fr\/#organization\",\"name\":\"mariblum\",\"url\":\"https:\/\/mariblum.de\/fr\/\",\"logo\":{\"@type\":\"ImageObject\",\"inLanguage\":\"fr-FR\",\"@id\":\"https:\/\/mariblum.de\/fr\/#\/schema\/logo\/image\/\",\"url\":\"https:\/\/mariblum.de\/wp-content\/uploads\/2020\/07\/logo_m-500x_transparent.png\",\"contentUrl\":\"https:\/\/mariblum.de\/wp-content\/uploads\/2020\/07\/logo_m-500x_transparent.png\",\"width\":500,\"height\":500,\"caption\":\"mariblum\"},\"image\":{\"@id\":\"https:\/\/mariblum.de\/fr\/#\/schema\/logo\/image\/\"},\"sameAs\":[\"https:\/\/www.instagram.com\/_mariblum_\/\"]}]}<\/script>\n<meta property=\"og:availability\" content=\"instock\" \/>\n<meta property=\"product:availability\" content=\"instock\" \/>\n<meta property=\"product:condition\" content=\"new\" \/>\n<!-- \/ Yoast SEO Premium plugin. -->","yoast_head_json":{"title":"Prairie fleurie Ring Sling en chanvre | mariblum - le portage de b\u00e9b\u00e9","description":"Cette belle Ring Sling en chanvre a obtenu le nom \u00abPrairie fleuries\u00bb de notre part. Toutes les petites touches de couleur sur le tissu semblent provenir de p\u00e9tales de couleurs diff\u00e9rentes.","robots":{"index":"index","follow":"follow","max-snippet":"max-snippet:-1","max-image-preview":"max-image-preview:large","max-video-preview":"max-video-preview:-1"},"canonical":"https:\/\/mariblum.de\/fr\/produkt\/prairie-fleurie-ring-sling-en-chanvre\/","og_locale":"fr_FR","og_type":"article","og_title":"Prairie fleurie (Ring Sling)","og_description":"Cette belle Ring Sling en chanvre a obtenu le nom \u00abPrairie fleuries\u00bb de notre part. Toutes les petites touches de couleur sur le tissu semblent provenir de p\u00e9tales de couleurs diff\u00e9rentes.","og_url":"https:\/\/mariblum.de\/fr\/produkt\/prairie-fleurie-ring-sling-en-chanvre\/","og_site_name":"mariblum - \u00c9charpe de portage","article_modified_time":"2025-05-03T11:45:21+00:00","og_image":[{"width":2560,"height":1707,"url":"https:\/\/mariblum.de\/wp-content\/uploads\/2019\/11\/DSC09484-scaled.jpg","type":"image\/jpeg"}],"twitter_card":"summary_large_image","twitter_misc":{"Disponibilit\u00e9":"En stock"},"schema":{"@context":"https:\/\/schema.org","@graph":[{"@type":"WebPage","@id":"https:\/\/mariblum.de\/fr\/produkt\/prairie-fleurie-ring-sling-en-chanvre\/","url":"https:\/\/mariblum.de\/fr\/produkt\/prairie-fleurie-ring-sling-en-chanvre\/","name":"Prairie fleurie Ring Sling en chanvre | mariblum - le portage de b\u00e9b\u00e9","isPartOf":{"@id":"https:\/\/mariblum.de\/fr\/#website"},"primaryImageOfPage":{"@id":"https:\/\/mariblum.de\/fr\/produkt\/prairie-fleurie-ring-sling-en-chanvre\/#primaryimage"},"image":{"@id":"https:\/\/mariblum.de\/fr\/produkt\/prairie-fleurie-ring-sling-en-chanvre\/#primaryimage"},"thumbnailUrl":"https:\/\/mariblum.de\/wp-content\/uploads\/2025\/05\/Blumenwiese-Ring-Sling-Hanf2.jpg","datePublished":"2019-11-26T14:35:52+00:00","dateModified":"2025-05-03T11:45:21+00:00","description":"Cette belle Ring Sling en chanvre a obtenu le nom \u00abPrairie fleuries\u00bb de notre part. Toutes les petites touches de couleur sur le tissu semblent provenir de p\u00e9tales de couleurs diff\u00e9rentes.","breadcrumb":{"@id":"https:\/\/mariblum.de\/fr\/produkt\/prairie-fleurie-ring-sling-en-chanvre\/#breadcrumb"},"inLanguage":"fr-FR","potentialAction":[{"@type":"ReadAction","target":["https:\/\/mariblum.de\/fr\/produkt\/prairie-fleurie-ring-sling-en-chanvre\/"]}]},{"@type":"ImageObject","inLanguage":"fr-FR","@id":"https:\/\/mariblum.de\/fr\/produkt\/prairie-fleurie-ring-sling-en-chanvre\/#primaryimage","url":"https:\/\/mariblum.de\/wp-content\/uploads\/2025\/05\/Blumenwiese-Ring-Sling-Hanf2.jpg","contentUrl":"https:\/\/mariblum.de\/wp-content\/uploads\/2025\/05\/Blumenwiese-Ring-Sling-Hanf2.jpg","width":600,"height":800},{"@type":"BreadcrumbList","@id":"https:\/\/mariblum.de\/fr\/produkt\/prairie-fleurie-ring-sling-en-chanvre\/#breadcrumb","itemListElement":[{"@type":"ListItem","position":1,"name":"Startseite","item":"https:\/\/mariblum.de\/fr\/"},{"@type":"ListItem","position":2,"name":"Shop","item":"https:\/\/mariblum.de\/fr\/shop\/"},{"@type":"ListItem","position":3,"name":"Prairie fleurie (Ring Sling)"}]},{"@type":"WebSite","@id":"https:\/\/mariblum.de\/fr\/#website","url":"https:\/\/mariblum.de\/fr\/","name":"mariblum Traget\u00fccher","description":"la fa\u00e7on naturelle de porter votre b\u00e9b\u00e9","publisher":{"@id":"https:\/\/mariblum.de\/fr\/#organization"},"potentialAction":[{"@type":"SearchAction","target":{"@type":"EntryPoint","urlTemplate":"https:\/\/mariblum.de\/fr\/?s={search_term_string}"},"query-input":{"@type":"PropertyValueSpecification","valueRequired":true,"valueName":"search_term_string"}}],"inLanguage":"fr-FR"},{"@type":"Organization","@id":"https:\/\/mariblum.de\/fr\/#organization","name":"mariblum","url":"https:\/\/mariblum.de\/fr\/","logo":{"@type":"ImageObject","inLanguage":"fr-FR","@id":"https:\/\/mariblum.de\/fr\/#\/schema\/logo\/image\/","url":"https:\/\/mariblum.de\/wp-content\/uploads\/2020\/07\/logo_m-500x_transparent.png","contentUrl":"https:\/\/mariblum.de\/wp-content\/uploads\/2020\/07\/logo_m-500x_transparent.png","width":500,"height":500,"caption":"mariblum"},"image":{"@id":"https:\/\/mariblum.de\/fr\/#\/schema\/logo\/image\/"},"sameAs":["https:\/\/www.instagram.com\/_mariblum_\/"]}]},"og_availability":"instock","product_availability":"instock","product_condition":"new"},"_links":{"self":[{"href":"https:\/\/mariblum.de\/fr\/wp-json\/wp\/v2\/product\/7637","targetHints":{"allow":["GET"]}}],"collection":[{"href":"https:\/\/mariblum.de\/fr\/wp-json\/wp\/v2\/product"}],"about":[{"href":"https:\/\/mariblum.de\/fr\/wp-json\/wp\/v2\/types\/product"}],"wp:featuredmedia":[{"embeddable":true,"href":"https:\/\/mariblum.de\/fr\/wp-json\/wp\/v2\/media\/19323"}],"wp:attachment":[{"href":"https:\/\/mariblum.de\/fr\/wp-json\/wp\/v2\/media?parent=7637"}],"wp:term":[{"taxonomy":"product_brand","embeddable":true,"href":"https:\/\/mariblum.de\/fr\/wp-json\/wp\/v2\/product_brand?post=7637"},{"taxonomy":"product_cat","embeddable":true,"href":"https:\/\/mariblum.de\/fr\/wp-json\/wp\/v2\/product_cat?post=7637"},{"taxonomy":"product_tag","embeddable":true,"href":"https:\/\/mariblum.de\/fr\/wp-json\/wp\/v2\/product_tag?post=7637"}],"curies":[{"name":"wp","href":"https:\/\/api.w.org\/{rel}","templated":true}]}}