{"id":7582,"date":"2019-10-23T13:36:20","date_gmt":"2019-10-23T13:36:20","guid":{"rendered":"https:\/\/mariblum.de\/produkt\/rose-de-laube-sling-en-lin\/"},"modified":"2025-01-03T06:57:17","modified_gmt":"2025-01-03T06:57:17","slug":"rose-de-laube-sling-en-lin","status":"publish","type":"product","link":"https:\/\/mariblum.de\/fr\/produkt\/rose-de-laube-sling-en-lin\/","title":{"rendered":"Ros\u00e9 de l\u2019aube (\u00e9charpe en lin)"},"content":{"rendered":"<h3>Ros\u00e9 de l\u2019aube &#8211; \u00e9charpe en lin<\/h3>\n<p style=\"text-align: justify;\">Ce porte-b\u00e9b\u00e9, est fabriqu\u00e9 \u00e0 partir de lin biologique certifi\u00e9, et nous lui avons donn\u00e9 le nom <em>\u00ab ros\u00e9 de l\u2019aube \u00bb<\/em>. Si vous portez votre regard sur le tissu \u00e9tal\u00e9, vous vous rappellerez un lever de soleil t\u00f4t le matin. Le rose tendre ressemble aux premiers rayons de soleil qui se propagent lentement \u00e0 l&rsquo;horizon. Malheureusement, ce moment est fugace et se termine rapidement. Par cons\u00e9quent, nous avons fait de notre mieux pour capturer ce moment dans le textile. Le r\u00e9sultat est excellent : un simple mais magnifique porte-b\u00e9b\u00e9 en lin rose. Nous adorons le r\u00e9sultat !<\/p>\n<p align=\"justify\">Tous nos porte-b\u00e9b\u00e9s sont minces et tr\u00e8s stables. Cela les rend tr\u00e8s faciles \u00e0 serrer. Ils s&rsquo;adaptent donc parfaitement \u00e0 vous et \u00e0 votre b\u00e9b\u00e9, presque comme une seconde peau. Le \u00e9charpe en lin est d\u00e9j\u00e0 tr\u00e8s doux au simple toucher, mais devient encore plus lorsque le tissu est nou\u00e9 et port\u00e9. Vu que le <a href=\"https:\/\/mariblum.de\/fr\/lin-avantages-des-echarpes-ou-ring-slings\/\">lin<\/a> est une fibre tr\u00e8s r\u00e9sistante, notre porte-b\u00e9b\u00e9 est toujours agr\u00e9able \u00e0 porter. Ce porte-b\u00e9b\u00e9 est tout aussi bien con\u00e7u pour faire de longues balades. Si vous n&rsquo;en avez plus besoin, vous pouvez facilement le ranger dans une poche pour \u00e9conomiser de l&rsquo;espace.<\/p>\n<h5>Conseils:<\/h5>\n<p style=\"text-align: justify;\">Le porteb\u00e9b\u00e9 en lin est tr\u00e8s minces, tr\u00e8s doux mais aussi tr\u00e8s stables. Par cons\u00e9quent, il se resserre tr\u00e8s facilement et s&rsquo;adapte parfaitement \u00e0 vous et \u00e0 votre b\u00e9b\u00e9. Soit dit en passant, le lin provient d&rsquo;une culture biologique contr\u00f4l\u00e9e.<\/p>\n<p style=\"text-align: justify;\">Nos colis et mat\u00e9riaux d&rsquo;exp\u00e9dition proviennent de BioBiene. Il s&rsquo;agit d&rsquo;un fabricant de mat\u00e9riaux d&#8217;emballage biologiques qui nous offre des alternatives d&#8217;emballage 100% sans plastique.<\/p>\n<p><a href=\"https:\/\/www.biobiene.com\/umweltsiegel\/index?id=5fdbd693288bd1c5739e0c3353817b47\" target=\"_blank\" rel=\"noopener noreferrer\"><img decoding=\"async\" class=\"aligncenter\" style=\"width: 170px; height: auto; image-rendering: -webkit-optimize-contrast;\" src=\"https:\/\/www.biobiene.com\/custom\/plugins\/SpnoBioSeal\/Images\/CustomerSeals\/5fdbd693288bd1c5739e0c3353817b47.png\" \/><\/a><\/p>\n<h5>Instructions d\u2019entretien :<\/h5>\n<div>Les textiles de lin aiment l&rsquo;eau et n&rsquo;aiment pas la chaleur s\u00e8che. Vous leur faites donc une faveur en mettant simplement votre porte-b\u00e9b\u00e9 dans de l&rsquo;eau ordinaire de temps en temps. Ensuite, vous pouvez le repasser dans un \u00e9tat l\u00e9g\u00e8rement humide avec de la vapeur. En revanche, les textiles de lin n&rsquo;aiment pas la chaleur s\u00e8che &#8211; ne les mettez donc pas au s\u00e8che-linge.<\/div>\n<div><\/div>\n<div><\/div>\n<div><center><img loading=\"lazy\" decoding=\"async\" class=\"alignnone wp-image-8865 size-medium\" src=\"https:\/\/mariblum.de\/wp-content\/uploads\/2019\/10\/pflegehinweise-textilien-300x66.png\" alt=\"pflegehinweise-textilien\" width=\"300\" height=\"66\" srcset=\"https:\/\/mariblum.de\/wp-content\/uploads\/2019\/10\/pflegehinweise-textilien-300x66.png 300w, https:\/\/mariblum.de\/wp-content\/uploads\/2019\/10\/pflegehinweise-textilien-510x111.png 510w, https:\/\/mariblum.de\/wp-content\/uploads\/2019\/10\/pflegehinweise-textilien.png 549w\" sizes=\"auto, (max-width: 300px) 100vw, 300px\" \/><\/center><\/div>\n","protected":false},"excerpt":{"rendered":"<p align=\"justify\">Le rose tendre est synonyme de paix int\u00e9rieure, de s\u00e9r\u00e9nit\u00e9 et de bien-\u00eatre, d&rsquo;amabilit\u00e9 et de douceur. Voici notre <strong>Ros\u00e9 de l\u2019aube<\/strong>.<\/p>\n<ul>\n<li>100% lin (cultiv\u00e9 de mani\u00e8re biologique), respectueux de votre peau et de celle de votre b\u00e9b\u00e9.<\/li>\n<li>couleur d\u00e9riv\u00e9e des plantes &#8211; teint\u00e9e pour la peau de b\u00e9b\u00e9 sans produits chimiques industriels<\/li>\n<li>pur produit v\u00e9g\u00e9talien sans souffrance animale<\/li>\n<li>l\u00e9ger et confortable pendant toute la dur\u00e9e du portage avec un poids de base de seulement 225g\/m\u00b2.<\/li>\n<li>largeur de 72 cm avec des extr\u00e9mit\u00e9s droites<\/li>\n<\/ul>\n","protected":false},"featured_media":7583,"template":"","meta":[],"product_brand":[],"product_cat":[1439,2429],"product_tag":[1055,1053,961,1037],"class_list":{"0":"post-7582","1":"product","2":"type-product","3":"status-publish","4":"has-post-thumbnail","6":"product_cat-fr-slings-en-lin","7":"product_cat-tissus-en-lin","8":"product_tag-biologica-fr-2","9":"product_tag-lin","10":"product_tag-rose-fr","11":"product_tag-sling-fr","13":"first","14":"instock","15":"featured","16":"purchasable","17":"product-type-variable"},"yoast_head":"<!-- This site is optimized with the Yoast SEO Premium plugin v23.3 (Yoast SEO v27.2) - https:\/\/yoast.com\/product\/yoast-seo-premium-wordpress\/ -->\n<title>Ros\u00e9 de l\u2019aube (sling en lin) | mariblum - porte b\u00e9b\u00e9s | naturel et durable<\/title>\n<meta name=\"description\" content=\"Si vous portez votre regard sur le tissu \u00e9tal\u00e9, vous vous rappellerez un lever de soleil t\u00f4t le matin.\" \/>\n<meta name=\"robots\" content=\"index, follow, max-snippet:-1, max-image-preview:large, max-video-preview:-1\" \/>\n<link rel=\"canonical\" href=\"https:\/\/mariblum.de\/fr\/produkt\/rose-de-laube-sling-en-lin\/\" \/>\n<meta property=\"og:locale\" content=\"fr_FR\" \/>\n<meta property=\"og:type\" content=\"article\" \/>\n<meta property=\"og:title\" content=\"Ros\u00e9 de l\u2019aube (\u00e9charpe en lin)\" \/>\n<meta property=\"og:description\" content=\"Si vous portez votre regard sur le tissu \u00e9tal\u00e9, vous vous rappellerez un lever de soleil t\u00f4t le matin.\" \/>\n<meta property=\"og:url\" content=\"https:\/\/mariblum.de\/fr\/produkt\/rose-de-laube-sling-en-lin\/\" \/>\n<meta property=\"og:site_name\" content=\"mariblum - \u00c9charpe de portage\" \/>\n<meta property=\"article:modified_time\" content=\"2025-01-03T06:57:17+00:00\" \/>\n<meta property=\"og:image\" content=\"https:\/\/mariblum.de\/wp-content\/uploads\/2019\/10\/morgenroete-ring-sling-aus-leinen-gebunden.png\" \/>\n\t<meta property=\"og:image:width\" content=\"533\" \/>\n\t<meta property=\"og:image:height\" content=\"800\" \/>\n\t<meta property=\"og:image:type\" content=\"image\/png\" \/>\n<meta name=\"twitter:card\" content=\"summary_large_image\" \/>\n<meta name=\"twitter:label1\" content=\"Disponibilit\u00e9\" \/>\n\t<meta name=\"twitter:data1\" content=\"En stock\" \/>\n<script type=\"application\/ld+json\" class=\"yoast-schema-graph\">{\"@context\":\"https:\/\/schema.org\",\"@graph\":[{\"@type\":\"WebPage\",\"@id\":\"https:\/\/mariblum.de\/fr\/produkt\/rose-de-laube-sling-en-lin\/\",\"url\":\"https:\/\/mariblum.de\/fr\/produkt\/rose-de-laube-sling-en-lin\/\",\"name\":\"Ros\u00e9 de l\u2019aube (sling en lin) | mariblum - porte b\u00e9b\u00e9s | naturel et durable\",\"isPartOf\":{\"@id\":\"https:\/\/mariblum.de\/fr\/#website\"},\"primaryImageOfPage\":{\"@id\":\"https:\/\/mariblum.de\/fr\/produkt\/rose-de-laube-sling-en-lin\/#primaryimage\"},\"image\":{\"@id\":\"https:\/\/mariblum.de\/fr\/produkt\/rose-de-laube-sling-en-lin\/#primaryimage\"},\"thumbnailUrl\":\"https:\/\/mariblum.de\/wp-content\/uploads\/2019\/10\/leinen-tragetuch-rosa-nah-scaled-e1576526928588.jpg\",\"datePublished\":\"2019-10-23T13:36:20+00:00\",\"dateModified\":\"2025-01-03T06:57:17+00:00\",\"description\":\"Si vous portez votre regard sur le tissu \u00e9tal\u00e9, vous vous rappellerez un lever de soleil t\u00f4t le matin.\",\"breadcrumb\":{\"@id\":\"https:\/\/mariblum.de\/fr\/produkt\/rose-de-laube-sling-en-lin\/#breadcrumb\"},\"inLanguage\":\"fr-FR\",\"potentialAction\":[{\"@type\":\"ReadAction\",\"target\":[\"https:\/\/mariblum.de\/fr\/produkt\/rose-de-laube-sling-en-lin\/\"]}]},{\"@type\":\"ImageObject\",\"inLanguage\":\"fr-FR\",\"@id\":\"https:\/\/mariblum.de\/fr\/produkt\/rose-de-laube-sling-en-lin\/#primaryimage\",\"url\":\"https:\/\/mariblum.de\/wp-content\/uploads\/2019\/10\/leinen-tragetuch-rosa-nah-scaled-e1576526928588.jpg\",\"contentUrl\":\"https:\/\/mariblum.de\/wp-content\/uploads\/2019\/10\/leinen-tragetuch-rosa-nah-scaled-e1576526928588.jpg\",\"width\":600,\"height\":800,\"caption\":\"rose-de-laube-sling-en-lin\"},{\"@type\":\"BreadcrumbList\",\"@id\":\"https:\/\/mariblum.de\/fr\/produkt\/rose-de-laube-sling-en-lin\/#breadcrumb\",\"itemListElement\":[{\"@type\":\"ListItem\",\"position\":1,\"name\":\"Startseite\",\"item\":\"https:\/\/mariblum.de\/fr\/\"},{\"@type\":\"ListItem\",\"position\":2,\"name\":\"Shop\",\"item\":\"https:\/\/mariblum.de\/fr\/shop\/\"},{\"@type\":\"ListItem\",\"position\":3,\"name\":\"Ros\u00e9 de l\u2019aube (\u00e9charpe en lin)\"}]},{\"@type\":\"WebSite\",\"@id\":\"https:\/\/mariblum.de\/fr\/#website\",\"url\":\"https:\/\/mariblum.de\/fr\/\",\"name\":\"mariblum Traget\u00fccher\",\"description\":\"la fa\u00e7on naturelle de porter votre b\u00e9b\u00e9\",\"publisher\":{\"@id\":\"https:\/\/mariblum.de\/fr\/#organization\"},\"potentialAction\":[{\"@type\":\"SearchAction\",\"target\":{\"@type\":\"EntryPoint\",\"urlTemplate\":\"https:\/\/mariblum.de\/fr\/?s={search_term_string}\"},\"query-input\":{\"@type\":\"PropertyValueSpecification\",\"valueRequired\":true,\"valueName\":\"search_term_string\"}}],\"inLanguage\":\"fr-FR\"},{\"@type\":\"Organization\",\"@id\":\"https:\/\/mariblum.de\/fr\/#organization\",\"name\":\"mariblum\",\"url\":\"https:\/\/mariblum.de\/fr\/\",\"logo\":{\"@type\":\"ImageObject\",\"inLanguage\":\"fr-FR\",\"@id\":\"https:\/\/mariblum.de\/fr\/#\/schema\/logo\/image\/\",\"url\":\"https:\/\/mariblum.de\/wp-content\/uploads\/2020\/07\/logo_m-500x_transparent.png\",\"contentUrl\":\"https:\/\/mariblum.de\/wp-content\/uploads\/2020\/07\/logo_m-500x_transparent.png\",\"width\":500,\"height\":500,\"caption\":\"mariblum\"},\"image\":{\"@id\":\"https:\/\/mariblum.de\/fr\/#\/schema\/logo\/image\/\"},\"sameAs\":[\"https:\/\/www.instagram.com\/_mariblum_\/\"]}]}<\/script>\n<meta property=\"og:availability\" content=\"instock\" \/>\n<meta property=\"product:availability\" content=\"instock\" \/>\n<meta property=\"product:condition\" content=\"new\" \/>\n<!-- \/ Yoast SEO Premium plugin. -->","yoast_head_json":{"title":"Ros\u00e9 de l\u2019aube (sling en lin) | mariblum - porte b\u00e9b\u00e9s | naturel et durable","description":"Si vous portez votre regard sur le tissu \u00e9tal\u00e9, vous vous rappellerez un lever de soleil t\u00f4t le matin.","robots":{"index":"index","follow":"follow","max-snippet":"max-snippet:-1","max-image-preview":"max-image-preview:large","max-video-preview":"max-video-preview:-1"},"canonical":"https:\/\/mariblum.de\/fr\/produkt\/rose-de-laube-sling-en-lin\/","og_locale":"fr_FR","og_type":"article","og_title":"Ros\u00e9 de l\u2019aube (\u00e9charpe en lin)","og_description":"Si vous portez votre regard sur le tissu \u00e9tal\u00e9, vous vous rappellerez un lever de soleil t\u00f4t le matin.","og_url":"https:\/\/mariblum.de\/fr\/produkt\/rose-de-laube-sling-en-lin\/","og_site_name":"mariblum - \u00c9charpe de portage","article_modified_time":"2025-01-03T06:57:17+00:00","og_image":[{"width":533,"height":800,"url":"https:\/\/mariblum.de\/wp-content\/uploads\/2019\/10\/morgenroete-ring-sling-aus-leinen-gebunden.png","type":"image\/png"}],"twitter_card":"summary_large_image","twitter_misc":{"Disponibilit\u00e9":"En stock"},"schema":{"@context":"https:\/\/schema.org","@graph":[{"@type":"WebPage","@id":"https:\/\/mariblum.de\/fr\/produkt\/rose-de-laube-sling-en-lin\/","url":"https:\/\/mariblum.de\/fr\/produkt\/rose-de-laube-sling-en-lin\/","name":"Ros\u00e9 de l\u2019aube (sling en lin) | mariblum - porte b\u00e9b\u00e9s | naturel et durable","isPartOf":{"@id":"https:\/\/mariblum.de\/fr\/#website"},"primaryImageOfPage":{"@id":"https:\/\/mariblum.de\/fr\/produkt\/rose-de-laube-sling-en-lin\/#primaryimage"},"image":{"@id":"https:\/\/mariblum.de\/fr\/produkt\/rose-de-laube-sling-en-lin\/#primaryimage"},"thumbnailUrl":"https:\/\/mariblum.de\/wp-content\/uploads\/2019\/10\/leinen-tragetuch-rosa-nah-scaled-e1576526928588.jpg","datePublished":"2019-10-23T13:36:20+00:00","dateModified":"2025-01-03T06:57:17+00:00","description":"Si vous portez votre regard sur le tissu \u00e9tal\u00e9, vous vous rappellerez un lever de soleil t\u00f4t le matin.","breadcrumb":{"@id":"https:\/\/mariblum.de\/fr\/produkt\/rose-de-laube-sling-en-lin\/#breadcrumb"},"inLanguage":"fr-FR","potentialAction":[{"@type":"ReadAction","target":["https:\/\/mariblum.de\/fr\/produkt\/rose-de-laube-sling-en-lin\/"]}]},{"@type":"ImageObject","inLanguage":"fr-FR","@id":"https:\/\/mariblum.de\/fr\/produkt\/rose-de-laube-sling-en-lin\/#primaryimage","url":"https:\/\/mariblum.de\/wp-content\/uploads\/2019\/10\/leinen-tragetuch-rosa-nah-scaled-e1576526928588.jpg","contentUrl":"https:\/\/mariblum.de\/wp-content\/uploads\/2019\/10\/leinen-tragetuch-rosa-nah-scaled-e1576526928588.jpg","width":600,"height":800,"caption":"rose-de-laube-sling-en-lin"},{"@type":"BreadcrumbList","@id":"https:\/\/mariblum.de\/fr\/produkt\/rose-de-laube-sling-en-lin\/#breadcrumb","itemListElement":[{"@type":"ListItem","position":1,"name":"Startseite","item":"https:\/\/mariblum.de\/fr\/"},{"@type":"ListItem","position":2,"name":"Shop","item":"https:\/\/mariblum.de\/fr\/shop\/"},{"@type":"ListItem","position":3,"name":"Ros\u00e9 de l\u2019aube (\u00e9charpe en lin)"}]},{"@type":"WebSite","@id":"https:\/\/mariblum.de\/fr\/#website","url":"https:\/\/mariblum.de\/fr\/","name":"mariblum Traget\u00fccher","description":"la fa\u00e7on naturelle de porter votre b\u00e9b\u00e9","publisher":{"@id":"https:\/\/mariblum.de\/fr\/#organization"},"potentialAction":[{"@type":"SearchAction","target":{"@type":"EntryPoint","urlTemplate":"https:\/\/mariblum.de\/fr\/?s={search_term_string}"},"query-input":{"@type":"PropertyValueSpecification","valueRequired":true,"valueName":"search_term_string"}}],"inLanguage":"fr-FR"},{"@type":"Organization","@id":"https:\/\/mariblum.de\/fr\/#organization","name":"mariblum","url":"https:\/\/mariblum.de\/fr\/","logo":{"@type":"ImageObject","inLanguage":"fr-FR","@id":"https:\/\/mariblum.de\/fr\/#\/schema\/logo\/image\/","url":"https:\/\/mariblum.de\/wp-content\/uploads\/2020\/07\/logo_m-500x_transparent.png","contentUrl":"https:\/\/mariblum.de\/wp-content\/uploads\/2020\/07\/logo_m-500x_transparent.png","width":500,"height":500,"caption":"mariblum"},"image":{"@id":"https:\/\/mariblum.de\/fr\/#\/schema\/logo\/image\/"},"sameAs":["https:\/\/www.instagram.com\/_mariblum_\/"]}]},"og_availability":"instock","product_availability":"instock","product_condition":"new"},"_links":{"self":[{"href":"https:\/\/mariblum.de\/fr\/wp-json\/wp\/v2\/product\/7582","targetHints":{"allow":["GET"]}}],"collection":[{"href":"https:\/\/mariblum.de\/fr\/wp-json\/wp\/v2\/product"}],"about":[{"href":"https:\/\/mariblum.de\/fr\/wp-json\/wp\/v2\/types\/product"}],"wp:featuredmedia":[{"embeddable":true,"href":"https:\/\/mariblum.de\/fr\/wp-json\/wp\/v2\/media\/7583"}],"wp:attachment":[{"href":"https:\/\/mariblum.de\/fr\/wp-json\/wp\/v2\/media?parent=7582"}],"wp:term":[{"taxonomy":"product_brand","embeddable":true,"href":"https:\/\/mariblum.de\/fr\/wp-json\/wp\/v2\/product_brand?post=7582"},{"taxonomy":"product_cat","embeddable":true,"href":"https:\/\/mariblum.de\/fr\/wp-json\/wp\/v2\/product_cat?post=7582"},{"taxonomy":"product_tag","embeddable":true,"href":"https:\/\/mariblum.de\/fr\/wp-json\/wp\/v2\/product_tag?post=7582"}],"curies":[{"name":"wp","href":"https:\/\/api.w.org\/{rel}","templated":true}]}}