{"id":7532,"date":"2020-01-03T17:58:34","date_gmt":"2020-01-03T17:58:34","guid":{"rendered":"https:\/\/mariblum.de\/produkt\/porte-bebe-personnalisee-sling\/"},"modified":"2025-10-21T13:28:17","modified_gmt":"2025-10-21T13:28:17","slug":"porte-bebe-personnalisee-sling","status":"publish","type":"product","link":"https:\/\/mariblum.de\/fr\/produkt\/porte-bebe-personnalisee-sling\/","title":{"rendered":"\u00c9charpe Personnalis\u00e9e"},"content":{"rendered":"<h3>\u00c9charpe sur mesure &#8211; Un porte-b\u00e9b\u00e9 fait pour vous<\/h3>\n<p style=\"text-align: justify;\">Votre \u00e9charpe sur mesure, votre fronde selon vos souhaits et vos id\u00e9es. On nous a demand\u00e9 \u00e0 plusieurs reprises s&rsquo;il \u00e9tait possible de fabriquer une \u00e9charpe de portage sur mesure &#8211; et oui, nous le faisons \u00e0 nouveau pour vous. Il vous suffit de choisir la longueur et le motif de votre \u00e9charpe personnalis\u00e9e et nous nous chargeons du reste. Si vous avez une autre demande sp\u00e9ciale, aussi inhabituelle soit-elle, faites-le nous savoir. Nous travaillerons alors avec vous pour cr\u00e9er le design de votre \u00e9charpe personnalis\u00e9e. Vous pouvez trouver l&rsquo;inspiration sur notre page Facebook, par exemple. Nous y publions r\u00e9guli\u00e8rement nos \u00e9charpes teintes.<\/p>\n<div class=\"row\"  id=\"row-1239687006\">\n\n\t<div id=\"col-916636802\" class=\"col medium-6 small-12 large-6\"  >\n\t\t\t\t<div class=\"col-inner\"  >\n\t\t\t\n\t\t\t\n<p class=\"text-center\"><mark>Block <strong>\"ueber-hanf-tragetuch-fr\"<\/strong> not found<\/mark><\/p>\n\t\t<\/div>\n\t\t\t\t\t<\/div>\n\n\t\n\n\t<div id=\"col-1871457968\" class=\"col medium-6 small-12 large-6\"  >\n\t\t\t\t<div class=\"col-inner\"  >\n\t\t\t\n\t\t\t\n\n  <div class=\"banner has-hover\" id=\"banner-796340254\">\n          <div class=\"banner-inner fill\">\n        <div class=\"banner-bg fill\" >\n            <img loading=\"lazy\" decoding=\"async\" width=\"600\" height=\"800\" src=\"https:\/\/mariblum.de\/wp-content\/uploads\/2019\/12\/Universe-RingSling-e1576128769704.jpg\" class=\"bg attachment-large size-large\" alt=\"\" \/>                                    \n                    <\/div>\n\t\t\n        <div class=\"banner-layers container\">\n            <div class=\"fill banner-link\"><\/div>            \n   <div id=\"text-box-2073894867\" class=\"text-box banner-layer x50 md-x50 lg-x50 y75 md-y75 lg-y75 res-text\">\n                                <div class=\"text-box-content text dark\">\n              \n              <div class=\"text-inner text-center\">\n                  \n<h2 class=\"uppercase\">Echarpes de portage en chanvre<\/h2>\n<h3 class=\"thin-font\">Pourquoi ils conviennent \u00e0 vous et \u00e0 votre b\u00e9b\u00e9<\/h3>\n<a href=\"https:\/\/mariblum.de\/fr\/les-echarpes-de-portage-en-chanvre-pourquoi-elles-sont-le-choix-ideal\/\" class=\"button primary is-shade is-larger box-shadow-4 box-shadow-5-hover\" style=\"border-radius:10px;\">\n\t\t<span>en savoir plus<\/span>\n\t<\/a>\n\n              <\/div>\n           <\/div>\n                            \n<style>\n#text-box-2073894867 {\n  width: 89%;\n}\n#text-box-2073894867 .text-box-content {\n  font-size: 100%;\n}\n@media (min-width:550px) {\n  #text-box-2073894867 {\n    width: 75%;\n  }\n}\n@media (min-width:850px) {\n  #text-box-2073894867 {\n    width: 60%;\n  }\n}\n<\/style>\n    <\/div>\n \n        <\/div>\n      <\/div>\n\n            \n<style>\n#banner-796340254 {\n  padding-top: 500px;\n}\n#banner-796340254 .banner-bg img {\n  object-position: 47% 42%;\n}\n<\/style>\n  <\/div>\n\n\n\t\t<\/div>\n\t\t\t\t\t<\/div>\n\n\t\n<\/div>\n<p class=\"text-center\"><mark>Block <strong>\"hinweise-hanf-tragetuch-fr\"<\/strong> not found<\/mark><\/p>\n<h5>Instructions d\u2019entretien :<\/h5>\r\n<div>\r\n<p style=\"text-align: justify;\">Les textiles de chanvre aiment l\u2019eau et n\u2019aiment pas la chaleur s\u00e8che. Vous leur faites donc une faveur en mettant simplement votre sangle en chanvre dans de l\u2019eau ordinaire de temps en temps. Ensuite, vous pouvez le repasser dans un \u00e9tat l\u00e9g\u00e8rement humide avec de la vapeur. En revanche, les textiles de chanvre n\u2019aiment pas la chaleur s\u00e8che \u2013 ne les mettez donc pas au s\u00e8che-linge.<\/p>\r\n<\/div>\r\n<div><\/div>\r\n<div><\/div>\r\n<div><center><img loading=\"lazy\" decoding=\"async\" class=\"alignnone size-medium wp-image-4292\" src=\"https:\/\/mariblum.de\/wp-content\/uploads\/2019\/11\/pflegehinweise-hanf-300x66.png\" alt=\"pflegehinweise f\u00fcr tragetuch aus hanf\" width=\"300\" height=\"66\" srcset=\"https:\/\/mariblum.de\/wp-content\/uploads\/2019\/11\/pflegehinweise-hanf-300x66.png 300w, https:\/\/mariblum.de\/wp-content\/uploads\/2019\/11\/pflegehinweise-hanf-510x111.png 510w, https:\/\/mariblum.de\/wp-content\/uploads\/2019\/11\/pflegehinweise-hanf.png 549w\" sizes=\"auto, (max-width: 300px) 100vw, 300px\" \/><\/center><\/div>\r\n\n","protected":false},"excerpt":{"rendered":"<p align=\"justify\">Vous souhaitez adapter l&rsquo;un de nos mod\u00e8les ? Peut-\u00eatre un peu plus d&rsquo;une couleur et un peu moins d&rsquo;une autre ? Ou vous avez simplement besoin d&rsquo;une longueur diff\u00e9rente que nous n&rsquo;avons pas en stock ? N&rsquo;h\u00e9sitez pas \u00e0 nous le faire savoir.<\/p>\n<ul>\n<li><em>100% chanvre<\/em> (cultiv\u00e9 de mani\u00e8re biologique et \u00e9quitable au sein de l&rsquo;UE), respectueux de votre peau et de celle de votre b\u00e9b\u00e9.<\/li>\n<li>couleur d\u00e9riv\u00e9e de plantes &#8211; <em>sans produits chimiques industriels<\/em> pour la peau sensible de votre b\u00e9b\u00e9<\/li>\n<li>pur produit <em>v\u00e9g\u00e9talien<\/em> sans souffrance animale<\/li>\n<li>l\u00e9ger et confortable pendant toute la dur\u00e9e du portage avec <em>un poids de base de seulement 190g\/m\u00b2<\/em><\/li>\n<li><em>largeur de 72 cm<\/em> avec des extr\u00e9mit\u00e9s droites<\/li>\n<\/ul>\n","protected":false},"featured_media":7436,"template":"","meta":[],"product_brand":[],"product_cat":[1440,2425],"product_tag":[1040,1037],"class_list":{"0":"post-7532","1":"product","2":"type-product","3":"status-publish","4":"has-post-thumbnail","6":"product_cat-fr-slings-en-chanvre-echarpe-de-portage","7":"product_cat-tissus-de-chanvre","8":"product_tag-personnalisee","9":"product_tag-sling-fr","11":"first","12":"instock","13":"featured","14":"shipping-taxable","15":"purchasable","16":"product-type-variable"},"yoast_head":"<!-- This site is optimized with the Yoast SEO Premium plugin v23.3 (Yoast SEO v27.2) - https:\/\/yoast.com\/product\/yoast-seo-premium-wordpress\/ -->\n<title>\u00c9charpe Personnalis\u00e9e en chanvre | mariblum \u2013 porte-b\u00e9b\u00e9<\/title>\n<meta name=\"description\" content=\"Le \u00e9charpe porte-b\u00e9b\u00e9 selon vos envies et vos id\u00e9es. Est que ne serait pas possible de fabriquer un porte-b\u00e9b\u00e9 selon les exigences du client.\" \/>\n<meta name=\"robots\" content=\"index, follow, max-snippet:-1, max-image-preview:large, max-video-preview:-1\" \/>\n<link rel=\"canonical\" href=\"https:\/\/mariblum.de\/fr\/produkt\/porte-bebe-personnalisee-sling\/\" \/>\n<meta property=\"og:locale\" content=\"fr_FR\" \/>\n<meta property=\"og:type\" content=\"article\" \/>\n<meta property=\"og:title\" content=\"\u00c9charpe Personnalis\u00e9e\" \/>\n<meta property=\"og:description\" content=\"Le \u00e9charpe porte-b\u00e9b\u00e9 selon vos envies et vos id\u00e9es. Est que ne serait pas possible de fabriquer un porte-b\u00e9b\u00e9 selon les exigences du client.\" \/>\n<meta property=\"og:url\" content=\"https:\/\/mariblum.de\/fr\/produkt\/porte-bebe-personnalisee-sling\/\" \/>\n<meta property=\"og:site_name\" content=\"mariblum - \u00c9charpe de portage\" \/>\n<meta property=\"article:modified_time\" content=\"2025-10-21T13:28:17+00:00\" \/>\n<meta property=\"og:image\" content=\"https:\/\/mariblum.de\/wp-content\/uploads\/2020\/07\/logo_m-500x_transparent.png\" \/>\n\t<meta property=\"og:image:width\" content=\"500\" \/>\n\t<meta property=\"og:image:height\" content=\"500\" \/>\n\t<meta property=\"og:image:type\" content=\"image\/png\" \/>\n<meta name=\"twitter:card\" content=\"summary_large_image\" \/>\n<meta name=\"twitter:label1\" content=\"Disponibilit\u00e9\" \/>\n\t<meta name=\"twitter:data1\" content=\"En stock\" \/>\n<script type=\"application\/ld+json\" class=\"yoast-schema-graph\">{\"@context\":\"https:\/\/schema.org\",\"@graph\":[{\"@type\":\"WebPage\",\"@id\":\"https:\/\/mariblum.de\/fr\/produkt\/porte-bebe-personnalisee-sling\/\",\"url\":\"https:\/\/mariblum.de\/fr\/produkt\/porte-bebe-personnalisee-sling\/\",\"name\":\"\u00c9charpe Personnalis\u00e9e en chanvre | mariblum \u2013 porte-b\u00e9b\u00e9\",\"isPartOf\":{\"@id\":\"https:\/\/mariblum.de\/fr\/#website\"},\"primaryImageOfPage\":{\"@id\":\"https:\/\/mariblum.de\/fr\/produkt\/porte-bebe-personnalisee-sling\/#primaryimage\"},\"image\":{\"@id\":\"https:\/\/mariblum.de\/fr\/produkt\/porte-bebe-personnalisee-sling\/#primaryimage\"},\"thumbnailUrl\":\"https:\/\/mariblum.de\/wp-content\/uploads\/2020\/01\/shibori-mutter-und-kind.jpg\",\"datePublished\":\"2020-01-03T17:58:34+00:00\",\"dateModified\":\"2025-10-21T13:28:17+00:00\",\"description\":\"Le \u00e9charpe porte-b\u00e9b\u00e9 selon vos envies et vos id\u00e9es. Est que ne serait pas possible de fabriquer un porte-b\u00e9b\u00e9 selon les exigences du client.\",\"breadcrumb\":{\"@id\":\"https:\/\/mariblum.de\/fr\/produkt\/porte-bebe-personnalisee-sling\/#breadcrumb\"},\"inLanguage\":\"fr-FR\",\"potentialAction\":[{\"@type\":\"ReadAction\",\"target\":[\"https:\/\/mariblum.de\/fr\/produkt\/porte-bebe-personnalisee-sling\/\"]}]},{\"@type\":\"ImageObject\",\"inLanguage\":\"fr-FR\",\"@id\":\"https:\/\/mariblum.de\/fr\/produkt\/porte-bebe-personnalisee-sling\/#primaryimage\",\"url\":\"https:\/\/mariblum.de\/wp-content\/uploads\/2020\/01\/shibori-mutter-und-kind.jpg\",\"contentUrl\":\"https:\/\/mariblum.de\/wp-content\/uploads\/2020\/01\/shibori-mutter-und-kind.jpg\",\"width\":521,\"height\":738,\"caption\":\"Custom sling Porter son b\u00e9b\u00e9\"},{\"@type\":\"BreadcrumbList\",\"@id\":\"https:\/\/mariblum.de\/fr\/produkt\/porte-bebe-personnalisee-sling\/#breadcrumb\",\"itemListElement\":[{\"@type\":\"ListItem\",\"position\":1,\"name\":\"Startseite\",\"item\":\"https:\/\/mariblum.de\/fr\/\"},{\"@type\":\"ListItem\",\"position\":2,\"name\":\"Shop\",\"item\":\"https:\/\/mariblum.de\/fr\/shop\/\"},{\"@type\":\"ListItem\",\"position\":3,\"name\":\"\u00c9charpe Personnalis\u00e9e\"}]},{\"@type\":\"WebSite\",\"@id\":\"https:\/\/mariblum.de\/fr\/#website\",\"url\":\"https:\/\/mariblum.de\/fr\/\",\"name\":\"mariblum Traget\u00fccher\",\"description\":\"la fa\u00e7on naturelle de porter votre b\u00e9b\u00e9\",\"publisher\":{\"@id\":\"https:\/\/mariblum.de\/fr\/#organization\"},\"potentialAction\":[{\"@type\":\"SearchAction\",\"target\":{\"@type\":\"EntryPoint\",\"urlTemplate\":\"https:\/\/mariblum.de\/fr\/?s={search_term_string}\"},\"query-input\":{\"@type\":\"PropertyValueSpecification\",\"valueRequired\":true,\"valueName\":\"search_term_string\"}}],\"inLanguage\":\"fr-FR\"},{\"@type\":\"Organization\",\"@id\":\"https:\/\/mariblum.de\/fr\/#organization\",\"name\":\"mariblum\",\"url\":\"https:\/\/mariblum.de\/fr\/\",\"logo\":{\"@type\":\"ImageObject\",\"inLanguage\":\"fr-FR\",\"@id\":\"https:\/\/mariblum.de\/fr\/#\/schema\/logo\/image\/\",\"url\":\"https:\/\/mariblum.de\/wp-content\/uploads\/2020\/07\/logo_m-500x_transparent.png\",\"contentUrl\":\"https:\/\/mariblum.de\/wp-content\/uploads\/2020\/07\/logo_m-500x_transparent.png\",\"width\":500,\"height\":500,\"caption\":\"mariblum\"},\"image\":{\"@id\":\"https:\/\/mariblum.de\/fr\/#\/schema\/logo\/image\/\"},\"sameAs\":[\"https:\/\/www.instagram.com\/_mariblum_\/\"]}]}<\/script>\n<meta property=\"og:availability\" content=\"instock\" \/>\n<meta property=\"product:availability\" content=\"instock\" \/>\n<meta property=\"product:condition\" content=\"new\" \/>\n<!-- \/ Yoast SEO Premium plugin. -->","yoast_head_json":{"title":"\u00c9charpe Personnalis\u00e9e en chanvre | mariblum \u2013 porte-b\u00e9b\u00e9","description":"Le \u00e9charpe porte-b\u00e9b\u00e9 selon vos envies et vos id\u00e9es. Est que ne serait pas possible de fabriquer un porte-b\u00e9b\u00e9 selon les exigences du client.","robots":{"index":"index","follow":"follow","max-snippet":"max-snippet:-1","max-image-preview":"max-image-preview:large","max-video-preview":"max-video-preview:-1"},"canonical":"https:\/\/mariblum.de\/fr\/produkt\/porte-bebe-personnalisee-sling\/","og_locale":"fr_FR","og_type":"article","og_title":"\u00c9charpe Personnalis\u00e9e","og_description":"Le \u00e9charpe porte-b\u00e9b\u00e9 selon vos envies et vos id\u00e9es. Est que ne serait pas possible de fabriquer un porte-b\u00e9b\u00e9 selon les exigences du client.","og_url":"https:\/\/mariblum.de\/fr\/produkt\/porte-bebe-personnalisee-sling\/","og_site_name":"mariblum - \u00c9charpe de portage","article_modified_time":"2025-10-21T13:28:17+00:00","og_image":[{"width":500,"height":500,"url":"https:\/\/mariblum.de\/wp-content\/uploads\/2020\/07\/logo_m-500x_transparent.png","type":"image\/png"}],"twitter_card":"summary_large_image","twitter_misc":{"Disponibilit\u00e9":"En stock"},"schema":{"@context":"https:\/\/schema.org","@graph":[{"@type":"WebPage","@id":"https:\/\/mariblum.de\/fr\/produkt\/porte-bebe-personnalisee-sling\/","url":"https:\/\/mariblum.de\/fr\/produkt\/porte-bebe-personnalisee-sling\/","name":"\u00c9charpe Personnalis\u00e9e en chanvre | mariblum \u2013 porte-b\u00e9b\u00e9","isPartOf":{"@id":"https:\/\/mariblum.de\/fr\/#website"},"primaryImageOfPage":{"@id":"https:\/\/mariblum.de\/fr\/produkt\/porte-bebe-personnalisee-sling\/#primaryimage"},"image":{"@id":"https:\/\/mariblum.de\/fr\/produkt\/porte-bebe-personnalisee-sling\/#primaryimage"},"thumbnailUrl":"https:\/\/mariblum.de\/wp-content\/uploads\/2020\/01\/shibori-mutter-und-kind.jpg","datePublished":"2020-01-03T17:58:34+00:00","dateModified":"2025-10-21T13:28:17+00:00","description":"Le \u00e9charpe porte-b\u00e9b\u00e9 selon vos envies et vos id\u00e9es. Est que ne serait pas possible de fabriquer un porte-b\u00e9b\u00e9 selon les exigences du client.","breadcrumb":{"@id":"https:\/\/mariblum.de\/fr\/produkt\/porte-bebe-personnalisee-sling\/#breadcrumb"},"inLanguage":"fr-FR","potentialAction":[{"@type":"ReadAction","target":["https:\/\/mariblum.de\/fr\/produkt\/porte-bebe-personnalisee-sling\/"]}]},{"@type":"ImageObject","inLanguage":"fr-FR","@id":"https:\/\/mariblum.de\/fr\/produkt\/porte-bebe-personnalisee-sling\/#primaryimage","url":"https:\/\/mariblum.de\/wp-content\/uploads\/2020\/01\/shibori-mutter-und-kind.jpg","contentUrl":"https:\/\/mariblum.de\/wp-content\/uploads\/2020\/01\/shibori-mutter-und-kind.jpg","width":521,"height":738,"caption":"Custom sling Porter son b\u00e9b\u00e9"},{"@type":"BreadcrumbList","@id":"https:\/\/mariblum.de\/fr\/produkt\/porte-bebe-personnalisee-sling\/#breadcrumb","itemListElement":[{"@type":"ListItem","position":1,"name":"Startseite","item":"https:\/\/mariblum.de\/fr\/"},{"@type":"ListItem","position":2,"name":"Shop","item":"https:\/\/mariblum.de\/fr\/shop\/"},{"@type":"ListItem","position":3,"name":"\u00c9charpe Personnalis\u00e9e"}]},{"@type":"WebSite","@id":"https:\/\/mariblum.de\/fr\/#website","url":"https:\/\/mariblum.de\/fr\/","name":"mariblum Traget\u00fccher","description":"la fa\u00e7on naturelle de porter votre b\u00e9b\u00e9","publisher":{"@id":"https:\/\/mariblum.de\/fr\/#organization"},"potentialAction":[{"@type":"SearchAction","target":{"@type":"EntryPoint","urlTemplate":"https:\/\/mariblum.de\/fr\/?s={search_term_string}"},"query-input":{"@type":"PropertyValueSpecification","valueRequired":true,"valueName":"search_term_string"}}],"inLanguage":"fr-FR"},{"@type":"Organization","@id":"https:\/\/mariblum.de\/fr\/#organization","name":"mariblum","url":"https:\/\/mariblum.de\/fr\/","logo":{"@type":"ImageObject","inLanguage":"fr-FR","@id":"https:\/\/mariblum.de\/fr\/#\/schema\/logo\/image\/","url":"https:\/\/mariblum.de\/wp-content\/uploads\/2020\/07\/logo_m-500x_transparent.png","contentUrl":"https:\/\/mariblum.de\/wp-content\/uploads\/2020\/07\/logo_m-500x_transparent.png","width":500,"height":500,"caption":"mariblum"},"image":{"@id":"https:\/\/mariblum.de\/fr\/#\/schema\/logo\/image\/"},"sameAs":["https:\/\/www.instagram.com\/_mariblum_\/"]}]},"og_availability":"instock","product_availability":"instock","product_condition":"new"},"_links":{"self":[{"href":"https:\/\/mariblum.de\/fr\/wp-json\/wp\/v2\/product\/7532","targetHints":{"allow":["GET"]}}],"collection":[{"href":"https:\/\/mariblum.de\/fr\/wp-json\/wp\/v2\/product"}],"about":[{"href":"https:\/\/mariblum.de\/fr\/wp-json\/wp\/v2\/types\/product"}],"wp:featuredmedia":[{"embeddable":true,"href":"https:\/\/mariblum.de\/fr\/wp-json\/wp\/v2\/media\/7436"}],"wp:attachment":[{"href":"https:\/\/mariblum.de\/fr\/wp-json\/wp\/v2\/media?parent=7532"}],"wp:term":[{"taxonomy":"product_brand","embeddable":true,"href":"https:\/\/mariblum.de\/fr\/wp-json\/wp\/v2\/product_brand?post=7532"},{"taxonomy":"product_cat","embeddable":true,"href":"https:\/\/mariblum.de\/fr\/wp-json\/wp\/v2\/product_cat?post=7532"},{"taxonomy":"product_tag","embeddable":true,"href":"https:\/\/mariblum.de\/fr\/wp-json\/wp\/v2\/product_tag?post=7532"}],"curies":[{"name":"wp","href":"https:\/\/api.w.org\/{rel}","templated":true}]}}