{"id":7502,"date":"2019-08-28T19:54:24","date_gmt":"2019-08-28T19:54:24","guid":{"rendered":"https:\/\/mariblum.de\/produkt\/mon-petit-univers-foulard-en-chanvre\/"},"modified":"2025-01-02T09:13:14","modified_gmt":"2025-01-02T09:13:14","slug":"mon-petit-univers-foulard-en-chanvre","status":"publish","type":"product","link":"https:\/\/mariblum.de\/fr\/produkt\/mon-petit-univers-foulard-en-chanvre\/","title":{"rendered":"Mon petit univers (foulard)"},"content":{"rendered":"<h3>Mon petit univers &#8211; oulard en chanvre<\/h3>\n<p style=\"text-align: justify;\">Cette belle foulard de chanvre a re\u00e7u le nom de <em>\u00ab\u00a0Mon petit Univers\u00a0\u00bb<\/em>. Il brille de toutes les couleurs que l\u2019univers des teintures v\u00e9g\u00e9tales peuvent nous donner. C\u2019est la raison pour laquelle, nous avons d\u00e9cid\u00e9 de l&rsquo;appeler \u201eMon petit Univers\u201c. Dans son chaos inh\u00e9rent, il repr\u00e9sente toute la gamme : petits et grandes taches et taches claires et sombres. On dirait presque qu&rsquo;elle brille d&rsquo;elle-m\u00eame &#8230; D\u00e9cid\u00e9ment, c&rsquo;est une belle foulard color\u00e9e.<\/p>\n<p style=\"text-align: justify;\">Toutes nos foulards sont minces et agr\u00e9able \u00e0 porter. La foulard color\u00e9e d\u00e9j\u00e0 tr\u00e8s douce, le devient encore plus pendant son utilisation. Pour en savoir plus sur les propri\u00e9t\u00e9s positives des foulards de chanvre cliquez <a href=\"#\">ici<\/a> ; De plus, une chose est \u00e0 r\u00e9v\u00e9ler : les fibres de chanvre ont un effet rafra\u00eechissant les jours chauds et un effet r\u00e9chauffant les jours froids. Cela fait des textiles de chanvre un compagnon id\u00e9al toute l&rsquo;ann\u00e9e. Cette foulard sont color\u00e9es \u00e0 la main et sont durables. Si vous n&rsquo;en avez plus besoin, vous pouvez facilement le ranger dans une sacoche afin d\u2019\u00e9conomiser de l&rsquo;espace.<\/p>\n<h5>Remarques :<\/h5>\n<p style=\"text-align: justify;\">Ce foulards en chanvre est relativement mince, vraiment agr\u00e9able et doux au toucher et toujours de forme stable. Le chanvre est cultiv\u00e9 et tiss\u00e9 de mani\u00e8re biologique et \u00e9quitable au sein de l&rsquo;UE. Chaque foulards est soigneusement pens\u00e9 par nos soins et teint \u00e0 la main avec de la peinture v\u00e9g\u00e9tale.<\/p>\n<p style=\"text-align: justify;\">Le logo sur la foulard color\u00e9 en chanvre est en cuir synth\u00e9tique non toxique. L&rsquo;\u00e9tiquette cousue est certifi\u00e9e et fabriqu\u00e9e en polyester recycl\u00e9. Ainsi, le cuir artificiel, comme l&rsquo;\u00e9tiquette, est un compromis que nous devions accepter. Si vous avez une suggestion pour une alternative, veuillez nous en informer.<\/p>\n<p style=\"text-align: justify;\">Nos colis et mat\u00e9riels d&rsquo;exp\u00e9dition proviennent de \u00ab\u00a0BioBiene\u00a0\u00bb. Il s&rsquo;agit d&rsquo;un fabricant de mat\u00e9riaux d&#8217;emballage biologiques qui nous offre des alternatives d&#8217;emballage 100% sans plastique.<\/p>\n<p><center><a href=\"https:\/\/www.biobiene.com\/umweltsiegel\/index?id=5fdbd693288bd1c5739e0c3353817b47\" target=\"_blank\" rel=\"noopener noreferrer\"><img decoding=\"async\" class=\"aligncenter\" style=\"width: 170px; height: auto; image-rendering: -webkit-optimize-contrast;\" src=\"https:\/\/www.biobiene.com\/custom\/plugins\/SpnoBioSeal\/Images\/CustomerSeals\/5fdbd693288bd1c5739e0c3353817b47.png\" \/><\/a><\/center>&nbsp;<\/p>\n<h5>Instructions d&rsquo;entretien :<\/h5>\n<div>\n<p style=\"text-align: justify;\">Les textiles de chanvre aiment l&rsquo;eau mais pas la chaleur s\u00e8che. Vous leur faites donc une faveur en mettant simplement votre foulard de chanvre dans l&rsquo;eau ordinaire de temps en temps. Ensuite, vous pouvez le repasser dans un \u00e9tat l\u00e9g\u00e8rement humide avec de la vapeur. En revanche, les textiles de chanvre n&rsquo;aiment pas la chaleur s\u00e8che &#8211; ne les mettez donc pas au s\u00e8che-linge.<\/p>\n<\/div>\n<div><\/div>\n<div><\/div>\n<div><center><img loading=\"lazy\" decoding=\"async\" class=\"alignnone size-medium wp-image-7641\" src=\"https:\/\/mariblum.de\/wp-content\/uploads\/2019\/11\/pflegehinweise-hanf-300x66.png\" alt=\"pflegehinweise f\u00fcr tragetuch aus hanf\" width=\"300\" height=\"66\" srcset=\"https:\/\/mariblum.de\/wp-content\/uploads\/2019\/11\/pflegehinweise-hanf-300x66.png 300w, https:\/\/mariblum.de\/wp-content\/uploads\/2019\/11\/pflegehinweise-hanf-510x111.png 510w, https:\/\/mariblum.de\/wp-content\/uploads\/2019\/11\/pflegehinweise-hanf.png 549w\" sizes=\"auto, (max-width: 300px) 100vw, 300px\" \/><\/center><\/div>\n","protected":false},"excerpt":{"rendered":"<ul>\n<li>100% chanvre (issu du commerce \u00e9cologique et \u00e9quitable dans l&rsquo;UE)<\/li>\n<li>Couleur obtenue \u00e0 partir de plantes<\/li>\n<li>190g\/m\u00b2 Poids de base<\/li>\n<li>100% v\u00e9g\u00e9talien<\/li>\n<\/ul>\n","protected":false},"featured_media":7503,"template":"","meta":[],"product_brand":[],"product_cat":[999,1491,2425],"product_tag":[940,1032,1033,938],"class_list":{"0":"post-7502","1":"product","2":"type-product","3":"status-publish","4":"has-post-thumbnail","6":"product_cat-fr-foulards","7":"product_cat-fr-foulards-en-chanvre","8":"product_cat-tissus-de-chanvre","9":"product_tag-colorees","10":"product_tag-foulard-fr","11":"product_tag-foulard-fr-2","12":"product_tag-univers","14":"first","15":"outofstock","16":"purchasable","17":"product-type-variable","18":"has-default-attributes"},"yoast_head":"<!-- This site is optimized with the Yoast SEO Premium plugin v23.3 (Yoast SEO v27.2) - https:\/\/yoast.com\/product\/yoast-seo-premium-wordpress\/ -->\n<title>Mon petit univers (foulard) articles de luxe en chanvre - Mariblum Slings<\/title>\n<meta name=\"description\" content=\"Ce foulard en chanvre color\u00e9 a re\u00e7u le nom de &quot;Little Universe&quot;. Comme vous pouvez le voir imm\u00e9diatement, le foulard brille de toutes les couleurs.\" \/>\n<meta name=\"robots\" content=\"index, follow, max-snippet:-1, max-image-preview:large, max-video-preview:-1\" \/>\n<link rel=\"canonical\" href=\"https:\/\/mariblum.de\/fr\/produkt\/mon-petit-univers-foulard-en-chanvre\/\" \/>\n<meta property=\"og:locale\" content=\"fr_FR\" \/>\n<meta property=\"og:type\" content=\"article\" \/>\n<meta property=\"og:title\" content=\"Mon petit univers (foulard)\" \/>\n<meta property=\"og:description\" content=\"Ce foulard en chanvre color\u00e9 a re\u00e7u le nom de &quot;Little Universe&quot;. Comme vous pouvez le voir imm\u00e9diatement, le foulard brille de toutes les couleurs.\" \/>\n<meta property=\"og:url\" content=\"https:\/\/mariblum.de\/fr\/produkt\/mon-petit-univers-foulard-en-chanvre\/\" \/>\n<meta property=\"og:site_name\" content=\"mariblum - \u00c9charpe de portage\" \/>\n<meta property=\"article:modified_time\" content=\"2025-01-02T09:13:14+00:00\" \/>\n<meta property=\"og:image\" content=\"https:\/\/mariblum.de\/wp-content\/uploads\/2019\/08\/buntes-halstuch-mein-kleines-Universum-schal-Puppe-Titel-scaled-e1576935857774.jpg\" \/>\n\t<meta property=\"og:image:width\" content=\"600\" \/>\n\t<meta property=\"og:image:height\" content=\"800\" \/>\n\t<meta property=\"og:image:type\" content=\"image\/jpeg\" \/>\n<meta name=\"twitter:card\" content=\"summary_large_image\" \/>\n<meta name=\"twitter:label1\" content=\"Disponibilit\u00e9\" \/>\n\t<meta name=\"twitter:data1\" content=\"Rupture de stock\" \/>\n<script type=\"application\/ld+json\" class=\"yoast-schema-graph\">{\"@context\":\"https:\/\/schema.org\",\"@graph\":[{\"@type\":\"WebPage\",\"@id\":\"https:\/\/mariblum.de\/fr\/produkt\/mon-petit-univers-foulard-en-chanvre\/\",\"url\":\"https:\/\/mariblum.de\/fr\/produkt\/mon-petit-univers-foulard-en-chanvre\/\",\"name\":\"Mon petit univers (foulard) articles de luxe en chanvre - Mariblum Slings\",\"isPartOf\":{\"@id\":\"https:\/\/mariblum.de\/fr\/#website\"},\"primaryImageOfPage\":{\"@id\":\"https:\/\/mariblum.de\/fr\/produkt\/mon-petit-univers-foulard-en-chanvre\/#primaryimage\"},\"image\":{\"@id\":\"https:\/\/mariblum.de\/fr\/produkt\/mon-petit-univers-foulard-en-chanvre\/#primaryimage\"},\"thumbnailUrl\":\"https:\/\/mariblum.de\/wp-content\/uploads\/2019\/08\/buntes-halstuch-mein-kleines-Universum-schal-Puppe-Titel-scaled-e1576935857774.jpg\",\"datePublished\":\"2019-08-28T19:54:24+00:00\",\"dateModified\":\"2025-01-02T09:13:14+00:00\",\"description\":\"Ce foulard en chanvre color\u00e9 a re\u00e7u le nom de \\\"Little Universe\\\". Comme vous pouvez le voir imm\u00e9diatement, le foulard brille de toutes les couleurs.\",\"breadcrumb\":{\"@id\":\"https:\/\/mariblum.de\/fr\/produkt\/mon-petit-univers-foulard-en-chanvre\/#breadcrumb\"},\"inLanguage\":\"fr-FR\",\"potentialAction\":[{\"@type\":\"ReadAction\",\"target\":[\"https:\/\/mariblum.de\/fr\/produkt\/mon-petit-univers-foulard-en-chanvre\/\"]}]},{\"@type\":\"ImageObject\",\"inLanguage\":\"fr-FR\",\"@id\":\"https:\/\/mariblum.de\/fr\/produkt\/mon-petit-univers-foulard-en-chanvre\/#primaryimage\",\"url\":\"https:\/\/mariblum.de\/wp-content\/uploads\/2019\/08\/buntes-halstuch-mein-kleines-Universum-schal-Puppe-Titel-scaled-e1576935857774.jpg\",\"contentUrl\":\"https:\/\/mariblum.de\/wp-content\/uploads\/2019\/08\/buntes-halstuch-mein-kleines-Universum-schal-Puppe-Titel-scaled-e1576935857774.jpg\",\"width\":600,\"height\":800,\"caption\":\"mon-petit-univers-foulard-en-chanvre\"},{\"@type\":\"BreadcrumbList\",\"@id\":\"https:\/\/mariblum.de\/fr\/produkt\/mon-petit-univers-foulard-en-chanvre\/#breadcrumb\",\"itemListElement\":[{\"@type\":\"ListItem\",\"position\":1,\"name\":\"Startseite\",\"item\":\"https:\/\/mariblum.de\/fr\/\"},{\"@type\":\"ListItem\",\"position\":2,\"name\":\"Shop\",\"item\":\"https:\/\/mariblum.de\/fr\/shop\/\"},{\"@type\":\"ListItem\",\"position\":3,\"name\":\"Mon petit univers (foulard)\"}]},{\"@type\":\"WebSite\",\"@id\":\"https:\/\/mariblum.de\/fr\/#website\",\"url\":\"https:\/\/mariblum.de\/fr\/\",\"name\":\"mariblum Traget\u00fccher\",\"description\":\"la fa\u00e7on naturelle de porter votre b\u00e9b\u00e9\",\"publisher\":{\"@id\":\"https:\/\/mariblum.de\/fr\/#organization\"},\"potentialAction\":[{\"@type\":\"SearchAction\",\"target\":{\"@type\":\"EntryPoint\",\"urlTemplate\":\"https:\/\/mariblum.de\/fr\/?s={search_term_string}\"},\"query-input\":{\"@type\":\"PropertyValueSpecification\",\"valueRequired\":true,\"valueName\":\"search_term_string\"}}],\"inLanguage\":\"fr-FR\"},{\"@type\":\"Organization\",\"@id\":\"https:\/\/mariblum.de\/fr\/#organization\",\"name\":\"mariblum\",\"url\":\"https:\/\/mariblum.de\/fr\/\",\"logo\":{\"@type\":\"ImageObject\",\"inLanguage\":\"fr-FR\",\"@id\":\"https:\/\/mariblum.de\/fr\/#\/schema\/logo\/image\/\",\"url\":\"https:\/\/mariblum.de\/wp-content\/uploads\/2020\/07\/logo_m-500x_transparent.png\",\"contentUrl\":\"https:\/\/mariblum.de\/wp-content\/uploads\/2020\/07\/logo_m-500x_transparent.png\",\"width\":500,\"height\":500,\"caption\":\"mariblum\"},\"image\":{\"@id\":\"https:\/\/mariblum.de\/fr\/#\/schema\/logo\/image\/\"},\"sameAs\":[\"https:\/\/www.instagram.com\/_mariblum_\/\"]}]}<\/script>\n<meta property=\"og:availability\" content=\"out of stock\" \/>\n<meta property=\"product:availability\" content=\"out of stock\" \/>\n<meta property=\"product:condition\" content=\"new\" \/>\n<!-- \/ Yoast SEO Premium plugin. -->","yoast_head_json":{"title":"Mon petit univers (foulard) articles de luxe en chanvre - Mariblum Slings","description":"Ce foulard en chanvre color\u00e9 a re\u00e7u le nom de \"Little Universe\". Comme vous pouvez le voir imm\u00e9diatement, le foulard brille de toutes les couleurs.","robots":{"index":"index","follow":"follow","max-snippet":"max-snippet:-1","max-image-preview":"max-image-preview:large","max-video-preview":"max-video-preview:-1"},"canonical":"https:\/\/mariblum.de\/fr\/produkt\/mon-petit-univers-foulard-en-chanvre\/","og_locale":"fr_FR","og_type":"article","og_title":"Mon petit univers (foulard)","og_description":"Ce foulard en chanvre color\u00e9 a re\u00e7u le nom de \"Little Universe\". Comme vous pouvez le voir imm\u00e9diatement, le foulard brille de toutes les couleurs.","og_url":"https:\/\/mariblum.de\/fr\/produkt\/mon-petit-univers-foulard-en-chanvre\/","og_site_name":"mariblum - \u00c9charpe de portage","article_modified_time":"2025-01-02T09:13:14+00:00","og_image":[{"width":600,"height":800,"url":"https:\/\/mariblum.de\/wp-content\/uploads\/2019\/08\/buntes-halstuch-mein-kleines-Universum-schal-Puppe-Titel-scaled-e1576935857774.jpg","type":"image\/jpeg"}],"twitter_card":"summary_large_image","twitter_misc":{"Disponibilit\u00e9":"Rupture de stock"},"schema":{"@context":"https:\/\/schema.org","@graph":[{"@type":"WebPage","@id":"https:\/\/mariblum.de\/fr\/produkt\/mon-petit-univers-foulard-en-chanvre\/","url":"https:\/\/mariblum.de\/fr\/produkt\/mon-petit-univers-foulard-en-chanvre\/","name":"Mon petit univers (foulard) articles de luxe en chanvre - Mariblum Slings","isPartOf":{"@id":"https:\/\/mariblum.de\/fr\/#website"},"primaryImageOfPage":{"@id":"https:\/\/mariblum.de\/fr\/produkt\/mon-petit-univers-foulard-en-chanvre\/#primaryimage"},"image":{"@id":"https:\/\/mariblum.de\/fr\/produkt\/mon-petit-univers-foulard-en-chanvre\/#primaryimage"},"thumbnailUrl":"https:\/\/mariblum.de\/wp-content\/uploads\/2019\/08\/buntes-halstuch-mein-kleines-Universum-schal-Puppe-Titel-scaled-e1576935857774.jpg","datePublished":"2019-08-28T19:54:24+00:00","dateModified":"2025-01-02T09:13:14+00:00","description":"Ce foulard en chanvre color\u00e9 a re\u00e7u le nom de \"Little Universe\". Comme vous pouvez le voir imm\u00e9diatement, le foulard brille de toutes les couleurs.","breadcrumb":{"@id":"https:\/\/mariblum.de\/fr\/produkt\/mon-petit-univers-foulard-en-chanvre\/#breadcrumb"},"inLanguage":"fr-FR","potentialAction":[{"@type":"ReadAction","target":["https:\/\/mariblum.de\/fr\/produkt\/mon-petit-univers-foulard-en-chanvre\/"]}]},{"@type":"ImageObject","inLanguage":"fr-FR","@id":"https:\/\/mariblum.de\/fr\/produkt\/mon-petit-univers-foulard-en-chanvre\/#primaryimage","url":"https:\/\/mariblum.de\/wp-content\/uploads\/2019\/08\/buntes-halstuch-mein-kleines-Universum-schal-Puppe-Titel-scaled-e1576935857774.jpg","contentUrl":"https:\/\/mariblum.de\/wp-content\/uploads\/2019\/08\/buntes-halstuch-mein-kleines-Universum-schal-Puppe-Titel-scaled-e1576935857774.jpg","width":600,"height":800,"caption":"mon-petit-univers-foulard-en-chanvre"},{"@type":"BreadcrumbList","@id":"https:\/\/mariblum.de\/fr\/produkt\/mon-petit-univers-foulard-en-chanvre\/#breadcrumb","itemListElement":[{"@type":"ListItem","position":1,"name":"Startseite","item":"https:\/\/mariblum.de\/fr\/"},{"@type":"ListItem","position":2,"name":"Shop","item":"https:\/\/mariblum.de\/fr\/shop\/"},{"@type":"ListItem","position":3,"name":"Mon petit univers (foulard)"}]},{"@type":"WebSite","@id":"https:\/\/mariblum.de\/fr\/#website","url":"https:\/\/mariblum.de\/fr\/","name":"mariblum Traget\u00fccher","description":"la fa\u00e7on naturelle de porter votre b\u00e9b\u00e9","publisher":{"@id":"https:\/\/mariblum.de\/fr\/#organization"},"potentialAction":[{"@type":"SearchAction","target":{"@type":"EntryPoint","urlTemplate":"https:\/\/mariblum.de\/fr\/?s={search_term_string}"},"query-input":{"@type":"PropertyValueSpecification","valueRequired":true,"valueName":"search_term_string"}}],"inLanguage":"fr-FR"},{"@type":"Organization","@id":"https:\/\/mariblum.de\/fr\/#organization","name":"mariblum","url":"https:\/\/mariblum.de\/fr\/","logo":{"@type":"ImageObject","inLanguage":"fr-FR","@id":"https:\/\/mariblum.de\/fr\/#\/schema\/logo\/image\/","url":"https:\/\/mariblum.de\/wp-content\/uploads\/2020\/07\/logo_m-500x_transparent.png","contentUrl":"https:\/\/mariblum.de\/wp-content\/uploads\/2020\/07\/logo_m-500x_transparent.png","width":500,"height":500,"caption":"mariblum"},"image":{"@id":"https:\/\/mariblum.de\/fr\/#\/schema\/logo\/image\/"},"sameAs":["https:\/\/www.instagram.com\/_mariblum_\/"]}]},"og_availability":"out of stock","product_availability":"out of stock","product_condition":"new"},"_links":{"self":[{"href":"https:\/\/mariblum.de\/fr\/wp-json\/wp\/v2\/product\/7502","targetHints":{"allow":["GET"]}}],"collection":[{"href":"https:\/\/mariblum.de\/fr\/wp-json\/wp\/v2\/product"}],"about":[{"href":"https:\/\/mariblum.de\/fr\/wp-json\/wp\/v2\/types\/product"}],"wp:featuredmedia":[{"embeddable":true,"href":"https:\/\/mariblum.de\/fr\/wp-json\/wp\/v2\/media\/7503"}],"wp:attachment":[{"href":"https:\/\/mariblum.de\/fr\/wp-json\/wp\/v2\/media?parent=7502"}],"wp:term":[{"taxonomy":"product_brand","embeddable":true,"href":"https:\/\/mariblum.de\/fr\/wp-json\/wp\/v2\/product_brand?post=7502"},{"taxonomy":"product_cat","embeddable":true,"href":"https:\/\/mariblum.de\/fr\/wp-json\/wp\/v2\/product_cat?post=7502"},{"taxonomy":"product_tag","embeddable":true,"href":"https:\/\/mariblum.de\/fr\/wp-json\/wp\/v2\/product_tag?post=7502"}],"curies":[{"name":"wp","href":"https:\/\/api.w.org\/{rel}","templated":true}]}}