{"id":16081,"date":"2024-04-15T06:40:24","date_gmt":"2024-04-15T06:40:24","guid":{"rendered":"https:\/\/mariblum.de\/?post_type=product&#038;p=16081"},"modified":"2026-01-25T13:16:49","modified_gmt":"2026-01-25T13:16:49","slug":"ecureuil-echarpe-de-portage-en-chanvre","status":"publish","type":"product","link":"https:\/\/mariblum.de\/fr\/produkt\/ecureuil-echarpe-de-portage-en-chanvre\/","title":{"rendered":"\u00c9cureuil (\u00e9charpe)"},"content":{"rendered":"","protected":false},"excerpt":{"rendered":"<p align=\"justify\">Une esth\u00e9tique chaleureuse et terreuse comme la terre cuite et une petite cr\u00e9ature vivante \u00e0 l\u2019int\u00e9rieur. Voici notre <strong>\u00c9charpe de portage \u00c9cureuil<\/strong> :<\/p>\n<ul>\r\n \t<li>Fabriqu\u00e9 \u00e0 partir de chanvre 100 % biologique, doux pour vous et la peau de votre b\u00e9b\u00e9.<\/li>\r\n \t<li>Coloration \u00e9cologique, sans danger pour la peau de b\u00e9b\u00e9, exempte de produits chimiques industriels et de colorants synth\u00e9tiques.<\/li>\r\n \t<li>Produit purement v\u00e9g\u00e9talien, sans souffrance animale.<\/li>\r\n \t<li>L\u00e9ger et confortable, avec un poids de base de seulement 190g\/m\u00b2.<\/li>\r\n \t<li>70 cm de large avec des extr\u00e9mit\u00e9s droites.<\/li>\r\n<\/ul>\n","protected":false},"featured_media":20067,"template":"","meta":[],"product_brand":[],"product_cat":[1440,2425],"product_tag":[1065,1037],"class_list":{"0":"post-16081","1":"product","2":"type-product","3":"status-publish","4":"has-post-thumbnail","6":"product_cat-fr-slings-en-chanvre-echarpe-de-portage","7":"product_cat-tissus-de-chanvre","8":"product_tag-chanvre","9":"product_tag-sling-fr","11":"first","12":"instock","13":"featured","14":"purchasable","15":"product-type-variable","16":"has-default-attributes"},"yoast_head":"<!-- This site is optimized with the Yoast SEO Premium plugin v23.3 (Yoast SEO v27.2) - https:\/\/yoast.com\/product\/yoast-seo-premium-wordpress\/ -->\n<title>\u00c8charpe - mariblum - \u00c9charpe de portage<\/title>\n<meta name=\"description\" content=\"Une esth\u00e9tique chaleureuse et terreuse comme la terre cuite et une petite cr\u00e9ature vivante \u00e0 l\u2019int\u00e9rieur. Voici notre \u00e9charpe de portage \u00c9cureuil :\" \/>\n<meta name=\"robots\" content=\"index, follow, max-snippet:-1, max-image-preview:large, max-video-preview:-1\" \/>\n<link rel=\"canonical\" href=\"https:\/\/mariblum.de\/fr\/produkt\/ecureuil-echarpe-de-portage-en-chanvre\/\" \/>\n<meta property=\"og:locale\" content=\"fr_FR\" \/>\n<meta property=\"og:type\" content=\"article\" \/>\n<meta property=\"og:title\" content=\"\u00c9cureuil (\u00e9charpe)\" \/>\n<meta property=\"og:description\" content=\"Une esth\u00e9tique chaleureuse et terreuse comme la terre cuite et une petite cr\u00e9ature vivante \u00e0 l\u2019int\u00e9rieur. Voici notre \u00e9charpe de portage \u00c9cureuil :\" \/>\n<meta property=\"og:url\" content=\"https:\/\/mariblum.de\/fr\/produkt\/ecureuil-echarpe-de-portage-en-chanvre\/\" \/>\n<meta property=\"og:site_name\" content=\"mariblum - \u00c9charpe de portage\" \/>\n<meta property=\"article:modified_time\" content=\"2026-01-25T13:16:49+00:00\" \/>\n<meta property=\"og:image\" content=\"https:\/\/mariblum.de\/wp-content\/uploads\/2024\/04\/Babytragetuch-aus-hanf-braun.webp\" \/>\n\t<meta property=\"og:image:width\" content=\"1536\" \/>\n\t<meta property=\"og:image:height\" content=\"2048\" \/>\n\t<meta property=\"og:image:type\" content=\"image\/webp\" \/>\n<meta name=\"twitter:card\" content=\"summary_large_image\" \/>\n<meta name=\"twitter:label1\" content=\"Disponibilit\u00e9\" \/>\n\t<meta name=\"twitter:data1\" content=\"En stock\" \/>\n<script type=\"application\/ld+json\" class=\"yoast-schema-graph\">{\"@context\":\"https:\/\/schema.org\",\"@graph\":[{\"@type\":\"WebPage\",\"@id\":\"https:\/\/mariblum.de\/fr\/produkt\/ecureuil-echarpe-de-portage-en-chanvre\/\",\"url\":\"https:\/\/mariblum.de\/fr\/produkt\/ecureuil-echarpe-de-portage-en-chanvre\/\",\"name\":\"\u00c8charpe - mariblum - \u00c9charpe de portage\",\"isPartOf\":{\"@id\":\"https:\/\/mariblum.de\/fr\/#website\"},\"primaryImageOfPage\":{\"@id\":\"https:\/\/mariblum.de\/fr\/produkt\/ecureuil-echarpe-de-portage-en-chanvre\/#primaryimage\"},\"image\":{\"@id\":\"https:\/\/mariblum.de\/fr\/produkt\/ecureuil-echarpe-de-portage-en-chanvre\/#primaryimage\"},\"thumbnailUrl\":\"https:\/\/mariblum.de\/wp-content\/uploads\/2024\/04\/Babytragetuch-aus-hanf-braun.webp\",\"datePublished\":\"2024-04-15T06:40:24+00:00\",\"dateModified\":\"2026-01-25T13:16:49+00:00\",\"description\":\"Une esth\u00e9tique chaleureuse et terreuse comme la terre cuite et une petite cr\u00e9ature vivante \u00e0 l\u2019int\u00e9rieur. Voici notre \u00e9charpe de portage \u00c9cureuil :\",\"breadcrumb\":{\"@id\":\"https:\/\/mariblum.de\/fr\/produkt\/ecureuil-echarpe-de-portage-en-chanvre\/#breadcrumb\"},\"inLanguage\":\"fr-FR\",\"potentialAction\":[{\"@type\":\"ReadAction\",\"target\":[\"https:\/\/mariblum.de\/fr\/produkt\/ecureuil-echarpe-de-portage-en-chanvre\/\"]}]},{\"@type\":\"ImageObject\",\"inLanguage\":\"fr-FR\",\"@id\":\"https:\/\/mariblum.de\/fr\/produkt\/ecureuil-echarpe-de-portage-en-chanvre\/#primaryimage\",\"url\":\"https:\/\/mariblum.de\/wp-content\/uploads\/2024\/04\/Babytragetuch-aus-hanf-braun.webp\",\"contentUrl\":\"https:\/\/mariblum.de\/wp-content\/uploads\/2024\/04\/Babytragetuch-aus-hanf-braun.webp\",\"width\":1536,\"height\":2048,\"caption\":\"Porte-b\u00e9b\u00e9 avec enfant heureux\"},{\"@type\":\"BreadcrumbList\",\"@id\":\"https:\/\/mariblum.de\/fr\/produkt\/ecureuil-echarpe-de-portage-en-chanvre\/#breadcrumb\",\"itemListElement\":[{\"@type\":\"ListItem\",\"position\":1,\"name\":\"Startseite\",\"item\":\"https:\/\/mariblum.de\/fr\/\"},{\"@type\":\"ListItem\",\"position\":2,\"name\":\"Shop\",\"item\":\"https:\/\/mariblum.de\/fr\/shop\/\"},{\"@type\":\"ListItem\",\"position\":3,\"name\":\"\u00c9cureuil (\u00e9charpe)\"}]},{\"@type\":\"WebSite\",\"@id\":\"https:\/\/mariblum.de\/fr\/#website\",\"url\":\"https:\/\/mariblum.de\/fr\/\",\"name\":\"mariblum Traget\u00fccher\",\"description\":\"la fa\u00e7on naturelle de porter votre b\u00e9b\u00e9\",\"publisher\":{\"@id\":\"https:\/\/mariblum.de\/fr\/#organization\"},\"potentialAction\":[{\"@type\":\"SearchAction\",\"target\":{\"@type\":\"EntryPoint\",\"urlTemplate\":\"https:\/\/mariblum.de\/fr\/?s={search_term_string}\"},\"query-input\":{\"@type\":\"PropertyValueSpecification\",\"valueRequired\":true,\"valueName\":\"search_term_string\"}}],\"inLanguage\":\"fr-FR\"},{\"@type\":\"Organization\",\"@id\":\"https:\/\/mariblum.de\/fr\/#organization\",\"name\":\"mariblum\",\"url\":\"https:\/\/mariblum.de\/fr\/\",\"logo\":{\"@type\":\"ImageObject\",\"inLanguage\":\"fr-FR\",\"@id\":\"https:\/\/mariblum.de\/fr\/#\/schema\/logo\/image\/\",\"url\":\"https:\/\/mariblum.de\/wp-content\/uploads\/2020\/07\/logo_m-500x_transparent.png\",\"contentUrl\":\"https:\/\/mariblum.de\/wp-content\/uploads\/2020\/07\/logo_m-500x_transparent.png\",\"width\":500,\"height\":500,\"caption\":\"mariblum\"},\"image\":{\"@id\":\"https:\/\/mariblum.de\/fr\/#\/schema\/logo\/image\/\"},\"sameAs\":[\"https:\/\/www.instagram.com\/_mariblum_\/\"]}]}<\/script>\n<meta property=\"og:availability\" content=\"instock\" \/>\n<meta property=\"product:availability\" content=\"instock\" \/>\n<meta property=\"product:condition\" content=\"new\" \/>\n<!-- \/ Yoast SEO Premium plugin. -->","yoast_head_json":{"title":"\u00c8charpe - mariblum - \u00c9charpe de portage","description":"Une esth\u00e9tique chaleureuse et terreuse comme la terre cuite et une petite cr\u00e9ature vivante \u00e0 l\u2019int\u00e9rieur. Voici notre \u00e9charpe de portage \u00c9cureuil :","robots":{"index":"index","follow":"follow","max-snippet":"max-snippet:-1","max-image-preview":"max-image-preview:large","max-video-preview":"max-video-preview:-1"},"canonical":"https:\/\/mariblum.de\/fr\/produkt\/ecureuil-echarpe-de-portage-en-chanvre\/","og_locale":"fr_FR","og_type":"article","og_title":"\u00c9cureuil (\u00e9charpe)","og_description":"Une esth\u00e9tique chaleureuse et terreuse comme la terre cuite et une petite cr\u00e9ature vivante \u00e0 l\u2019int\u00e9rieur. Voici notre \u00e9charpe de portage \u00c9cureuil :","og_url":"https:\/\/mariblum.de\/fr\/produkt\/ecureuil-echarpe-de-portage-en-chanvre\/","og_site_name":"mariblum - \u00c9charpe de portage","article_modified_time":"2026-01-25T13:16:49+00:00","og_image":[{"width":1536,"height":2048,"url":"https:\/\/mariblum.de\/wp-content\/uploads\/2024\/04\/Babytragetuch-aus-hanf-braun.webp","type":"image\/webp"}],"twitter_card":"summary_large_image","twitter_misc":{"Disponibilit\u00e9":"En stock"},"schema":{"@context":"https:\/\/schema.org","@graph":[{"@type":"WebPage","@id":"https:\/\/mariblum.de\/fr\/produkt\/ecureuil-echarpe-de-portage-en-chanvre\/","url":"https:\/\/mariblum.de\/fr\/produkt\/ecureuil-echarpe-de-portage-en-chanvre\/","name":"\u00c8charpe - mariblum - \u00c9charpe de portage","isPartOf":{"@id":"https:\/\/mariblum.de\/fr\/#website"},"primaryImageOfPage":{"@id":"https:\/\/mariblum.de\/fr\/produkt\/ecureuil-echarpe-de-portage-en-chanvre\/#primaryimage"},"image":{"@id":"https:\/\/mariblum.de\/fr\/produkt\/ecureuil-echarpe-de-portage-en-chanvre\/#primaryimage"},"thumbnailUrl":"https:\/\/mariblum.de\/wp-content\/uploads\/2024\/04\/Babytragetuch-aus-hanf-braun.webp","datePublished":"2024-04-15T06:40:24+00:00","dateModified":"2026-01-25T13:16:49+00:00","description":"Une esth\u00e9tique chaleureuse et terreuse comme la terre cuite et une petite cr\u00e9ature vivante \u00e0 l\u2019int\u00e9rieur. Voici notre \u00e9charpe de portage \u00c9cureuil :","breadcrumb":{"@id":"https:\/\/mariblum.de\/fr\/produkt\/ecureuil-echarpe-de-portage-en-chanvre\/#breadcrumb"},"inLanguage":"fr-FR","potentialAction":[{"@type":"ReadAction","target":["https:\/\/mariblum.de\/fr\/produkt\/ecureuil-echarpe-de-portage-en-chanvre\/"]}]},{"@type":"ImageObject","inLanguage":"fr-FR","@id":"https:\/\/mariblum.de\/fr\/produkt\/ecureuil-echarpe-de-portage-en-chanvre\/#primaryimage","url":"https:\/\/mariblum.de\/wp-content\/uploads\/2024\/04\/Babytragetuch-aus-hanf-braun.webp","contentUrl":"https:\/\/mariblum.de\/wp-content\/uploads\/2024\/04\/Babytragetuch-aus-hanf-braun.webp","width":1536,"height":2048,"caption":"Porte-b\u00e9b\u00e9 avec enfant heureux"},{"@type":"BreadcrumbList","@id":"https:\/\/mariblum.de\/fr\/produkt\/ecureuil-echarpe-de-portage-en-chanvre\/#breadcrumb","itemListElement":[{"@type":"ListItem","position":1,"name":"Startseite","item":"https:\/\/mariblum.de\/fr\/"},{"@type":"ListItem","position":2,"name":"Shop","item":"https:\/\/mariblum.de\/fr\/shop\/"},{"@type":"ListItem","position":3,"name":"\u00c9cureuil (\u00e9charpe)"}]},{"@type":"WebSite","@id":"https:\/\/mariblum.de\/fr\/#website","url":"https:\/\/mariblum.de\/fr\/","name":"mariblum Traget\u00fccher","description":"la fa\u00e7on naturelle de porter votre b\u00e9b\u00e9","publisher":{"@id":"https:\/\/mariblum.de\/fr\/#organization"},"potentialAction":[{"@type":"SearchAction","target":{"@type":"EntryPoint","urlTemplate":"https:\/\/mariblum.de\/fr\/?s={search_term_string}"},"query-input":{"@type":"PropertyValueSpecification","valueRequired":true,"valueName":"search_term_string"}}],"inLanguage":"fr-FR"},{"@type":"Organization","@id":"https:\/\/mariblum.de\/fr\/#organization","name":"mariblum","url":"https:\/\/mariblum.de\/fr\/","logo":{"@type":"ImageObject","inLanguage":"fr-FR","@id":"https:\/\/mariblum.de\/fr\/#\/schema\/logo\/image\/","url":"https:\/\/mariblum.de\/wp-content\/uploads\/2020\/07\/logo_m-500x_transparent.png","contentUrl":"https:\/\/mariblum.de\/wp-content\/uploads\/2020\/07\/logo_m-500x_transparent.png","width":500,"height":500,"caption":"mariblum"},"image":{"@id":"https:\/\/mariblum.de\/fr\/#\/schema\/logo\/image\/"},"sameAs":["https:\/\/www.instagram.com\/_mariblum_\/"]}]},"og_availability":"instock","product_availability":"instock","product_condition":"new"},"_links":{"self":[{"href":"https:\/\/mariblum.de\/fr\/wp-json\/wp\/v2\/product\/16081","targetHints":{"allow":["GET"]}}],"collection":[{"href":"https:\/\/mariblum.de\/fr\/wp-json\/wp\/v2\/product"}],"about":[{"href":"https:\/\/mariblum.de\/fr\/wp-json\/wp\/v2\/types\/product"}],"wp:featuredmedia":[{"embeddable":true,"href":"https:\/\/mariblum.de\/fr\/wp-json\/wp\/v2\/media\/20067"}],"wp:attachment":[{"href":"https:\/\/mariblum.de\/fr\/wp-json\/wp\/v2\/media?parent=16081"}],"wp:term":[{"taxonomy":"product_brand","embeddable":true,"href":"https:\/\/mariblum.de\/fr\/wp-json\/wp\/v2\/product_brand?post=16081"},{"taxonomy":"product_cat","embeddable":true,"href":"https:\/\/mariblum.de\/fr\/wp-json\/wp\/v2\/product_cat?post=16081"},{"taxonomy":"product_tag","embeddable":true,"href":"https:\/\/mariblum.de\/fr\/wp-json\/wp\/v2\/product_tag?post=16081"}],"curies":[{"name":"wp","href":"https:\/\/api.w.org\/{rel}","templated":true}]}}