{"id":11946,"date":"2022-03-18T11:56:47","date_gmt":"2022-03-18T11:56:47","guid":{"rendered":"https:\/\/mariblum.de\/?post_type=product&#038;p=11946"},"modified":"2026-03-08T13:56:16","modified_gmt":"2026-03-08T13:56:16","slug":"porte-bebe-noir-rose-edle-coton-elephant","status":"publish","type":"product","link":"https:\/\/mariblum.de\/fr\/produkt\/porte-bebe-noir-rose-edle-coton-elephant\/","title":{"rendered":"\u00c9l\u00e9phant (\u00e9charpe)"},"content":{"rendered":"<h3>\u00c9l\u00e9phant &#8211; \u00c9charpe de portage en coton<\/h3>\n<p style=\"text-align: justify;\">Notre premi\u00e8re <a href=\"https:\/\/mariblum.de\/fr\/tissage-jacquard-pour-mariblum-echarpes-de-portage\/\">\u00e9charpe jacquard en coton<\/a> \u00e9tait cens\u00e9e \u00eatre quelque chose de tr\u00e8s sp\u00e9cial &#8211; et elle l&rsquo;est ! Elle est faite \u00e0 100% de coton de haute qualit\u00e9 et a \u00e9t\u00e9 tiss\u00e9e et cousue en Allemagne.<\/p>\n<p style=\"text-align: justify;\">Chaque taille de porte-b\u00e9b\u00e9 est unique. Les tailles n&rsquo;ont pas \u00e9t\u00e9 cr\u00e9\u00e9es dans l&rsquo;atelier de couture, mais d\u00e9j\u00e0 sur le m\u00e9tier \u00e0 tisser. Normalement, le tissu des \u00e9charpes jacquard est un mod\u00e8le sans fin, qui est simplement coup\u00e9 \u00e0 la taille finale et cousu ensemble.<\/p>\n<p>&nbsp;<\/p>\n<p><center><img loading=\"lazy\" decoding=\"async\" class=\"wp-image-11913 size-medium aligncenter\" src=\"https:\/\/mariblum.de\/wp-content\/uploads\/2022\/03\/gruen-weiss-tragetuch-aus-baumwolle-baby-richtig-tragen-elefantengeschwister-muster-300x200.jpg\" alt=\"gr\u00fcn-wei\u00df-tragetuch-aus-baumwolle-baby-richtig-tragen-elefantengeschwister-muster\" width=\"300\" height=\"200\" srcset=\"https:\/\/mariblum.de\/wp-content\/uploads\/2022\/03\/gruen-weiss-tragetuch-aus-baumwolle-baby-richtig-tragen-elefantengeschwister-muster-300x200.jpg 300w, https:\/\/mariblum.de\/wp-content\/uploads\/2022\/03\/gruen-weiss-tragetuch-aus-baumwolle-baby-richtig-tragen-elefantengeschwister-muster-510x340.jpg 510w, https:\/\/mariblum.de\/wp-content\/uploads\/2022\/03\/gruen-weiss-tragetuch-aus-baumwolle-baby-richtig-tragen-elefantengeschwister-muster.jpg 600w\" sizes=\"auto, (max-width: 300px) 100vw, 300px\" \/><\/center>&nbsp;<\/p>\n<h5><\/h5>\n<h5>Conseils:<\/h5>\n<p style=\"text-align: justify;\">Dans le cas de notre porte-b\u00e9b\u00e9 \u00e9l\u00e9phant en coton, chaque taille individuelle a d\u00e9j\u00e0 \u00e9t\u00e9 cr\u00e9\u00e9e lors du processus de tissage, de sorte que deux grandes t\u00eates d&rsquo;\u00e9l\u00e9phant peuvent orner les extr\u00e9mit\u00e9s. Chacune de vos variations de portage nou\u00e9 devient ainsi un v\u00e9ritable point fort. Le centre de l&rsquo;\u00e9charpe est d\u00e9cor\u00e9 de la fleur de mariblum. Elle n&rsquo;est pas non plus cousue, mais tiss\u00e9e sous forme de motif jacquard.<\/p>\n<p style=\"text-align: justify;\">Nous avons rapidement d\u00e9cid\u00e9 que les \u00e9l\u00e9phants seraient notre motif. C&rsquo;est l&rsquo;un de nos animaux pr\u00e9f\u00e9r\u00e9s. Saviez-vous que les \u00e9l\u00e9phants vivent en famille comme les humains et sont des animaux tr\u00e8s sociaux ? Ils \u00e9l\u00e8vent leurs enfants ensemble et se soutiennent mutuellement en cas de probl\u00e8me.<\/p>\n<p><center><img loading=\"lazy\" decoding=\"async\" class=\"wp-image-11906 size-medium aligncenter\" src=\"https:\/\/mariblum.de\/wp-content\/uploads\/2022\/03\/tragetuch-aus-baumwolle-elefanten-kopf-gross-200x300.jpg\" alt=\"tragetuch-aus-baumwolle-elefanten-kopf-gro\u00df\" width=\"200\" height=\"300\" srcset=\"https:\/\/mariblum.de\/wp-content\/uploads\/2022\/03\/tragetuch-aus-baumwolle-elefanten-kopf-gross-200x300.jpg 200w, https:\/\/mariblum.de\/wp-content\/uploads\/2022\/03\/tragetuch-aus-baumwolle-elefanten-kopf-gross.jpg 400w\" sizes=\"auto, (max-width: 200px) 100vw, 200px\" \/><\/center>&nbsp;<\/p>\n<p style=\"text-align: justify;\">Nous attachons beaucoup d&rsquo;importance \u00e0 la durabilit\u00e9 et donc, bien s\u00fbr, une production r\u00e9gionale avec des voies de transport courtes est \u00e9galement tr\u00e8s importante pour nous. En outre, cette usine de tissage pourrait nous garantir un produit de tr\u00e8s haute qualit\u00e9. Vous pourrez le sentir et le voir imm\u00e9diatement. Gr\u00e2ce au tissage, l&rsquo;\u00e9charpe de portage n&rsquo;a pas tendance \u00e0 tirer les fils et soutient parfaitement le portage de votre b\u00e9b\u00e9. Malgr\u00e9 la densit\u00e9 \u00e9lev\u00e9e du tissage, l&rsquo;\u00e9charpe de portage jacquard est magnifiquement douce et merveilleusement c\u00e2line.<\/p>\n<p style=\"text-align: justify;\">Nos colis et mat\u00e9riaux d\u2019exp\u00e9dition proviennent de <a href=\"http:\/\/www.biobiene.com\/\" target=\"_blank\" rel=\"noopener noreferrer\">BioBiene<\/a>. Il s\u2019agit d\u2019un fabricant de mat\u00e9riaux d\u2019emballage biologiques qui nous offre des alternatives d\u2019emballage 100% sans plastique.<\/p>\n<p><center><a href=\"https:\/\/www.biobiene.com\/umweltsiegel\/index?id=5fdbd693288bd1c5739e0c3353817b47\" target=\"_blank\" rel=\"noopener noreferrer\"><img decoding=\"async\" class=\"aligncenter\" style=\"width: 170px; height: auto; image-rendering: -webkit-optimize-contrast;\" src=\"https:\/\/www.biobiene.com\/custom\/plugins\/SpnoBioSeal\/Images\/CustomerSeals\/5fdbd693288bd1c5739e0c3353817b47.png\" \/><\/a><\/center><\/p>\n<h5><\/h5>\n<h5>Instructions d\u2019entretien :<\/h5>\n<div>\n<p style=\"text-align: justify;\">Pour que vous puissiez profiter longtemps de votre \u00e9charpe de portage en coton mariblum, veuillez la laver \u00e0 40\u00b0C uniquement et ne pas la blanchir. N&rsquo;utilisez pas le s\u00e8che-linge ! Vous pouvez le repasser, mais seulement jusqu&rsquo;\u00e0 une temp\u00e9rature maximale de 150\u00b0C (nous recommandons un r\u00e9glage plus bas). Ne pas nettoyer \u00e0 sec !<\/p>\n<\/div>\n<div><\/div>\n<div><\/div>\n<div><center><img loading=\"lazy\" decoding=\"async\" class=\"alignnone wp-image-11857 size-medium\" src=\"https:\/\/mariblum.de\/wp-content\/uploads\/2022\/03\/pflege-elefanten-tragetuch-aus-baumwolle-300x48.jpg\" alt=\"pflegehinweise-tragetuch-aus-baumwolle-elefanten\" width=\"300\" height=\"48\" srcset=\"https:\/\/mariblum.de\/wp-content\/uploads\/2022\/03\/pflege-elefanten-tragetuch-aus-baumwolle-300x48.jpg 300w, https:\/\/mariblum.de\/wp-content\/uploads\/2022\/03\/pflege-elefanten-tragetuch-aus-baumwolle.jpg 341w\" sizes=\"auto, (max-width: 300px) 100vw, 300px\" \/><\/center><\/div>\n<p>&nbsp;<\/p>\n","protected":false},"excerpt":{"rendered":"<p>\u00c9l\u00e9phant &#8211; \u00c9charpe de portage en coton Notre premi\u00e8re \u00e9charpe jacquard en coton \u00e9tait cens\u00e9e \u00eatre quelque chose de tr\u00e8s sp\u00e9cial &#8211; et elle l&rsquo;est ! Elle est faite \u00e0 100% de coton de haute qualit\u00e9 et a \u00e9t\u00e9 tiss\u00e9e et cousue en Allemagne. Chaque taille de porte-b\u00e9b\u00e9 est unique. Les tailles n&rsquo;ont pas \u00e9t\u00e9 [&#8230;]\n","protected":false},"featured_media":20116,"template":"","meta":[],"product_brand":[],"product_cat":[1670,2433],"product_tag":[1545,1675,1676,1677,1037],"class_list":{"0":"post-11946","1":"product","2":"type-product","3":"status-publish","4":"has-post-thumbnail","6":"product_cat-fr-slings-en-coton","7":"product_cat-tissus-en-coton","8":"product_tag-coton","9":"product_tag-elephant-fr","10":"product_tag-noir","11":"product_tag-rose","12":"product_tag-sling-fr","14":"first","15":"instock","16":"sale","17":"purchasable","18":"product-type-variable","19":"has-default-attributes"},"yoast_head":"<!-- This site is optimized with the Yoast SEO Premium plugin v23.3 (Yoast SEO v27.2) - https:\/\/yoast.com\/product\/yoast-seo-premium-wordpress\/ -->\n<title>\u00c9l\u00e9phant (\u00e9charpe) en coton | mariblum - le portage<\/title>\n<meta name=\"description\" content=\"L&#039;\u00e9charpe de portage en coton est quelque chose de tr\u00e8s sp\u00e9cial. Elle est fabriqu\u00e9e en coton de haute qualit\u00e9 et a \u00e9t\u00e9 tiss\u00e9e en Allemagne.\" \/>\n<meta name=\"robots\" content=\"index, follow, max-snippet:-1, max-image-preview:large, max-video-preview:-1\" \/>\n<link rel=\"canonical\" href=\"https:\/\/mariblum.de\/fr\/produkt\/porte-bebe-noir-rose-edle-coton-elephant\/\" \/>\n<meta property=\"og:locale\" content=\"fr_FR\" \/>\n<meta property=\"og:type\" content=\"article\" \/>\n<meta property=\"og:title\" content=\"\u00c9l\u00e9phant (\u00e9charpe)\" \/>\n<meta property=\"og:description\" content=\"L&#039;\u00e9charpe de portage en coton est quelque chose de tr\u00e8s sp\u00e9cial. Elle est fabriqu\u00e9e en coton de haute qualit\u00e9 et a \u00e9t\u00e9 tiss\u00e9e en Allemagne.\" \/>\n<meta property=\"og:url\" content=\"https:\/\/mariblum.de\/fr\/produkt\/porte-bebe-noir-rose-edle-coton-elephant\/\" \/>\n<meta property=\"og:site_name\" content=\"mariblum - \u00c9charpe de portage\" \/>\n<meta property=\"article:modified_time\" content=\"2026-03-08T13:56:16+00:00\" \/>\n<meta property=\"og:image\" content=\"https:\/\/mariblum.de\/wp-content\/uploads\/2022\/03\/babytragetuch-baumwolle-elefant-lila-wald.webp\" \/>\n\t<meta property=\"og:image:width\" content=\"600\" \/>\n\t<meta property=\"og:image:height\" content=\"800\" \/>\n\t<meta property=\"og:image:type\" content=\"image\/webp\" \/>\n<meta name=\"twitter:card\" content=\"summary_large_image\" \/>\n<meta name=\"twitter:label1\" content=\"Disponibilit\u00e9\" \/>\n\t<meta name=\"twitter:data1\" content=\"En stock\" \/>\n<script type=\"application\/ld+json\" class=\"yoast-schema-graph\">{\"@context\":\"https:\/\/schema.org\",\"@graph\":[{\"@type\":\"WebPage\",\"@id\":\"https:\/\/mariblum.de\/fr\/produkt\/porte-bebe-noir-rose-edle-coton-elephant\/\",\"url\":\"https:\/\/mariblum.de\/fr\/produkt\/porte-bebe-noir-rose-edle-coton-elephant\/\",\"name\":\"\u00c9l\u00e9phant (\u00e9charpe) en coton | mariblum - le portage\",\"isPartOf\":{\"@id\":\"https:\/\/mariblum.de\/fr\/#website\"},\"primaryImageOfPage\":{\"@id\":\"https:\/\/mariblum.de\/fr\/produkt\/porte-bebe-noir-rose-edle-coton-elephant\/#primaryimage\"},\"image\":{\"@id\":\"https:\/\/mariblum.de\/fr\/produkt\/porte-bebe-noir-rose-edle-coton-elephant\/#primaryimage\"},\"thumbnailUrl\":\"https:\/\/mariblum.de\/wp-content\/uploads\/2022\/03\/babytragetuch-baumwolle-elefant-lila-wald.webp\",\"datePublished\":\"2022-03-18T11:56:47+00:00\",\"dateModified\":\"2026-03-08T13:56:16+00:00\",\"description\":\"L'\u00e9charpe de portage en coton est quelque chose de tr\u00e8s sp\u00e9cial. Elle est fabriqu\u00e9e en coton de haute qualit\u00e9 et a \u00e9t\u00e9 tiss\u00e9e en Allemagne.\",\"breadcrumb\":{\"@id\":\"https:\/\/mariblum.de\/fr\/produkt\/porte-bebe-noir-rose-edle-coton-elephant\/#breadcrumb\"},\"inLanguage\":\"fr-FR\",\"potentialAction\":[{\"@type\":\"ReadAction\",\"target\":[\"https:\/\/mariblum.de\/fr\/produkt\/porte-bebe-noir-rose-edle-coton-elephant\/\"]}]},{\"@type\":\"ImageObject\",\"inLanguage\":\"fr-FR\",\"@id\":\"https:\/\/mariblum.de\/fr\/produkt\/porte-bebe-noir-rose-edle-coton-elephant\/#primaryimage\",\"url\":\"https:\/\/mariblum.de\/wp-content\/uploads\/2022\/03\/babytragetuch-baumwolle-elefant-lila-wald.webp\",\"contentUrl\":\"https:\/\/mariblum.de\/wp-content\/uploads\/2022\/03\/babytragetuch-baumwolle-elefant-lila-wald.webp\",\"width\":600,\"height\":800,\"caption\":\"Nature pure et proximit\u00e9 : notre \u00e9charpe en coton en utilisation en for\u00eat.\"},{\"@type\":\"BreadcrumbList\",\"@id\":\"https:\/\/mariblum.de\/fr\/produkt\/porte-bebe-noir-rose-edle-coton-elephant\/#breadcrumb\",\"itemListElement\":[{\"@type\":\"ListItem\",\"position\":1,\"name\":\"Startseite\",\"item\":\"https:\/\/mariblum.de\/fr\/\"},{\"@type\":\"ListItem\",\"position\":2,\"name\":\"Shop\",\"item\":\"https:\/\/mariblum.de\/fr\/shop\/\"},{\"@type\":\"ListItem\",\"position\":3,\"name\":\"\u00c9l\u00e9phant (\u00e9charpe)\"}]},{\"@type\":\"WebSite\",\"@id\":\"https:\/\/mariblum.de\/fr\/#website\",\"url\":\"https:\/\/mariblum.de\/fr\/\",\"name\":\"mariblum Traget\u00fccher\",\"description\":\"la fa\u00e7on naturelle de porter votre b\u00e9b\u00e9\",\"publisher\":{\"@id\":\"https:\/\/mariblum.de\/fr\/#organization\"},\"potentialAction\":[{\"@type\":\"SearchAction\",\"target\":{\"@type\":\"EntryPoint\",\"urlTemplate\":\"https:\/\/mariblum.de\/fr\/?s={search_term_string}\"},\"query-input\":{\"@type\":\"PropertyValueSpecification\",\"valueRequired\":true,\"valueName\":\"search_term_string\"}}],\"inLanguage\":\"fr-FR\"},{\"@type\":\"Organization\",\"@id\":\"https:\/\/mariblum.de\/fr\/#organization\",\"name\":\"mariblum\",\"url\":\"https:\/\/mariblum.de\/fr\/\",\"logo\":{\"@type\":\"ImageObject\",\"inLanguage\":\"fr-FR\",\"@id\":\"https:\/\/mariblum.de\/fr\/#\/schema\/logo\/image\/\",\"url\":\"https:\/\/mariblum.de\/wp-content\/uploads\/2020\/07\/logo_m-500x_transparent.png\",\"contentUrl\":\"https:\/\/mariblum.de\/wp-content\/uploads\/2020\/07\/logo_m-500x_transparent.png\",\"width\":500,\"height\":500,\"caption\":\"mariblum\"},\"image\":{\"@id\":\"https:\/\/mariblum.de\/fr\/#\/schema\/logo\/image\/\"},\"sameAs\":[\"https:\/\/www.instagram.com\/_mariblum_\/\"]}]}<\/script>\n<meta property=\"og:availability\" content=\"instock\" \/>\n<meta property=\"product:availability\" content=\"instock\" \/>\n<meta property=\"product:condition\" content=\"new\" \/>\n<!-- \/ Yoast SEO Premium plugin. -->","yoast_head_json":{"title":"\u00c9l\u00e9phant (\u00e9charpe) en coton | mariblum - le portage","description":"L'\u00e9charpe de portage en coton est quelque chose de tr\u00e8s sp\u00e9cial. Elle est fabriqu\u00e9e en coton de haute qualit\u00e9 et a \u00e9t\u00e9 tiss\u00e9e en Allemagne.","robots":{"index":"index","follow":"follow","max-snippet":"max-snippet:-1","max-image-preview":"max-image-preview:large","max-video-preview":"max-video-preview:-1"},"canonical":"https:\/\/mariblum.de\/fr\/produkt\/porte-bebe-noir-rose-edle-coton-elephant\/","og_locale":"fr_FR","og_type":"article","og_title":"\u00c9l\u00e9phant (\u00e9charpe)","og_description":"L'\u00e9charpe de portage en coton est quelque chose de tr\u00e8s sp\u00e9cial. Elle est fabriqu\u00e9e en coton de haute qualit\u00e9 et a \u00e9t\u00e9 tiss\u00e9e en Allemagne.","og_url":"https:\/\/mariblum.de\/fr\/produkt\/porte-bebe-noir-rose-edle-coton-elephant\/","og_site_name":"mariblum - \u00c9charpe de portage","article_modified_time":"2026-03-08T13:56:16+00:00","og_image":[{"width":600,"height":800,"url":"https:\/\/mariblum.de\/wp-content\/uploads\/2022\/03\/babytragetuch-baumwolle-elefant-lila-wald.webp","type":"image\/webp"}],"twitter_card":"summary_large_image","twitter_misc":{"Disponibilit\u00e9":"En stock"},"schema":{"@context":"https:\/\/schema.org","@graph":[{"@type":"WebPage","@id":"https:\/\/mariblum.de\/fr\/produkt\/porte-bebe-noir-rose-edle-coton-elephant\/","url":"https:\/\/mariblum.de\/fr\/produkt\/porte-bebe-noir-rose-edle-coton-elephant\/","name":"\u00c9l\u00e9phant (\u00e9charpe) en coton | mariblum - le portage","isPartOf":{"@id":"https:\/\/mariblum.de\/fr\/#website"},"primaryImageOfPage":{"@id":"https:\/\/mariblum.de\/fr\/produkt\/porte-bebe-noir-rose-edle-coton-elephant\/#primaryimage"},"image":{"@id":"https:\/\/mariblum.de\/fr\/produkt\/porte-bebe-noir-rose-edle-coton-elephant\/#primaryimage"},"thumbnailUrl":"https:\/\/mariblum.de\/wp-content\/uploads\/2022\/03\/babytragetuch-baumwolle-elefant-lila-wald.webp","datePublished":"2022-03-18T11:56:47+00:00","dateModified":"2026-03-08T13:56:16+00:00","description":"L'\u00e9charpe de portage en coton est quelque chose de tr\u00e8s sp\u00e9cial. Elle est fabriqu\u00e9e en coton de haute qualit\u00e9 et a \u00e9t\u00e9 tiss\u00e9e en Allemagne.","breadcrumb":{"@id":"https:\/\/mariblum.de\/fr\/produkt\/porte-bebe-noir-rose-edle-coton-elephant\/#breadcrumb"},"inLanguage":"fr-FR","potentialAction":[{"@type":"ReadAction","target":["https:\/\/mariblum.de\/fr\/produkt\/porte-bebe-noir-rose-edle-coton-elephant\/"]}]},{"@type":"ImageObject","inLanguage":"fr-FR","@id":"https:\/\/mariblum.de\/fr\/produkt\/porte-bebe-noir-rose-edle-coton-elephant\/#primaryimage","url":"https:\/\/mariblum.de\/wp-content\/uploads\/2022\/03\/babytragetuch-baumwolle-elefant-lila-wald.webp","contentUrl":"https:\/\/mariblum.de\/wp-content\/uploads\/2022\/03\/babytragetuch-baumwolle-elefant-lila-wald.webp","width":600,"height":800,"caption":"Nature pure et proximit\u00e9 : notre \u00e9charpe en coton en utilisation en for\u00eat."},{"@type":"BreadcrumbList","@id":"https:\/\/mariblum.de\/fr\/produkt\/porte-bebe-noir-rose-edle-coton-elephant\/#breadcrumb","itemListElement":[{"@type":"ListItem","position":1,"name":"Startseite","item":"https:\/\/mariblum.de\/fr\/"},{"@type":"ListItem","position":2,"name":"Shop","item":"https:\/\/mariblum.de\/fr\/shop\/"},{"@type":"ListItem","position":3,"name":"\u00c9l\u00e9phant (\u00e9charpe)"}]},{"@type":"WebSite","@id":"https:\/\/mariblum.de\/fr\/#website","url":"https:\/\/mariblum.de\/fr\/","name":"mariblum Traget\u00fccher","description":"la fa\u00e7on naturelle de porter votre b\u00e9b\u00e9","publisher":{"@id":"https:\/\/mariblum.de\/fr\/#organization"},"potentialAction":[{"@type":"SearchAction","target":{"@type":"EntryPoint","urlTemplate":"https:\/\/mariblum.de\/fr\/?s={search_term_string}"},"query-input":{"@type":"PropertyValueSpecification","valueRequired":true,"valueName":"search_term_string"}}],"inLanguage":"fr-FR"},{"@type":"Organization","@id":"https:\/\/mariblum.de\/fr\/#organization","name":"mariblum","url":"https:\/\/mariblum.de\/fr\/","logo":{"@type":"ImageObject","inLanguage":"fr-FR","@id":"https:\/\/mariblum.de\/fr\/#\/schema\/logo\/image\/","url":"https:\/\/mariblum.de\/wp-content\/uploads\/2020\/07\/logo_m-500x_transparent.png","contentUrl":"https:\/\/mariblum.de\/wp-content\/uploads\/2020\/07\/logo_m-500x_transparent.png","width":500,"height":500,"caption":"mariblum"},"image":{"@id":"https:\/\/mariblum.de\/fr\/#\/schema\/logo\/image\/"},"sameAs":["https:\/\/www.instagram.com\/_mariblum_\/"]}]},"og_availability":"instock","product_availability":"instock","product_condition":"new"},"_links":{"self":[{"href":"https:\/\/mariblum.de\/fr\/wp-json\/wp\/v2\/product\/11946","targetHints":{"allow":["GET"]}}],"collection":[{"href":"https:\/\/mariblum.de\/fr\/wp-json\/wp\/v2\/product"}],"about":[{"href":"https:\/\/mariblum.de\/fr\/wp-json\/wp\/v2\/types\/product"}],"wp:featuredmedia":[{"embeddable":true,"href":"https:\/\/mariblum.de\/fr\/wp-json\/wp\/v2\/media\/20116"}],"wp:attachment":[{"href":"https:\/\/mariblum.de\/fr\/wp-json\/wp\/v2\/media?parent=11946"}],"wp:term":[{"taxonomy":"product_brand","embeddable":true,"href":"https:\/\/mariblum.de\/fr\/wp-json\/wp\/v2\/product_brand?post=11946"},{"taxonomy":"product_cat","embeddable":true,"href":"https:\/\/mariblum.de\/fr\/wp-json\/wp\/v2\/product_cat?post=11946"},{"taxonomy":"product_tag","embeddable":true,"href":"https:\/\/mariblum.de\/fr\/wp-json\/wp\/v2\/product_tag?post=11946"}],"curies":[{"name":"wp","href":"https:\/\/api.w.org\/{rel}","templated":true}]}}