{"id":10392,"date":"2021-03-05T14:53:00","date_gmt":"2021-03-05T14:53:00","guid":{"rendered":"https:\/\/mariblum.de\/produkt\/brise-marine-bleu-foulard-en-coton-biologique\/"},"modified":"2024-04-28T12:48:26","modified_gmt":"2024-04-28T12:48:26","slug":"brise-marine-bleu-foulard-en-coton-biologique","status":"publish","type":"product","link":"https:\/\/mariblum.de\/fr\/produkt\/brise-marine-bleu-foulard-en-coton-biologique\/","title":{"rendered":"\u00ab\u00a0Brise marine\u00a0\u00bb &#8211; Foulard"},"content":{"rendered":"<h3><strong>\u00ab\u00a0Brise marine\u00a0\u00bb<\/strong> &#8211; Foulards 100% coton biologique<\/h3>\n<p style=\"text-align: justify;\">Au premier regard, cette \u00e9charpe \u00e9voque la mer effervescente.<br \/>\nUne partie est bleu fonc\u00e9 et l&rsquo;autre est recouverte d&rsquo;un motif en forme de vague.<br \/>\nL&rsquo;\u00e9charpe a \u00e9t\u00e9 teinte dans une teinture indigo, ce qui lui donne ce beau bleu fonc\u00e9.<\/p>\n<p>&nbsp;<\/p>\n<h5>Notes :<\/h5>\n<p style=\"text-align: justify;\">Toutes nos foulards sont cons\u00e7ues avec amour et teints \u00e0 la main avec des couleurs v\u00e9g\u00e9tales.<\/p>\n<p style=\"text-align: justify;\">Toutes nos foulards sont fabriqu\u00e9es en Allemagne. Elles sont douces et r\u00e9chauffent votre cou de mani\u00e8re fiable. C&rsquo;est pourquoi ce produit est si beau.<br \/>\nToutes nos \u00e9charpess sont cons\u00e7ues avec amour et teints \u00e0 la main avec des couleurs v\u00e9g\u00e9tales.<\/p>\n<p style=\"text-align: justify;\">Nos colis et mat\u00e9riaux d\u2019exp\u00e9dition proviennent de BioBiene. Il s\u2019agit d\u2019un fabricant de mat\u00e9riaux d\u2019emballage biologiques qui nous offre des alternatives d\u2019emballage 100% sans plastique.<\/p>\n<p>&nbsp;<\/p>\n<p><center><a href=\"https:\/\/www.biobiene.com\/umweltsiegel\/index?id=5fdbd693288bd1c5739e0c3353817b47\" target=\"_blank\" rel=\"noopener noreferrer\"><img decoding=\"async\" class=\"aligncenter\" style=\"width: 170px; height: auto; image-rendering: -webkit-optimize-contrast;\" src=\"https:\/\/www.biobiene.com\/custom\/plugins\/SpnoBioSeal\/Images\/CustomerSeals\/5fdbd693288bd1c5739e0c3353817b47.png\" \/><\/a><\/center>&nbsp;<\/p>\n<h5>Instructions :<\/h5>\n<p style=\"text-align: justify;\">Nous vous recommandons de laver la foulards avec des couleurs similaires \u00e0 40\u00b0C en choisissant un cycle pour tissus d\u00e9licats. N&rsquo;utilisez pas d&rsquo;agent de blanchiment et ne s\u00e9chez pas en machine. La foulard peut \u00eatre repass\u00e9e \u00e0 haute temp\u00e9rature. Ne pas nettoyer \u00e0 sec.<\/p>\n<div><\/div>\n<div><center><img loading=\"lazy\" decoding=\"async\" class=\"alignnone size-medium wp-image-10258\" src=\"https:\/\/mariblum.de\/wp-content\/uploads\/2021\/03\/pflegehinweise-body-baumwolle-300x66.png\" alt=\"\" width=\"300\" height=\"66\" srcset=\"https:\/\/mariblum.de\/wp-content\/uploads\/2021\/03\/pflegehinweise-body-baumwolle-300x66.png 300w, https:\/\/mariblum.de\/wp-content\/uploads\/2021\/03\/pflegehinweise-body-baumwolle-510x111.png 510w, https:\/\/mariblum.de\/wp-content\/uploads\/2021\/03\/pflegehinweise-body-baumwolle.png 549w\" sizes=\"auto, (max-width: 300px) 100vw, 300px\" \/><\/center><\/div>\n","protected":false},"excerpt":{"rendered":"<ul>\n<li>Tissu mousseline<\/li>\n<li>teint avec des couleurs v\u00e9g\u00e9tales<\/li>\n<li>Taille : 190cm x 40cm<\/li>\n<li>100% v\u00e9g\u00e9tal<\/li>\n<\/ul>\n","protected":false},"featured_media":11123,"template":"","meta":[],"product_brand":[],"product_cat":[999,1525,2433],"product_tag":[1549,1031,1033,1032],"class_list":{"0":"post-10392","1":"product","2":"type-product","3":"status-publish","4":"has-post-thumbnail","6":"product_cat-fr-foulards","7":"product_cat-fr-foulards-en-eco-coton","8":"product_cat-tissus-en-coton","9":"product_tag-bleu-fr-2","10":"product_tag-bleu","11":"product_tag-foulard-fr-2","12":"product_tag-foulard-fr","14":"first","15":"outofstock","16":"shipping-taxable","17":"purchasable","18":"product-type-simple"},"yoast_head":"<!-- This site is optimized with the Yoast SEO Premium plugin v23.3 (Yoast SEO v27.2) - https:\/\/yoast.com\/product\/yoast-seo-premium-wordpress\/ -->\n<title>&quot;Brise marine&quot; - Foulard | mariblum - portage<\/title>\n<meta name=\"description\" content=\"Au premier regard, cette \u00e9charpe \u00e9voque la mer effervescente. Une partie est bleu fonc\u00e9 et l&#039;autre est recouverte d&#039;un motif en forme de vague.\" \/>\n<meta name=\"robots\" content=\"index, follow, max-snippet:-1, max-image-preview:large, max-video-preview:-1\" \/>\n<link rel=\"canonical\" href=\"https:\/\/mariblum.de\/fr\/produkt\/brise-marine-bleu-foulard-en-coton-biologique\/\" \/>\n<meta property=\"og:locale\" content=\"fr_FR\" \/>\n<meta property=\"og:type\" content=\"article\" \/>\n<meta property=\"og:title\" content=\"&quot;Brise marine&quot; - Foulard\" \/>\n<meta property=\"og:description\" content=\"Au premier regard, cette \u00e9charpe \u00e9voque la mer effervescente. Une partie est bleu fonc\u00e9 et l&#039;autre est recouverte d&#039;un motif en forme de vague.\" \/>\n<meta property=\"og:url\" content=\"https:\/\/mariblum.de\/fr\/produkt\/brise-marine-bleu-foulard-en-coton-biologique\/\" \/>\n<meta property=\"og:site_name\" content=\"mariblum - \u00c9charpe de portage\" \/>\n<meta property=\"article:modified_time\" content=\"2024-04-28T12:48:26+00:00\" \/>\n<meta property=\"og:image\" content=\"https:\/\/mariblum.de\/wp-content\/uploads\/2021\/03\/blauer-schal-meeresbrise-mariblum-tragetuch-aus-baumwolle.png\" \/>\n<meta name=\"twitter:card\" content=\"summary_large_image\" \/>\n<meta name=\"twitter:label1\" content=\"Prix\" \/>\n\t<meta name=\"twitter:data1\" content=\"34,95&nbsp;&euro;\" \/>\n\t<meta name=\"twitter:label2\" content=\"Disponibilit\u00e9\" \/>\n\t<meta name=\"twitter:data2\" content=\"Rupture de stock\" \/>\n<script type=\"application\/ld+json\" class=\"yoast-schema-graph\">{\"@context\":\"https:\/\/schema.org\",\"@graph\":[{\"@type\":\"WebPage\",\"@id\":\"https:\/\/mariblum.de\/fr\/produkt\/brise-marine-bleu-foulard-en-coton-biologique\/\",\"url\":\"https:\/\/mariblum.de\/fr\/produkt\/brise-marine-bleu-foulard-en-coton-biologique\/\",\"name\":\"\\\"Brise marine\\\" - Foulard | mariblum - portage\",\"isPartOf\":{\"@id\":\"https:\/\/mariblum.de\/fr\/#website\"},\"primaryImageOfPage\":{\"@id\":\"https:\/\/mariblum.de\/fr\/produkt\/brise-marine-bleu-foulard-en-coton-biologique\/#primaryimage\"},\"image\":{\"@id\":\"https:\/\/mariblum.de\/fr\/produkt\/brise-marine-bleu-foulard-en-coton-biologique\/#primaryimage\"},\"thumbnailUrl\":\"https:\/\/mariblum.de\/wp-content\/uploads\/2021\/03\/blauer-schal-meeresbrise-mariblum-tragetuch-baumwolle-mariblum.jpg\",\"datePublished\":\"2021-03-05T14:53:00+00:00\",\"dateModified\":\"2024-04-28T12:48:26+00:00\",\"description\":\"Au premier regard, cette \u00e9charpe \u00e9voque la mer effervescente. Une partie est bleu fonc\u00e9 et l'autre est recouverte d'un motif en forme de vague.\",\"breadcrumb\":{\"@id\":\"https:\/\/mariblum.de\/fr\/produkt\/brise-marine-bleu-foulard-en-coton-biologique\/#breadcrumb\"},\"inLanguage\":\"fr-FR\",\"potentialAction\":[{\"@type\":\"ReadAction\",\"target\":[\"https:\/\/mariblum.de\/fr\/produkt\/brise-marine-bleu-foulard-en-coton-biologique\/\"]}]},{\"@type\":\"ImageObject\",\"inLanguage\":\"fr-FR\",\"@id\":\"https:\/\/mariblum.de\/fr\/produkt\/brise-marine-bleu-foulard-en-coton-biologique\/#primaryimage\",\"url\":\"https:\/\/mariblum.de\/wp-content\/uploads\/2021\/03\/blauer-schal-meeresbrise-mariblum-tragetuch-baumwolle-mariblum.jpg\",\"contentUrl\":\"https:\/\/mariblum.de\/wp-content\/uploads\/2021\/03\/blauer-schal-meeresbrise-mariblum-tragetuch-baumwolle-mariblum.jpg\",\"width\":600,\"height\":800,\"caption\":\"brise-marine-bleu-foulard-en-coton-biologique-mariblum\"},{\"@type\":\"BreadcrumbList\",\"@id\":\"https:\/\/mariblum.de\/fr\/produkt\/brise-marine-bleu-foulard-en-coton-biologique\/#breadcrumb\",\"itemListElement\":[{\"@type\":\"ListItem\",\"position\":1,\"name\":\"Startseite\",\"item\":\"https:\/\/mariblum.de\/fr\/\"},{\"@type\":\"ListItem\",\"position\":2,\"name\":\"Shop\",\"item\":\"https:\/\/mariblum.de\/fr\/shop\/\"},{\"@type\":\"ListItem\",\"position\":3,\"name\":\"&#8220;Brise marine&#8221; &#8211; Foulard\"}]},{\"@type\":\"WebSite\",\"@id\":\"https:\/\/mariblum.de\/fr\/#website\",\"url\":\"https:\/\/mariblum.de\/fr\/\",\"name\":\"mariblum Traget\u00fccher\",\"description\":\"la fa\u00e7on naturelle de porter votre b\u00e9b\u00e9\",\"publisher\":{\"@id\":\"https:\/\/mariblum.de\/fr\/#organization\"},\"potentialAction\":[{\"@type\":\"SearchAction\",\"target\":{\"@type\":\"EntryPoint\",\"urlTemplate\":\"https:\/\/mariblum.de\/fr\/?s={search_term_string}\"},\"query-input\":{\"@type\":\"PropertyValueSpecification\",\"valueRequired\":true,\"valueName\":\"search_term_string\"}}],\"inLanguage\":\"fr-FR\"},{\"@type\":\"Organization\",\"@id\":\"https:\/\/mariblum.de\/fr\/#organization\",\"name\":\"mariblum\",\"url\":\"https:\/\/mariblum.de\/fr\/\",\"logo\":{\"@type\":\"ImageObject\",\"inLanguage\":\"fr-FR\",\"@id\":\"https:\/\/mariblum.de\/fr\/#\/schema\/logo\/image\/\",\"url\":\"https:\/\/mariblum.de\/wp-content\/uploads\/2020\/07\/logo_m-500x_transparent.png\",\"contentUrl\":\"https:\/\/mariblum.de\/wp-content\/uploads\/2020\/07\/logo_m-500x_transparent.png\",\"width\":500,\"height\":500,\"caption\":\"mariblum\"},\"image\":{\"@id\":\"https:\/\/mariblum.de\/fr\/#\/schema\/logo\/image\/\"},\"sameAs\":[\"https:\/\/www.instagram.com\/_mariblum_\/\"]}]}<\/script>\n<meta property=\"product:price:amount\" content=\"34.95\" \/>\n<meta property=\"product:price:currency\" content=\"EUR\" \/>\n<meta property=\"og:availability\" content=\"out of stock\" \/>\n<meta property=\"product:availability\" content=\"out of stock\" \/>\n<meta property=\"product:retailer_item_id\" content=\"21BSL001\" \/>\n<meta property=\"product:condition\" content=\"new\" \/>\n<!-- \/ Yoast SEO Premium plugin. -->","yoast_head_json":{"title":"\"Brise marine\" - Foulard | mariblum - portage","description":"Au premier regard, cette \u00e9charpe \u00e9voque la mer effervescente. Une partie est bleu fonc\u00e9 et l'autre est recouverte d'un motif en forme de vague.","robots":{"index":"index","follow":"follow","max-snippet":"max-snippet:-1","max-image-preview":"max-image-preview:large","max-video-preview":"max-video-preview:-1"},"canonical":"https:\/\/mariblum.de\/fr\/produkt\/brise-marine-bleu-foulard-en-coton-biologique\/","og_locale":"fr_FR","og_type":"article","og_title":"\"Brise marine\" - Foulard","og_description":"Au premier regard, cette \u00e9charpe \u00e9voque la mer effervescente. Une partie est bleu fonc\u00e9 et l'autre est recouverte d'un motif en forme de vague.","og_url":"https:\/\/mariblum.de\/fr\/produkt\/brise-marine-bleu-foulard-en-coton-biologique\/","og_site_name":"mariblum - \u00c9charpe de portage","article_modified_time":"2024-04-28T12:48:26+00:00","og_image":[{"url":"https:\/\/mariblum.de\/wp-content\/uploads\/2021\/03\/blauer-schal-meeresbrise-mariblum-tragetuch-aus-baumwolle.png","type":"","width":"","height":""}],"twitter_card":"summary_large_image","twitter_misc":{"Prix":"34,95&nbsp;&euro;","Disponibilit\u00e9":"Rupture de stock"},"schema":{"@context":"https:\/\/schema.org","@graph":[{"@type":"WebPage","@id":"https:\/\/mariblum.de\/fr\/produkt\/brise-marine-bleu-foulard-en-coton-biologique\/","url":"https:\/\/mariblum.de\/fr\/produkt\/brise-marine-bleu-foulard-en-coton-biologique\/","name":"\"Brise marine\" - Foulard | mariblum - portage","isPartOf":{"@id":"https:\/\/mariblum.de\/fr\/#website"},"primaryImageOfPage":{"@id":"https:\/\/mariblum.de\/fr\/produkt\/brise-marine-bleu-foulard-en-coton-biologique\/#primaryimage"},"image":{"@id":"https:\/\/mariblum.de\/fr\/produkt\/brise-marine-bleu-foulard-en-coton-biologique\/#primaryimage"},"thumbnailUrl":"https:\/\/mariblum.de\/wp-content\/uploads\/2021\/03\/blauer-schal-meeresbrise-mariblum-tragetuch-baumwolle-mariblum.jpg","datePublished":"2021-03-05T14:53:00+00:00","dateModified":"2024-04-28T12:48:26+00:00","description":"Au premier regard, cette \u00e9charpe \u00e9voque la mer effervescente. Une partie est bleu fonc\u00e9 et l'autre est recouverte d'un motif en forme de vague.","breadcrumb":{"@id":"https:\/\/mariblum.de\/fr\/produkt\/brise-marine-bleu-foulard-en-coton-biologique\/#breadcrumb"},"inLanguage":"fr-FR","potentialAction":[{"@type":"ReadAction","target":["https:\/\/mariblum.de\/fr\/produkt\/brise-marine-bleu-foulard-en-coton-biologique\/"]}]},{"@type":"ImageObject","inLanguage":"fr-FR","@id":"https:\/\/mariblum.de\/fr\/produkt\/brise-marine-bleu-foulard-en-coton-biologique\/#primaryimage","url":"https:\/\/mariblum.de\/wp-content\/uploads\/2021\/03\/blauer-schal-meeresbrise-mariblum-tragetuch-baumwolle-mariblum.jpg","contentUrl":"https:\/\/mariblum.de\/wp-content\/uploads\/2021\/03\/blauer-schal-meeresbrise-mariblum-tragetuch-baumwolle-mariblum.jpg","width":600,"height":800,"caption":"brise-marine-bleu-foulard-en-coton-biologique-mariblum"},{"@type":"BreadcrumbList","@id":"https:\/\/mariblum.de\/fr\/produkt\/brise-marine-bleu-foulard-en-coton-biologique\/#breadcrumb","itemListElement":[{"@type":"ListItem","position":1,"name":"Startseite","item":"https:\/\/mariblum.de\/fr\/"},{"@type":"ListItem","position":2,"name":"Shop","item":"https:\/\/mariblum.de\/fr\/shop\/"},{"@type":"ListItem","position":3,"name":"&#8220;Brise marine&#8221; &#8211; Foulard"}]},{"@type":"WebSite","@id":"https:\/\/mariblum.de\/fr\/#website","url":"https:\/\/mariblum.de\/fr\/","name":"mariblum Traget\u00fccher","description":"la fa\u00e7on naturelle de porter votre b\u00e9b\u00e9","publisher":{"@id":"https:\/\/mariblum.de\/fr\/#organization"},"potentialAction":[{"@type":"SearchAction","target":{"@type":"EntryPoint","urlTemplate":"https:\/\/mariblum.de\/fr\/?s={search_term_string}"},"query-input":{"@type":"PropertyValueSpecification","valueRequired":true,"valueName":"search_term_string"}}],"inLanguage":"fr-FR"},{"@type":"Organization","@id":"https:\/\/mariblum.de\/fr\/#organization","name":"mariblum","url":"https:\/\/mariblum.de\/fr\/","logo":{"@type":"ImageObject","inLanguage":"fr-FR","@id":"https:\/\/mariblum.de\/fr\/#\/schema\/logo\/image\/","url":"https:\/\/mariblum.de\/wp-content\/uploads\/2020\/07\/logo_m-500x_transparent.png","contentUrl":"https:\/\/mariblum.de\/wp-content\/uploads\/2020\/07\/logo_m-500x_transparent.png","width":500,"height":500,"caption":"mariblum"},"image":{"@id":"https:\/\/mariblum.de\/fr\/#\/schema\/logo\/image\/"},"sameAs":["https:\/\/www.instagram.com\/_mariblum_\/"]}]},"product_price_amount":"34.95","product_price_currency":"EUR","og_availability":"out of stock","product_availability":"out of stock","product_retailer_item_id":"21BSL001","product_condition":"new"},"_links":{"self":[{"href":"https:\/\/mariblum.de\/fr\/wp-json\/wp\/v2\/product\/10392","targetHints":{"allow":["GET"]}}],"collection":[{"href":"https:\/\/mariblum.de\/fr\/wp-json\/wp\/v2\/product"}],"about":[{"href":"https:\/\/mariblum.de\/fr\/wp-json\/wp\/v2\/types\/product"}],"wp:featuredmedia":[{"embeddable":true,"href":"https:\/\/mariblum.de\/fr\/wp-json\/wp\/v2\/media\/11123"}],"wp:attachment":[{"href":"https:\/\/mariblum.de\/fr\/wp-json\/wp\/v2\/media?parent=10392"}],"wp:term":[{"taxonomy":"product_brand","embeddable":true,"href":"https:\/\/mariblum.de\/fr\/wp-json\/wp\/v2\/product_brand?post=10392"},{"taxonomy":"product_cat","embeddable":true,"href":"https:\/\/mariblum.de\/fr\/wp-json\/wp\/v2\/product_cat?post=10392"},{"taxonomy":"product_tag","embeddable":true,"href":"https:\/\/mariblum.de\/fr\/wp-json\/wp\/v2\/product_tag?post=10392"}],"curies":[{"name":"wp","href":"https:\/\/api.w.org\/{rel}","templated":true}]}}