{"id":7472,"date":"2020-06-30T09:50:21","date_gmt":"2020-06-30T09:50:21","guid":{"rendered":"https:\/\/mariblum.de\/mentions-legales-allemand\/"},"modified":"2025-09-09T14:07:05","modified_gmt":"2025-09-09T14:07:05","slug":"mentions-legales-allemand","status":"publish","type":"page","link":"https:\/\/mariblum.de\/fr\/mentions-legales-allemand\/","title":{"rendered":"Mentions Legales"},"content":{"rendered":"<div class=\"std_text_oberhalb\">\n<p>Hagen Puls<br \/>\nmariblum Hagen Puls<br \/>\nAmmerweg 5<br \/>\n38268 Lengede<br \/>\nAllemagne<\/p>\n<p>T\u00e9l. : 017699818284<br \/>\nE-mail : info@mariblum.de<\/p>\n<p>Exon\u00e9r\u00e9 de TVA (r\u00e9glementation applicable aux petites entreprises)<\/p>\n<p>Responsable au sens de l&rsquo;article 18, paragraphe 2, du MStV :<br \/>\nHagen Puls, Ammerweg 5, 38268 Lengede<\/p>\n<p>Nous ne sommes ni tenus ni dispos\u00e9s \u00e0 participer \u00e0 une proc\u00e9dure de r\u00e8glement des litiges devant un organisme d&rsquo;arbitrage des consommateurs.<\/p>\n<div class=\"clearfix\"><\/div>\n<h3><img loading=\"lazy\" decoding=\"async\" class=\"jetpack-lazy-image ls-is-cached lazyloaded jetpack-lazy-image--handled\" src=\"https:\/\/i0.wp.com\/www.it-recht-kanzlei.de\/gfx\/Logos\/logo-fairness-160.png?w=900&amp;ssl=1\" alt=\"1\" width=\"160\" height=\"180\" data-src=\"https:\/\/i0.wp.com\/www.it-recht-kanzlei.de\/gfx\/Logos\/logo-fairness-160.png?w=900&amp;ssl=1\" data-lazy-loaded=\"1\" data-lazy-=\"\" data-srcset=\"data:image\/gif;base64,R0lGODlhAQABAIAAAAAAAP\/\/\/yH5BAEAAAAALAAAAAABAAEAAAIBRAA7\" \/><noscript>&amp;amp;amp;lt;img src=\u00a0\u00bbhttps:\/\/i0.wp.com\/www.it-recht-kanzlei.de\/gfx\/Logos\/logo-fairness-160.png?w=900&amp;amp;amp;amp;#038;ssl=1&Prime; alt data-recalc-dims=1 data-lazy-src=\u00a0\u00bbhttps:\/\/i0.wp.com\/www.it-recht-kanzlei.de\/gfx\/Logos\/logo-fairness-160.png?w=900&amp;amp;amp;amp;amp;is-pending-load=1#038;ssl=1&Prime; srcset=data:image\/gif;base64,R0lGODlhAQABAIAAAAAAAP\/\/\/yH5BAEAAAAALAAAAAABAAEAAAIBRAA7 class=\u00a0\u00bb jetpack-lazy-image\u00a0\u00bb&amp;amp;amp;gt;<\/noscript><noscript>&amp;amp;amp;lt;img alt data-recalc-dims=1 data-src=\u00a0\u00bbhttps:\/\/i0.wp.com\/www.it-recht-kanzlei.de\/gfx\/Logos\/logo-fairness-160.png?w=900&amp;amp;amp;amp;#038;ssl=1&Prime; class=lazyload src=\u00a0\u00bbdata:image\/gif;base64,R0lGODlhAQABAAAAACH5BAEKAAEALAAAAAABAAEAAAICTAEAOw==\u00a0\u00bb&amp;amp;amp;gt;&amp;amp;amp;lt;noscript&amp;amp;amp;gt;&amp;amp;amp;lt;img src=\u00a0\u00bbhttps:\/\/i0.wp.com\/www.it-recht-kanzlei.de\/gfx\/Logos\/logo-fairness-160.png?w=900&amp;amp;amp;amp;#038;ssl=1&Prime; alt data-recalc-dims=1&amp;amp;amp;gt;<\/noscript><\/h3>\n<p>Membre de l&rsquo;initiative \u00ab Fairness in Trade \u00bb.<br \/>\nPour plus d&rsquo;informations : https:\/\/www.fairness-im-handel.de<\/p>\n<\/div>\n","protected":false},"excerpt":{"rendered":"<p>Hagen Puls mariblum Hagen Puls Ammerweg 5 38268 Lengede Allemagne T\u00e9l. : 017699818284 E-mail : info@mariblum.de Exon\u00e9r\u00e9 de TVA (r\u00e9glementation applicable aux petites entreprises) Responsable au sens de l&rsquo;article 18, paragraphe 2, du MStV : Hagen Puls, Ammerweg 5, 38268 Lengede Nous ne sommes ni tenus ni dispos\u00e9s \u00e0 participer \u00e0 une proc\u00e9dure de r\u00e8glement [&#8230;]\n","protected":false},"author":1,"featured_media":0,"parent":0,"menu_order":0,"comment_status":"closed","ping_status":"closed","template":"","meta":{"footnotes":""},"class_list":["post-7472","page","type-page","status-publish","hentry"],"yoast_head":"<!-- This site is optimized with the Yoast SEO Premium plugin v23.3 (Yoast SEO v27.2) - https:\/\/yoast.com\/product\/yoast-seo-premium-wordpress\/ -->\n<title>Mentions Legales - mariblum - \u00c9charpe de portage<\/title>\n<meta name=\"robots\" content=\"index, follow, max-snippet:-1, max-image-preview:large, max-video-preview:-1\" \/>\n<link rel=\"canonical\" href=\"https:\/\/mariblum.de\/fr\/mentions-legales-allemand\/\" \/>\n<meta property=\"og:locale\" content=\"fr_FR\" \/>\n<meta property=\"og:type\" content=\"article\" \/>\n<meta property=\"og:title\" content=\"Mentions Legales\" \/>\n<meta property=\"og:description\" content=\"Hagen Puls mariblum Hagen Puls Ammerweg 5 38268 Lengede Allemagne T\u00e9l. : 017699818284 E-mail : info@mariblum.de Exon\u00e9r\u00e9 de TVA (r\u00e9glementation applicable aux petites entreprises) Responsable au sens de l&rsquo;article 18, paragraphe 2, du MStV : Hagen Puls, Ammerweg 5, 38268 Lengede Nous ne sommes ni tenus ni dispos\u00e9s \u00e0 participer \u00e0 une proc\u00e9dure de r\u00e8glement [...]\" \/>\n<meta property=\"og:url\" content=\"https:\/\/mariblum.de\/fr\/mentions-legales-allemand\/\" \/>\n<meta property=\"og:site_name\" content=\"mariblum - \u00c9charpe de portage\" \/>\n<meta property=\"article:modified_time\" content=\"2025-09-09T14:07:05+00:00\" \/>\n<meta property=\"og:image\" content=\"https:\/\/i0.wp.com\/www.it-recht-kanzlei.de\/gfx\/Logos\/logo-fairness-160.png?w=900&amp;ssl=1\" \/>\n<meta name=\"twitter:card\" content=\"summary_large_image\" \/>\n<meta name=\"twitter:label1\" content=\"Dur\u00e9e de lecture estim\u00e9e\" \/>\n\t<meta name=\"twitter:data1\" content=\"1 minute\" \/>\n<script type=\"application\/ld+json\" class=\"yoast-schema-graph\">{\"@context\":\"https:\/\/schema.org\",\"@graph\":[{\"@type\":\"WebPage\",\"@id\":\"https:\/\/mariblum.de\/fr\/mentions-legales-allemand\/\",\"url\":\"https:\/\/mariblum.de\/fr\/mentions-legales-allemand\/\",\"name\":\"Mentions Legales - mariblum - \u00c9charpe de portage\",\"isPartOf\":{\"@id\":\"https:\/\/mariblum.de\/fr\/#website\"},\"primaryImageOfPage\":{\"@id\":\"https:\/\/mariblum.de\/fr\/mentions-legales-allemand\/#primaryimage\"},\"image\":{\"@id\":\"https:\/\/mariblum.de\/fr\/mentions-legales-allemand\/#primaryimage\"},\"thumbnailUrl\":\"https:\/\/i0.wp.com\/www.it-recht-kanzlei.de\/gfx\/Logos\/logo-fairness-160.png?w=900&amp;ssl=1\",\"datePublished\":\"2020-06-30T09:50:21+00:00\",\"dateModified\":\"2025-09-09T14:07:05+00:00\",\"breadcrumb\":{\"@id\":\"https:\/\/mariblum.de\/fr\/mentions-legales-allemand\/#breadcrumb\"},\"inLanguage\":\"fr-FR\",\"potentialAction\":[{\"@type\":\"ReadAction\",\"target\":[\"https:\/\/mariblum.de\/fr\/mentions-legales-allemand\/\"]}]},{\"@type\":\"ImageObject\",\"inLanguage\":\"fr-FR\",\"@id\":\"https:\/\/mariblum.de\/fr\/mentions-legales-allemand\/#primaryimage\",\"url\":\"https:\/\/i0.wp.com\/www.it-recht-kanzlei.de\/gfx\/Logos\/logo-fairness-160.png?w=900&amp;ssl=1\",\"contentUrl\":\"https:\/\/i0.wp.com\/www.it-recht-kanzlei.de\/gfx\/Logos\/logo-fairness-160.png?w=900&amp;ssl=1\"},{\"@type\":\"BreadcrumbList\",\"@id\":\"https:\/\/mariblum.de\/fr\/mentions-legales-allemand\/#breadcrumb\",\"itemListElement\":[{\"@type\":\"ListItem\",\"position\":1,\"name\":\"Startseite\",\"item\":\"https:\/\/mariblum.de\/fr\/\"},{\"@type\":\"ListItem\",\"position\":2,\"name\":\"Mentions Legales\"}]},{\"@type\":\"WebSite\",\"@id\":\"https:\/\/mariblum.de\/fr\/#website\",\"url\":\"https:\/\/mariblum.de\/fr\/\",\"name\":\"mariblum Traget\u00fccher\",\"description\":\"la fa\u00e7on naturelle de porter votre b\u00e9b\u00e9\",\"publisher\":{\"@id\":\"https:\/\/mariblum.de\/fr\/#organization\"},\"potentialAction\":[{\"@type\":\"SearchAction\",\"target\":{\"@type\":\"EntryPoint\",\"urlTemplate\":\"https:\/\/mariblum.de\/fr\/?s={search_term_string}\"},\"query-input\":{\"@type\":\"PropertyValueSpecification\",\"valueRequired\":true,\"valueName\":\"search_term_string\"}}],\"inLanguage\":\"fr-FR\"},{\"@type\":\"Organization\",\"@id\":\"https:\/\/mariblum.de\/fr\/#organization\",\"name\":\"mariblum\",\"url\":\"https:\/\/mariblum.de\/fr\/\",\"logo\":{\"@type\":\"ImageObject\",\"inLanguage\":\"fr-FR\",\"@id\":\"https:\/\/mariblum.de\/fr\/#\/schema\/logo\/image\/\",\"url\":\"https:\/\/mariblum.de\/wp-content\/uploads\/2020\/07\/logo_m-500x_transparent.png\",\"contentUrl\":\"https:\/\/mariblum.de\/wp-content\/uploads\/2020\/07\/logo_m-500x_transparent.png\",\"width\":500,\"height\":500,\"caption\":\"mariblum\"},\"image\":{\"@id\":\"https:\/\/mariblum.de\/fr\/#\/schema\/logo\/image\/\"},\"sameAs\":[\"https:\/\/www.instagram.com\/_mariblum_\/\"]}]}<\/script>\n<!-- \/ Yoast SEO Premium plugin. -->","yoast_head_json":{"title":"Mentions Legales - mariblum - \u00c9charpe de portage","robots":{"index":"index","follow":"follow","max-snippet":"max-snippet:-1","max-image-preview":"max-image-preview:large","max-video-preview":"max-video-preview:-1"},"canonical":"https:\/\/mariblum.de\/fr\/mentions-legales-allemand\/","og_locale":"fr_FR","og_type":"article","og_title":"Mentions Legales","og_description":"Hagen Puls mariblum Hagen Puls Ammerweg 5 38268 Lengede Allemagne T\u00e9l. : 017699818284 E-mail : info@mariblum.de Exon\u00e9r\u00e9 de TVA (r\u00e9glementation applicable aux petites entreprises) Responsable au sens de l&rsquo;article 18, paragraphe 2, du MStV : Hagen Puls, Ammerweg 5, 38268 Lengede Nous ne sommes ni tenus ni dispos\u00e9s \u00e0 participer \u00e0 une proc\u00e9dure de r\u00e8glement [...]","og_url":"https:\/\/mariblum.de\/fr\/mentions-legales-allemand\/","og_site_name":"mariblum - \u00c9charpe de portage","article_modified_time":"2025-09-09T14:07:05+00:00","og_image":[{"url":"https:\/\/i0.wp.com\/www.it-recht-kanzlei.de\/gfx\/Logos\/logo-fairness-160.png?w=900&amp;ssl=1","type":"","width":"","height":""}],"twitter_card":"summary_large_image","twitter_misc":{"Dur\u00e9e de lecture estim\u00e9e":"1 minute"},"schema":{"@context":"https:\/\/schema.org","@graph":[{"@type":"WebPage","@id":"https:\/\/mariblum.de\/fr\/mentions-legales-allemand\/","url":"https:\/\/mariblum.de\/fr\/mentions-legales-allemand\/","name":"Mentions Legales - mariblum - \u00c9charpe de portage","isPartOf":{"@id":"https:\/\/mariblum.de\/fr\/#website"},"primaryImageOfPage":{"@id":"https:\/\/mariblum.de\/fr\/mentions-legales-allemand\/#primaryimage"},"image":{"@id":"https:\/\/mariblum.de\/fr\/mentions-legales-allemand\/#primaryimage"},"thumbnailUrl":"https:\/\/i0.wp.com\/www.it-recht-kanzlei.de\/gfx\/Logos\/logo-fairness-160.png?w=900&amp;ssl=1","datePublished":"2020-06-30T09:50:21+00:00","dateModified":"2025-09-09T14:07:05+00:00","breadcrumb":{"@id":"https:\/\/mariblum.de\/fr\/mentions-legales-allemand\/#breadcrumb"},"inLanguage":"fr-FR","potentialAction":[{"@type":"ReadAction","target":["https:\/\/mariblum.de\/fr\/mentions-legales-allemand\/"]}]},{"@type":"ImageObject","inLanguage":"fr-FR","@id":"https:\/\/mariblum.de\/fr\/mentions-legales-allemand\/#primaryimage","url":"https:\/\/i0.wp.com\/www.it-recht-kanzlei.de\/gfx\/Logos\/logo-fairness-160.png?w=900&amp;ssl=1","contentUrl":"https:\/\/i0.wp.com\/www.it-recht-kanzlei.de\/gfx\/Logos\/logo-fairness-160.png?w=900&amp;ssl=1"},{"@type":"BreadcrumbList","@id":"https:\/\/mariblum.de\/fr\/mentions-legales-allemand\/#breadcrumb","itemListElement":[{"@type":"ListItem","position":1,"name":"Startseite","item":"https:\/\/mariblum.de\/fr\/"},{"@type":"ListItem","position":2,"name":"Mentions Legales"}]},{"@type":"WebSite","@id":"https:\/\/mariblum.de\/fr\/#website","url":"https:\/\/mariblum.de\/fr\/","name":"mariblum Traget\u00fccher","description":"la fa\u00e7on naturelle de porter votre b\u00e9b\u00e9","publisher":{"@id":"https:\/\/mariblum.de\/fr\/#organization"},"potentialAction":[{"@type":"SearchAction","target":{"@type":"EntryPoint","urlTemplate":"https:\/\/mariblum.de\/fr\/?s={search_term_string}"},"query-input":{"@type":"PropertyValueSpecification","valueRequired":true,"valueName":"search_term_string"}}],"inLanguage":"fr-FR"},{"@type":"Organization","@id":"https:\/\/mariblum.de\/fr\/#organization","name":"mariblum","url":"https:\/\/mariblum.de\/fr\/","logo":{"@type":"ImageObject","inLanguage":"fr-FR","@id":"https:\/\/mariblum.de\/fr\/#\/schema\/logo\/image\/","url":"https:\/\/mariblum.de\/wp-content\/uploads\/2020\/07\/logo_m-500x_transparent.png","contentUrl":"https:\/\/mariblum.de\/wp-content\/uploads\/2020\/07\/logo_m-500x_transparent.png","width":500,"height":500,"caption":"mariblum"},"image":{"@id":"https:\/\/mariblum.de\/fr\/#\/schema\/logo\/image\/"},"sameAs":["https:\/\/www.instagram.com\/_mariblum_\/"]}]}},"_links":{"self":[{"href":"https:\/\/mariblum.de\/fr\/wp-json\/wp\/v2\/pages\/7472","targetHints":{"allow":["GET"]}}],"collection":[{"href":"https:\/\/mariblum.de\/fr\/wp-json\/wp\/v2\/pages"}],"about":[{"href":"https:\/\/mariblum.de\/fr\/wp-json\/wp\/v2\/types\/page"}],"author":[{"embeddable":true,"href":"https:\/\/mariblum.de\/fr\/wp-json\/wp\/v2\/users\/1"}],"replies":[{"embeddable":true,"href":"https:\/\/mariblum.de\/fr\/wp-json\/wp\/v2\/comments?post=7472"}],"version-history":[{"count":1,"href":"https:\/\/mariblum.de\/fr\/wp-json\/wp\/v2\/pages\/7472\/revisions"}],"predecessor-version":[{"id":19880,"href":"https:\/\/mariblum.de\/fr\/wp-json\/wp\/v2\/pages\/7472\/revisions\/19880"}],"wp:attachment":[{"href":"https:\/\/mariblum.de\/fr\/wp-json\/wp\/v2\/media?parent=7472"}],"curies":[{"name":"wp","href":"https:\/\/api.w.org\/{rel}","templated":true}]}}