{"id":7468,"date":"2020-06-30T09:37:50","date_gmt":"2020-06-30T09:37:50","guid":{"rendered":"https:\/\/mariblum.de\/panier\/"},"modified":"2025-03-31T11:04:43","modified_gmt":"2025-03-31T11:04:43","slug":"panier","status":"publish","type":"page","link":"https:\/\/mariblum.de\/fr\/panier\/","title":{"rendered":"Panier"},"content":{"rendered":"<h5 align=\"left\">Souhaitez-vous une <em>livraison gratuite <\/em>?<\/h5>\r\n<p style=\"font-size: 14px;\"><em>Nous voulons que vous <strong>soyez satisfaits \u00e0 100 %<\/strong> ! Faites-nous part de <strong>vos commentaires honn\u00eates<\/strong> et nous vous rembourserons les frais de port. Plus d&rsquo;informations \u00e0 la <span style=\"color: #339966;\"><strong><a style=\"color: #339966;\" href=\"https:\/\/mariblum.de\/fr\/caisse\/\">caisse<\/a><\/strong><\/span>.<\/em><\/p>\r\n\n\r\n\t<div id=\"gap-551117186\" class=\"gap-element clearfix\" style=\"display:block; height:auto;\">\n\t\t\n<style>\n#gap-551117186 {\n  padding-top: 30px;\n}\n<\/style>\n\t<\/div>\n\t <div class=\"container section-title-container\" ><h4 class=\"section-title section-title-bold\"><b aria-hidden=\"true\"><\/b><span class=\"section-title-main\" >Ceci pourrait vous int\u00e9resser<\/span><b aria-hidden=\"true\"><\/b><\/h4><\/div> <div class=\"woocommerce columns-4 \"><div class=\"products row row-small large-columns-4 medium-columns-3 small-columns-2\">\n<div class=\"product-small col has-hover product type-product post-10382 status-publish first instock product_cat-body-bebe-fr product_cat-body-bebe-en-coton-fr product_cat-tissus-en-coton product_tag-bebe product_tag-body-fr product_tag-colorees has-post-thumbnail shipping-taxable purchasable product-type-variable has-default-attributes has-product-safety-information\">\n\t<div class=\"col-inner\">\n\t\n<div class=\"badge-container absolute left top z-1\">\n\n<\/div>\n\t<div class=\"product-small box \">\n\t\t<div class=\"box-image\">\n\t\t\t<div class=\"image-fade_in_back\">\n\t\t\t\t<a href=\"https:\/\/mariblum.de\/fr\/produkt\/magie-des-fleurs-body-pour-bebe-en-cotone-biologique\/\">\n\t\t\t\t\t<img loading=\"lazy\" decoding=\"async\" width=\"247\" height=\"247\" src=\"https:\/\/mariblum.de\/wp-content\/uploads\/2021\/07\/baby-body-bunt-blumen-baumwolle-front-mariblum-247x247.jpg\" class=\"attachment-woocommerce_thumbnail size-woocommerce_thumbnail\" alt=\"baby-body-couleurs-fleur-coton-mariblum\" srcset=\"https:\/\/mariblum.de\/wp-content\/uploads\/2021\/07\/baby-body-bunt-blumen-baumwolle-front-mariblum-247x247.jpg 247w, https:\/\/mariblum.de\/wp-content\/uploads\/2021\/07\/baby-body-bunt-blumen-baumwolle-front-mariblum-100x100.jpg 100w, https:\/\/mariblum.de\/wp-content\/uploads\/2021\/07\/baby-body-bunt-blumen-baumwolle-front-mariblum-150x150.jpg 150w\" sizes=\"auto, (max-width: 247px) 100vw, 247px\" \/><img loading=\"lazy\" decoding=\"async\" width=\"247\" height=\"247\" src=\"https:\/\/mariblum.de\/wp-content\/uploads\/2021\/07\/baby-body-bunt-blumen-baumwolle-mariblum-247x247.jpg\" class=\"show-on-hover absolute fill hide-for-small back-image\" alt=\"baby-body-couleurs-fleur-coton-mariblum\" aria-hidden=\"true\" srcset=\"https:\/\/mariblum.de\/wp-content\/uploads\/2021\/07\/baby-body-bunt-blumen-baumwolle-mariblum-247x247.jpg 247w, https:\/\/mariblum.de\/wp-content\/uploads\/2021\/07\/baby-body-bunt-blumen-baumwolle-mariblum-100x100.jpg 100w, https:\/\/mariblum.de\/wp-content\/uploads\/2021\/07\/baby-body-bunt-blumen-baumwolle-mariblum-150x150.jpg 150w\" sizes=\"auto, (max-width: 247px) 100vw, 247px\" \/>\t\t\t\t<\/a>\n\t\t\t<\/div>\n\t\t\t<div class=\"image-tools is-small top right show-on-hover\">\n\t\t\t\t\t\t\t<\/div>\n\t\t\t<div class=\"image-tools is-small hide-for-small bottom left show-on-hover\">\n\t\t\t\t\t\t\t<\/div>\n\t\t\t<div class=\"image-tools grid-tools text-center hide-for-small bottom hover-slide-in show-on-hover\">\n\t\t\t\t<a href=\"#quick-view\" class=\"quick-view\" role=\"button\" data-prod=\"10382\" aria-haspopup=\"dialog\" aria-expanded=\"false\" data-flatsome-role-button>Aper\u00e7u<\/a>\t\t\t<\/div>\n\t\t\t\t\t<\/div>\n\n\t\t<div class=\"box-text box-text-products text-center grid-style-2\">\n\t\t\t<div class=\"title-wrapper\">\t\t<p class=\"category uppercase is-smaller no-text-overflow product-cat op-8\">\n\t\t\tBody B\u00e9b\u00e9\t\t<\/p>\n\t<p class=\"name product-title woocommerce-loop-product__title\"><a href=\"https:\/\/mariblum.de\/fr\/produkt\/magie-des-fleurs-body-pour-bebe-en-cotone-biologique\/\" class=\"woocommerce-LoopProduct-link woocommerce-loop-product__link\">\u00ab\u00a0Magie des fleurs\u00a0\u00bb &#8211; Body pour b\u00e9b\u00e9<\/a><\/p><\/div><div class=\"price-wrapper\">\n\t<span class=\"price\"><span class=\"woocommerce-Price-amount amount\"><bdi>14,95&nbsp;<span class=\"woocommerce-Price-currencySymbol\">&euro;<\/span><\/bdi><\/span><\/span>\n\n\n\n<\/div>\t\t<\/div>\n\t<\/div>\n\t\n<span class=\"gtm4wp_productdata\" style=\"display:none; visibility:hidden;\" data-gtm4wp_product_data=\"{&quot;internal_id&quot;:10382,&quot;item_id&quot;:10382,&quot;item_name&quot;:&quot;\\&quot;Magie des fleurs\\&quot; - Body pour b\\u00e9b\\u00e9&quot;,&quot;sku&quot;:10382,&quot;price&quot;:14.95,&quot;stocklevel&quot;:null,&quot;stockstatus&quot;:&quot;instock&quot;,&quot;google_business_vertical&quot;:&quot;retail&quot;,&quot;item_category&quot;:&quot;Body B\\u00e9b\\u00e9&quot;,&quot;id&quot;:10382,&quot;productlink&quot;:&quot;https:\\\/\\\/mariblum.de\\\/fr\\\/produkt\\\/magie-des-fleurs-body-pour-bebe-en-cotone-biologique\\\/&quot;,&quot;item_list_name&quot;:&quot;Liste g\\u00e9n\\u00e9rale des produits&quot;,&quot;index&quot;:1,&quot;product_type&quot;:&quot;variable&quot;,&quot;item_brand&quot;:&quot;&quot;}\"><\/span>\t<\/div>\n<\/div><div class=\"product-small col has-hover product type-product post-11535 status-publish instock product_cat-body-bebe-fr product_cat-body-bebe-en-coton-fr product_cat-tissus-en-coton product_tag-bebe product_tag-body-fr product_tag-colorees has-post-thumbnail shipping-taxable purchasable product-type-variable has-default-attributes has-product-safety-information\">\n\t<div class=\"col-inner\">\n\t\n<div class=\"badge-container absolute left top z-1\">\n\n<\/div>\n\t<div class=\"product-small box \">\n\t\t<div class=\"box-image\">\n\t\t\t<div class=\"image-fade_in_back\">\n\t\t\t\t<a href=\"https:\/\/mariblum.de\/fr\/produkt\/petit-univers-body-pour-en-coton-bebe\/\">\n\t\t\t\t\t<img loading=\"lazy\" decoding=\"async\" width=\"247\" height=\"247\" src=\"https:\/\/mariblum.de\/wp-content\/uploads\/2022\/03\/bunt-babybody-mariblum-baumwolle-natuerlich-nachhaltig-handmade-vorne-247x247.jpg\" class=\"attachment-woocommerce_thumbnail size-woocommerce_thumbnail\" alt=\"babycody-color\u00e9-mariblum-coton-naturel-durable-handmade-avant\" srcset=\"https:\/\/mariblum.de\/wp-content\/uploads\/2022\/03\/bunt-babybody-mariblum-baumwolle-natuerlich-nachhaltig-handmade-vorne-247x247.jpg 247w, https:\/\/mariblum.de\/wp-content\/uploads\/2022\/03\/bunt-babybody-mariblum-baumwolle-natuerlich-nachhaltig-handmade-vorne-100x100.jpg 100w, https:\/\/mariblum.de\/wp-content\/uploads\/2022\/03\/bunt-babybody-mariblum-baumwolle-natuerlich-nachhaltig-handmade-vorne-150x150.jpg 150w\" sizes=\"auto, (max-width: 247px) 100vw, 247px\" \/><img loading=\"lazy\" decoding=\"async\" width=\"247\" height=\"247\" src=\"https:\/\/mariblum.de\/wp-content\/uploads\/2022\/03\/bunt-babybody-mariblum-baumwolle-natuerlich-nachhaltig-handmade-hinten-247x247.jpg\" class=\"show-on-hover absolute fill hide-for-small back-image\" alt=\"babycody-color\u00e9-mariblum-coton-naturel-durable-handmade-derri\u00e8re\" aria-hidden=\"true\" srcset=\"https:\/\/mariblum.de\/wp-content\/uploads\/2022\/03\/bunt-babybody-mariblum-baumwolle-natuerlich-nachhaltig-handmade-hinten-247x247.jpg 247w, https:\/\/mariblum.de\/wp-content\/uploads\/2022\/03\/bunt-babybody-mariblum-baumwolle-natuerlich-nachhaltig-handmade-hinten-100x100.jpg 100w, https:\/\/mariblum.de\/wp-content\/uploads\/2022\/03\/bunt-babybody-mariblum-baumwolle-natuerlich-nachhaltig-handmade-hinten-150x150.jpg 150w\" sizes=\"auto, (max-width: 247px) 100vw, 247px\" \/>\t\t\t\t<\/a>\n\t\t\t<\/div>\n\t\t\t<div class=\"image-tools is-small top right show-on-hover\">\n\t\t\t\t\t\t\t<\/div>\n\t\t\t<div class=\"image-tools is-small hide-for-small bottom left show-on-hover\">\n\t\t\t\t\t\t\t<\/div>\n\t\t\t<div class=\"image-tools grid-tools text-center hide-for-small bottom hover-slide-in show-on-hover\">\n\t\t\t\t<a href=\"#quick-view\" class=\"quick-view\" role=\"button\" data-prod=\"11535\" aria-haspopup=\"dialog\" aria-expanded=\"false\" data-flatsome-role-button>Aper\u00e7u<\/a>\t\t\t<\/div>\n\t\t\t\t\t<\/div>\n\n\t\t<div class=\"box-text box-text-products text-center grid-style-2\">\n\t\t\t<div class=\"title-wrapper\">\t\t<p class=\"category uppercase is-smaller no-text-overflow product-cat op-8\">\n\t\t\tBody B\u00e9b\u00e9\t\t<\/p>\n\t<p class=\"name product-title woocommerce-loop-product__title\"><a href=\"https:\/\/mariblum.de\/fr\/produkt\/petit-univers-body-pour-en-coton-bebe\/\" class=\"woocommerce-LoopProduct-link woocommerce-loop-product__link\">\u00ab\u00a0Petit univers\u00a0\u00bb &#8211; Body pour b\u00e9b\u00e9<\/a><\/p><\/div><div class=\"price-wrapper\">\n\t<span class=\"price\"><span class=\"woocommerce-Price-amount amount\"><bdi>14,95&nbsp;<span class=\"woocommerce-Price-currencySymbol\">&euro;<\/span><\/bdi><\/span><\/span>\n\n\n\n<\/div>\t\t<\/div>\n\t<\/div>\n\t\n<span class=\"gtm4wp_productdata\" style=\"display:none; visibility:hidden;\" data-gtm4wp_product_data=\"{&quot;internal_id&quot;:11535,&quot;item_id&quot;:11535,&quot;item_name&quot;:&quot;\\&quot;Petit univers\\&quot; - Body pour b\\u00e9b\\u00e9&quot;,&quot;sku&quot;:11535,&quot;price&quot;:14.95,&quot;stocklevel&quot;:null,&quot;stockstatus&quot;:&quot;instock&quot;,&quot;google_business_vertical&quot;:&quot;retail&quot;,&quot;item_category&quot;:&quot;Body B\\u00e9b\\u00e9&quot;,&quot;id&quot;:11535,&quot;productlink&quot;:&quot;https:\\\/\\\/mariblum.de\\\/fr\\\/produkt\\\/petit-univers-body-pour-en-coton-bebe\\\/&quot;,&quot;item_list_name&quot;:&quot;Liste g\\u00e9n\\u00e9rale des produits&quot;,&quot;index&quot;:2,&quot;product_type&quot;:&quot;variable&quot;,&quot;item_brand&quot;:&quot;&quot;}\"><\/span>\t<\/div>\n<\/div><div class=\"product-small col has-hover product type-product post-11561 status-publish instock product_cat-body-bebe-fr product_cat-body-bebe-en-coton-fr product_cat-tissus-en-coton product_tag-bebe product_tag-bleu product_tag-body-fr has-post-thumbnail shipping-taxable purchasable product-type-variable\">\n\t<div class=\"col-inner\">\n\t\n<div class=\"badge-container absolute left top z-1\">\n\n<\/div>\n\t<div class=\"product-small box \">\n\t\t<div class=\"box-image\">\n\t\t\t<div class=\"image-fade_in_back\">\n\t\t\t\t<a href=\"https:\/\/mariblum.de\/fr\/produkt\/rayures-du-ciel-body-pour-bebe-en-coton-bio\/\">\n\t\t\t\t\t<img loading=\"lazy\" decoding=\"async\" width=\"247\" height=\"247\" src=\"https:\/\/mariblum.de\/wp-content\/uploads\/2022\/03\/blau-babybody-himmelsstreifen-baumwolle-handmade-indigo-vorne-247x247.jpg\" class=\"attachment-woocommerce_thumbnail size-woocommerce_thumbnail\" alt=\"bleu-babybody-rayures-ciel-coton-handmade-indigo devant\" srcset=\"https:\/\/mariblum.de\/wp-content\/uploads\/2022\/03\/blau-babybody-himmelsstreifen-baumwolle-handmade-indigo-vorne-247x247.jpg 247w, https:\/\/mariblum.de\/wp-content\/uploads\/2022\/03\/blau-babybody-himmelsstreifen-baumwolle-handmade-indigo-vorne-100x100.jpg 100w, https:\/\/mariblum.de\/wp-content\/uploads\/2022\/03\/blau-babybody-himmelsstreifen-baumwolle-handmade-indigo-vorne-150x150.jpg 150w\" sizes=\"auto, (max-width: 247px) 100vw, 247px\" \/><img loading=\"lazy\" decoding=\"async\" width=\"247\" height=\"247\" src=\"https:\/\/mariblum.de\/wp-content\/uploads\/2022\/03\/blau-babybody-himmelsstreifen-baumwolle-handmade-indigo-hinten-247x247.jpg\" class=\"show-on-hover absolute fill hide-for-small back-image\" alt=\"bleu-babybody-rayures-ciel-coton-handmade-indigo-dos\" aria-hidden=\"true\" srcset=\"https:\/\/mariblum.de\/wp-content\/uploads\/2022\/03\/blau-babybody-himmelsstreifen-baumwolle-handmade-indigo-hinten-247x247.jpg 247w, https:\/\/mariblum.de\/wp-content\/uploads\/2022\/03\/blau-babybody-himmelsstreifen-baumwolle-handmade-indigo-hinten-100x100.jpg 100w, https:\/\/mariblum.de\/wp-content\/uploads\/2022\/03\/blau-babybody-himmelsstreifen-baumwolle-handmade-indigo-hinten-150x150.jpg 150w\" sizes=\"auto, (max-width: 247px) 100vw, 247px\" \/>\t\t\t\t<\/a>\n\t\t\t<\/div>\n\t\t\t<div class=\"image-tools is-small top right show-on-hover\">\n\t\t\t\t\t\t\t<\/div>\n\t\t\t<div class=\"image-tools is-small hide-for-small bottom left show-on-hover\">\n\t\t\t\t\t\t\t<\/div>\n\t\t\t<div class=\"image-tools grid-tools text-center hide-for-small bottom hover-slide-in show-on-hover\">\n\t\t\t\t<a href=\"#quick-view\" class=\"quick-view\" role=\"button\" data-prod=\"11561\" aria-haspopup=\"dialog\" aria-expanded=\"false\" data-flatsome-role-button>Aper\u00e7u<\/a>\t\t\t<\/div>\n\t\t\t\t\t<\/div>\n\n\t\t<div class=\"box-text box-text-products text-center grid-style-2\">\n\t\t\t<div class=\"title-wrapper\">\t\t<p class=\"category uppercase is-smaller no-text-overflow product-cat op-8\">\n\t\t\tBody B\u00e9b\u00e9\t\t<\/p>\n\t<p class=\"name product-title woocommerce-loop-product__title\"><a href=\"https:\/\/mariblum.de\/fr\/produkt\/rayures-du-ciel-body-pour-bebe-en-coton-bio\/\" class=\"woocommerce-LoopProduct-link woocommerce-loop-product__link\">\u00ab\u00a0Rayures du ciel\u00a0\u00bb &#8211; Body pour b\u00e9b\u00e9<\/a><\/p><\/div><div class=\"price-wrapper\">\n\t<span class=\"price\"><span class=\"woocommerce-Price-amount amount\"><bdi>14,95&nbsp;<span class=\"woocommerce-Price-currencySymbol\">&euro;<\/span><\/bdi><\/span><\/span>\n\n\n\n<\/div>\t\t<\/div>\n\t<\/div>\n\t\n<span class=\"gtm4wp_productdata\" style=\"display:none; visibility:hidden;\" data-gtm4wp_product_data=\"{&quot;internal_id&quot;:11561,&quot;item_id&quot;:11561,&quot;item_name&quot;:&quot;\\&quot;Rayures du ciel\\&quot; - Body pour b\\u00e9b\\u00e9&quot;,&quot;sku&quot;:11561,&quot;price&quot;:14.95,&quot;stocklevel&quot;:null,&quot;stockstatus&quot;:&quot;instock&quot;,&quot;google_business_vertical&quot;:&quot;retail&quot;,&quot;item_category&quot;:&quot;Body B\\u00e9b\\u00e9&quot;,&quot;id&quot;:11561,&quot;productlink&quot;:&quot;https:\\\/\\\/mariblum.de\\\/fr\\\/produkt\\\/rayures-du-ciel-body-pour-bebe-en-coton-bio\\\/&quot;,&quot;item_list_name&quot;:&quot;Liste g\\u00e9n\\u00e9rale des produits&quot;,&quot;index&quot;:3,&quot;product_type&quot;:&quot;variable&quot;,&quot;item_brand&quot;:&quot;&quot;}\"><\/span>\t<\/div>\n<\/div><\/div><!-- row -->\n<\/div>","protected":false},"excerpt":{"rendered":"<p>Souhaitez-vous une livraison gratuite ? Nous voulons que vous soyez satisfaits \u00e0 100 % ! Faites-nous part de vos commentaires honn\u00eates et nous vous rembourserons les frais de port. Plus d&rsquo;informations \u00e0 la caisse.<\/p>\n","protected":false},"author":1,"featured_media":0,"parent":0,"menu_order":0,"comment_status":"closed","ping_status":"closed","template":"","meta":{"footnotes":""},"class_list":["post-7468","page","type-page","status-publish","hentry"],"yoast_head":"<!-- This site is optimized with the Yoast SEO Premium plugin v23.3 (Yoast SEO v27.2) - https:\/\/yoast.com\/product\/yoast-seo-premium-wordpress\/ -->\n<title>Panier - mariblum - \u00c9charpe de portage<\/title>\n<meta name=\"robots\" content=\"index, follow, max-snippet:-1, max-image-preview:large, max-video-preview:-1\" \/>\n<link rel=\"canonical\" href=\"https:\/\/mariblum.de\/fr\/panier\/\" \/>\n<meta property=\"og:locale\" content=\"fr_FR\" \/>\n<meta property=\"og:type\" content=\"article\" \/>\n<meta property=\"og:title\" content=\"Panier\" \/>\n<meta property=\"og:description\" content=\"Souhaitez-vous une livraison gratuite ? Nous voulons que vous soyez satisfaits \u00e0 100 % ! Faites-nous part de vos commentaires honn\u00eates et nous vous rembourserons les frais de port. Plus d&rsquo;informations \u00e0 la caisse.\" \/>\n<meta property=\"og:url\" content=\"https:\/\/mariblum.de\/fr\/panier\/\" \/>\n<meta property=\"og:site_name\" content=\"mariblum - \u00c9charpe de portage\" \/>\n<meta property=\"article:modified_time\" content=\"2025-03-31T11:04:43+00:00\" \/>\n<meta name=\"twitter:card\" content=\"summary_large_image\" \/>\n<meta name=\"twitter:label1\" content=\"Dur\u00e9e de lecture estim\u00e9e\" \/>\n\t<meta name=\"twitter:data1\" content=\"1 minute\" \/>\n<script type=\"application\/ld+json\" class=\"yoast-schema-graph\">{\"@context\":\"https:\/\/schema.org\",\"@graph\":[{\"@type\":\"WebPage\",\"@id\":\"https:\/\/mariblum.de\/fr\/panier\/\",\"url\":\"https:\/\/mariblum.de\/fr\/panier\/\",\"name\":\"Panier - mariblum - \u00c9charpe de portage\",\"isPartOf\":{\"@id\":\"https:\/\/mariblum.de\/fr\/#website\"},\"datePublished\":\"2020-06-30T09:37:50+00:00\",\"dateModified\":\"2025-03-31T11:04:43+00:00\",\"breadcrumb\":{\"@id\":\"https:\/\/mariblum.de\/fr\/panier\/#breadcrumb\"},\"inLanguage\":\"fr-FR\",\"potentialAction\":[{\"@type\":\"ReadAction\",\"target\":[\"https:\/\/mariblum.de\/fr\/panier\/\"]}]},{\"@type\":\"BreadcrumbList\",\"@id\":\"https:\/\/mariblum.de\/fr\/panier\/#breadcrumb\",\"itemListElement\":[{\"@type\":\"ListItem\",\"position\":1,\"name\":\"Startseite\",\"item\":\"https:\/\/mariblum.de\/fr\/\"},{\"@type\":\"ListItem\",\"position\":2,\"name\":\"Panier\"}]},{\"@type\":\"WebSite\",\"@id\":\"https:\/\/mariblum.de\/fr\/#website\",\"url\":\"https:\/\/mariblum.de\/fr\/\",\"name\":\"mariblum Traget\u00fccher\",\"description\":\"la fa\u00e7on naturelle de porter votre b\u00e9b\u00e9\",\"publisher\":{\"@id\":\"https:\/\/mariblum.de\/fr\/#organization\"},\"potentialAction\":[{\"@type\":\"SearchAction\",\"target\":{\"@type\":\"EntryPoint\",\"urlTemplate\":\"https:\/\/mariblum.de\/fr\/?s={search_term_string}\"},\"query-input\":{\"@type\":\"PropertyValueSpecification\",\"valueRequired\":true,\"valueName\":\"search_term_string\"}}],\"inLanguage\":\"fr-FR\"},{\"@type\":\"Organization\",\"@id\":\"https:\/\/mariblum.de\/fr\/#organization\",\"name\":\"mariblum\",\"url\":\"https:\/\/mariblum.de\/fr\/\",\"logo\":{\"@type\":\"ImageObject\",\"inLanguage\":\"fr-FR\",\"@id\":\"https:\/\/mariblum.de\/fr\/#\/schema\/logo\/image\/\",\"url\":\"https:\/\/mariblum.de\/wp-content\/uploads\/2020\/07\/logo_m-500x_transparent.png\",\"contentUrl\":\"https:\/\/mariblum.de\/wp-content\/uploads\/2020\/07\/logo_m-500x_transparent.png\",\"width\":500,\"height\":500,\"caption\":\"mariblum\"},\"image\":{\"@id\":\"https:\/\/mariblum.de\/fr\/#\/schema\/logo\/image\/\"},\"sameAs\":[\"https:\/\/www.instagram.com\/_mariblum_\/\"]}]}<\/script>\n<!-- \/ Yoast SEO Premium plugin. -->","yoast_head_json":{"title":"Panier - mariblum - \u00c9charpe de portage","robots":{"index":"index","follow":"follow","max-snippet":"max-snippet:-1","max-image-preview":"max-image-preview:large","max-video-preview":"max-video-preview:-1"},"canonical":"https:\/\/mariblum.de\/fr\/panier\/","og_locale":"fr_FR","og_type":"article","og_title":"Panier","og_description":"Souhaitez-vous une livraison gratuite ? Nous voulons que vous soyez satisfaits \u00e0 100 % ! Faites-nous part de vos commentaires honn\u00eates et nous vous rembourserons les frais de port. Plus d&rsquo;informations \u00e0 la caisse.","og_url":"https:\/\/mariblum.de\/fr\/panier\/","og_site_name":"mariblum - \u00c9charpe de portage","article_modified_time":"2025-03-31T11:04:43+00:00","twitter_card":"summary_large_image","twitter_misc":{"Dur\u00e9e de lecture estim\u00e9e":"1 minute"},"schema":{"@context":"https:\/\/schema.org","@graph":[{"@type":"WebPage","@id":"https:\/\/mariblum.de\/fr\/panier\/","url":"https:\/\/mariblum.de\/fr\/panier\/","name":"Panier - mariblum - \u00c9charpe de portage","isPartOf":{"@id":"https:\/\/mariblum.de\/fr\/#website"},"datePublished":"2020-06-30T09:37:50+00:00","dateModified":"2025-03-31T11:04:43+00:00","breadcrumb":{"@id":"https:\/\/mariblum.de\/fr\/panier\/#breadcrumb"},"inLanguage":"fr-FR","potentialAction":[{"@type":"ReadAction","target":["https:\/\/mariblum.de\/fr\/panier\/"]}]},{"@type":"BreadcrumbList","@id":"https:\/\/mariblum.de\/fr\/panier\/#breadcrumb","itemListElement":[{"@type":"ListItem","position":1,"name":"Startseite","item":"https:\/\/mariblum.de\/fr\/"},{"@type":"ListItem","position":2,"name":"Panier"}]},{"@type":"WebSite","@id":"https:\/\/mariblum.de\/fr\/#website","url":"https:\/\/mariblum.de\/fr\/","name":"mariblum Traget\u00fccher","description":"la fa\u00e7on naturelle de porter votre b\u00e9b\u00e9","publisher":{"@id":"https:\/\/mariblum.de\/fr\/#organization"},"potentialAction":[{"@type":"SearchAction","target":{"@type":"EntryPoint","urlTemplate":"https:\/\/mariblum.de\/fr\/?s={search_term_string}"},"query-input":{"@type":"PropertyValueSpecification","valueRequired":true,"valueName":"search_term_string"}}],"inLanguage":"fr-FR"},{"@type":"Organization","@id":"https:\/\/mariblum.de\/fr\/#organization","name":"mariblum","url":"https:\/\/mariblum.de\/fr\/","logo":{"@type":"ImageObject","inLanguage":"fr-FR","@id":"https:\/\/mariblum.de\/fr\/#\/schema\/logo\/image\/","url":"https:\/\/mariblum.de\/wp-content\/uploads\/2020\/07\/logo_m-500x_transparent.png","contentUrl":"https:\/\/mariblum.de\/wp-content\/uploads\/2020\/07\/logo_m-500x_transparent.png","width":500,"height":500,"caption":"mariblum"},"image":{"@id":"https:\/\/mariblum.de\/fr\/#\/schema\/logo\/image\/"},"sameAs":["https:\/\/www.instagram.com\/_mariblum_\/"]}]}},"_links":{"self":[{"href":"https:\/\/mariblum.de\/fr\/wp-json\/wp\/v2\/pages\/7468","targetHints":{"allow":["GET"]}}],"collection":[{"href":"https:\/\/mariblum.de\/fr\/wp-json\/wp\/v2\/pages"}],"about":[{"href":"https:\/\/mariblum.de\/fr\/wp-json\/wp\/v2\/types\/page"}],"author":[{"embeddable":true,"href":"https:\/\/mariblum.de\/fr\/wp-json\/wp\/v2\/users\/1"}],"replies":[{"embeddable":true,"href":"https:\/\/mariblum.de\/fr\/wp-json\/wp\/v2\/comments?post=7468"}],"version-history":[{"count":2,"href":"https:\/\/mariblum.de\/fr\/wp-json\/wp\/v2\/pages\/7468\/revisions"}],"predecessor-version":[{"id":18908,"href":"https:\/\/mariblum.de\/fr\/wp-json\/wp\/v2\/pages\/7468\/revisions\/18908"}],"wp:attachment":[{"href":"https:\/\/mariblum.de\/fr\/wp-json\/wp\/v2\/media?parent=7468"}],"curies":[{"name":"wp","href":"https:\/\/api.w.org\/{rel}","templated":true}]}}