{"id":13795,"date":"2022-07-22T08:50:55","date_gmt":"2022-07-22T08:50:55","guid":{"rendered":"https:\/\/mariblum.de\/merci-pour-votre-commande\/"},"modified":"2023-07-17T11:02:51","modified_gmt":"2023-07-17T11:02:51","slug":"merci-pour-votre-commande","status":"publish","type":"page","link":"https:\/\/mariblum.de\/fr\/merci-pour-votre-commande\/","title":{"rendered":"Merci pour votre commande"},"content":{"rendered":"\n  <div class=\"banner has-hover\" id=\"banner-253576636\">\n          <div class=\"banner-inner fill\">\n        <div class=\"banner-bg fill\" >\n            <img loading=\"lazy\" decoding=\"async\" width=\"533\" height=\"800\" src=\"https:\/\/mariblum.de\/wp-content\/uploads\/2022\/05\/ring-slingaus-hanf-baby-richtig-tragen-im-tuch-kiss-from-a-rose-1.jpg\" class=\"bg attachment-large size-large\" alt=\"anneau-\u00e9charpe-en-chanvre-porte-b\u00e9b\u00e9-proprement-en-\u00e9charpe-kiss-from-a-rose\" \/>                                    \n                    <\/div>\n\t\t\n        <div class=\"banner-layers container\">\n            <div class=\"fill banner-link\"><\/div>            \n   <div id=\"text-box-1223711993\" class=\"text-box banner-layer x50 md-x50 lg-x50 y50 md-y50 lg-y50 res-text\">\n                                <div class=\"text-box-content text dark\">\n              \n              <div class=\"text-inner text-center\">\n                  \n              <\/div>\n           <\/div>\n                            \n<style>\n#text-box-1223711993 {\n  width: 60%;\n}\n#text-box-1223711993 .text-box-content {\n  font-size: 100%;\n}\n<\/style>\n    <\/div>\n \n        <\/div>\n      <\/div>\n\n            \n<style>\n#banner-253576636 {\n  padding-top: 200px;\n}\n#banner-253576636 .banner-bg img {\n  object-position: 0% 42%;\n}\n<\/style>\n  <\/div>\n\n\n\t<div id=\"gap-1212113662\" class=\"gap-element clearfix\" style=\"display:block; height:auto;\">\n\t\t\n<style>\n#gap-1212113662 {\n  padding-top: 30px;\n}\n<\/style>\n\t<\/div>\n\t\n\t<div id=\"text-4099490985\" class=\"text\">\n\t\t\n<h2 class=\"uppercase\">Merci pour votre commande<\/h2>\n\t\t\n<style>\n#text-4099490985 {\n  text-align: center;\n}\n<\/style>\n\t<\/div>\n\t\n\t<div id=\"gap-378265561\" class=\"gap-element clearfix\" style=\"display:block; height:auto;\">\n\t\t\n<style>\n#gap-378265561 {\n  padding-top: 30px;\n}\n<\/style>\n\t<\/div>\n\t\n<div class=\"row\"  id=\"row-1749234463\">\n\n\t<div id=\"col-379110473\" class=\"col medium-6 small-12 large-6\"  >\n\t\t\t\t<div class=\"col-inner\"  >\n\t\t\t\n\t\t\t\n\n<p><iframe loading=\"lazy\" width=\"804px\" height=\"574px\" style=\"opacity: 1; overflow-y: hidden; box-shadow: none; border-width: 0px !important; width: 800px; height: 300px; max-height: 100vh; max-width: 100vw;\" src=\"https:\/\/a.plerdy.com\/click\/iframe?user_id=40532&#038;form_id=6549\"><\/iframe><br \/>\n\n\t\t<\/div>\n\t\t\t\t\t<\/div>\n\n\t\n\n\t<div id=\"col-291165493\" class=\"col medium-6 small-12 large-6\"  >\n\t\t\t\t<div class=\"col-inner\"  >\n\t\t\t\n\t\t\t\n<p align=\"justify\">Si vous \u00eates int\u00e9ress\u00e9 par des informations plus nombreuses et fr\u00e9quentes sur le portage et nos produits en g\u00e9n\u00e9ral, suivez-nous sur Facebook et\/ou Instagram.<\/p>\n<div class=\"social-icons follow-icons full-width text-center\" style=\"font-size:140%\"><a href=\"https:\/\/www.facebook.com\/mariblumtragetuecher\/\" target=\"_blank\" data-label=\"Facebook\" class=\"icon primary button circle tooltip facebook\" title=\"Nous suivre sur Facebook\" aria-label=\"Nous suivre sur Facebook\" rel=\"noopener nofollow\"><i class=\"icon-facebook\" aria-hidden=\"true\"><\/i><\/a><a href=\"https:\/\/www.instagram.com\/_mariblum_\/\" target=\"_blank\" data-label=\"Instagram\" class=\"icon primary button circle tooltip instagram\" title=\"Nous suivre sur Instagram\" aria-label=\"Nous suivre sur Instagram\" rel=\"noopener nofollow\"><i class=\"icon-instagram\" aria-hidden=\"true\"><\/i><\/a><a href=\"mailto:info@mariblum.de\" data-label=\"E-mail\" target=\"_blank\" class=\"icon primary button circle tooltip email\" title=\"Nous envoyer un email\" aria-label=\"Nous envoyer un email\" rel=\"nofollow noopener\"><i class=\"icon-envelop\" aria-hidden=\"true\"><\/i><\/a><a href=\"https:\/\/www.pinterest.com\/mariblum_babywearing\/\" data-label=\"Pinterest\" target=\"_blank\" class=\"icon primary button circle tooltip pinterest\" title=\"Nous suivre sur Pinterest\" aria-label=\"Nous suivre sur Pinterest\" rel=\"noopener nofollow\"><i class=\"icon-pinterest\" aria-hidden=\"true\"><\/i><\/a><\/div>\n\t\t<\/div>\n\t\t\t\t\t<\/div>\n\n\t\n<\/div>\n\t<div id=\"gap-1482732843\" class=\"gap-element clearfix\" style=\"display:block; height:auto;\">\n\t\t\n<style>\n#gap-1482732843 {\n  padding-top: 15px;\n}\n<\/style>\n\t<\/div>\n\t\n\t<div id=\"gap-904913272\" class=\"gap-element clearfix\" style=\"display:block; height:auto;\">\n\t\t\n<style>\n#gap-904913272 {\n  padding-top: 30px;\n}\n<\/style>\n\t<\/div>\n\t\n\n<h3>\u00cates-vous une monitrice de portage ?<\/h3>\n<p align=\"justify\">Si vous \u00eates une monitrice de portage certifi\u00e9e et que vous avez une de nos \u00e9charpes dans votre inventaire, vous pouvez postuler \u00e0 notre programme d&rsquo;affiliation de monitrices mariblum.<\/p>\n<a href=\"https:\/\/mariblum.de\/fr\/programme-daffiliation-mariblum-baby-sling\/programme-daffiliation-des-monitrices-de-portage-mariblum\/\" target=\"_blank\" class=\"button white is-outline expand\" rel=\"noopener\" style=\"border-radius:99px;\">\n\t\t<span>plus d'informations<\/span>\n\t<\/a>\n\n\t<div id=\"gap-1850564942\" class=\"gap-element clearfix\" style=\"display:block; height:auto;\">\n\t\t\n<style>\n#gap-1850564942 {\n  padding-top: 30px;\n}\n<\/style>\n\t<\/div>\n\t\n\n<p><script type=\"text\/javascript\" defer>\n            var plerdysendData = {'type':'commerce', 'data':\n             {'order_id':<?php echo $order->get_order_number(); ?>, 'money':<?php echo \n            $order->get_total(); ?>, 'quantity':quantity}}\n <\/script><br \/>\n\n","protected":false},"excerpt":{"rendered":"<p>\u00cates-vous une monitrice de portage ? Si vous \u00eates une monitrice de portage certifi\u00e9e et que vous avez une de nos \u00e9charpes dans votre inventaire, vous pouvez postuler \u00e0 notre programme d&rsquo;affiliation de monitrices mariblum.<\/p>\n","protected":false},"author":2,"featured_media":0,"parent":0,"menu_order":0,"comment_status":"closed","ping_status":"closed","template":"","meta":{"footnotes":""},"class_list":["post-13795","page","type-page","status-publish","hentry"],"yoast_head":"<!-- This site is optimized with the Yoast SEO Premium plugin v23.3 (Yoast SEO v27.2) - https:\/\/yoast.com\/product\/yoast-seo-premium-wordpress\/ -->\n<title>Merci pour votre commande - mariblum - \u00c9charpe de portage<\/title>\n<meta name=\"robots\" content=\"index, follow, max-snippet:-1, max-image-preview:large, max-video-preview:-1\" \/>\n<link rel=\"canonical\" href=\"https:\/\/mariblum.de\/fr\/merci-pour-votre-commande\/\" \/>\n<meta property=\"og:locale\" content=\"fr_FR\" \/>\n<meta property=\"og:type\" content=\"article\" \/>\n<meta property=\"og:title\" content=\"Merci pour votre commande\" \/>\n<meta property=\"og:description\" content=\"\u00cates-vous une monitrice de portage ? Si vous \u00eates une monitrice de portage certifi\u00e9e et que vous avez une de nos \u00e9charpes dans votre inventaire, vous pouvez postuler \u00e0 notre programme d&rsquo;affiliation de monitrices mariblum.\" \/>\n<meta property=\"og:url\" content=\"https:\/\/mariblum.de\/fr\/merci-pour-votre-commande\/\" \/>\n<meta property=\"og:site_name\" content=\"mariblum - \u00c9charpe de portage\" \/>\n<meta property=\"article:modified_time\" content=\"2023-07-17T11:02:51+00:00\" \/>\n<meta name=\"twitter:card\" content=\"summary_large_image\" \/>\n<meta name=\"twitter:label1\" content=\"Dur\u00e9e de lecture estim\u00e9e\" \/>\n\t<meta name=\"twitter:data1\" content=\"1 minute\" \/>\n<script type=\"application\/ld+json\" class=\"yoast-schema-graph\">{\"@context\":\"https:\/\/schema.org\",\"@graph\":[{\"@type\":\"WebPage\",\"@id\":\"https:\/\/mariblum.de\/fr\/merci-pour-votre-commande\/\",\"url\":\"https:\/\/mariblum.de\/fr\/merci-pour-votre-commande\/\",\"name\":\"Merci pour votre commande - mariblum - \u00c9charpe de portage\",\"isPartOf\":{\"@id\":\"https:\/\/mariblum.de\/fr\/#website\"},\"datePublished\":\"2022-07-22T08:50:55+00:00\",\"dateModified\":\"2023-07-17T11:02:51+00:00\",\"breadcrumb\":{\"@id\":\"https:\/\/mariblum.de\/fr\/merci-pour-votre-commande\/#breadcrumb\"},\"inLanguage\":\"fr-FR\",\"potentialAction\":[{\"@type\":\"ReadAction\",\"target\":[\"https:\/\/mariblum.de\/fr\/merci-pour-votre-commande\/\"]}]},{\"@type\":\"BreadcrumbList\",\"@id\":\"https:\/\/mariblum.de\/fr\/merci-pour-votre-commande\/#breadcrumb\",\"itemListElement\":[{\"@type\":\"ListItem\",\"position\":1,\"name\":\"Startseite\",\"item\":\"https:\/\/mariblum.de\/fr\/\"},{\"@type\":\"ListItem\",\"position\":2,\"name\":\"Merci pour votre commande\"}]},{\"@type\":\"WebSite\",\"@id\":\"https:\/\/mariblum.de\/fr\/#website\",\"url\":\"https:\/\/mariblum.de\/fr\/\",\"name\":\"mariblum Traget\u00fccher\",\"description\":\"la fa\u00e7on naturelle de porter votre b\u00e9b\u00e9\",\"publisher\":{\"@id\":\"https:\/\/mariblum.de\/fr\/#organization\"},\"potentialAction\":[{\"@type\":\"SearchAction\",\"target\":{\"@type\":\"EntryPoint\",\"urlTemplate\":\"https:\/\/mariblum.de\/fr\/?s={search_term_string}\"},\"query-input\":{\"@type\":\"PropertyValueSpecification\",\"valueRequired\":true,\"valueName\":\"search_term_string\"}}],\"inLanguage\":\"fr-FR\"},{\"@type\":\"Organization\",\"@id\":\"https:\/\/mariblum.de\/fr\/#organization\",\"name\":\"mariblum\",\"url\":\"https:\/\/mariblum.de\/fr\/\",\"logo\":{\"@type\":\"ImageObject\",\"inLanguage\":\"fr-FR\",\"@id\":\"https:\/\/mariblum.de\/fr\/#\/schema\/logo\/image\/\",\"url\":\"https:\/\/mariblum.de\/wp-content\/uploads\/2020\/07\/logo_m-500x_transparent.png\",\"contentUrl\":\"https:\/\/mariblum.de\/wp-content\/uploads\/2020\/07\/logo_m-500x_transparent.png\",\"width\":500,\"height\":500,\"caption\":\"mariblum\"},\"image\":{\"@id\":\"https:\/\/mariblum.de\/fr\/#\/schema\/logo\/image\/\"},\"sameAs\":[\"https:\/\/www.instagram.com\/_mariblum_\/\"]}]}<\/script>\n<!-- \/ Yoast SEO Premium plugin. -->","yoast_head_json":{"title":"Merci pour votre commande - mariblum - \u00c9charpe de portage","robots":{"index":"index","follow":"follow","max-snippet":"max-snippet:-1","max-image-preview":"max-image-preview:large","max-video-preview":"max-video-preview:-1"},"canonical":"https:\/\/mariblum.de\/fr\/merci-pour-votre-commande\/","og_locale":"fr_FR","og_type":"article","og_title":"Merci pour votre commande","og_description":"\u00cates-vous une monitrice de portage ? Si vous \u00eates une monitrice de portage certifi\u00e9e et que vous avez une de nos \u00e9charpes dans votre inventaire, vous pouvez postuler \u00e0 notre programme d&rsquo;affiliation de monitrices mariblum.","og_url":"https:\/\/mariblum.de\/fr\/merci-pour-votre-commande\/","og_site_name":"mariblum - \u00c9charpe de portage","article_modified_time":"2023-07-17T11:02:51+00:00","twitter_card":"summary_large_image","twitter_misc":{"Dur\u00e9e de lecture estim\u00e9e":"1 minute"},"schema":{"@context":"https:\/\/schema.org","@graph":[{"@type":"WebPage","@id":"https:\/\/mariblum.de\/fr\/merci-pour-votre-commande\/","url":"https:\/\/mariblum.de\/fr\/merci-pour-votre-commande\/","name":"Merci pour votre commande - mariblum - \u00c9charpe de portage","isPartOf":{"@id":"https:\/\/mariblum.de\/fr\/#website"},"datePublished":"2022-07-22T08:50:55+00:00","dateModified":"2023-07-17T11:02:51+00:00","breadcrumb":{"@id":"https:\/\/mariblum.de\/fr\/merci-pour-votre-commande\/#breadcrumb"},"inLanguage":"fr-FR","potentialAction":[{"@type":"ReadAction","target":["https:\/\/mariblum.de\/fr\/merci-pour-votre-commande\/"]}]},{"@type":"BreadcrumbList","@id":"https:\/\/mariblum.de\/fr\/merci-pour-votre-commande\/#breadcrumb","itemListElement":[{"@type":"ListItem","position":1,"name":"Startseite","item":"https:\/\/mariblum.de\/fr\/"},{"@type":"ListItem","position":2,"name":"Merci pour votre commande"}]},{"@type":"WebSite","@id":"https:\/\/mariblum.de\/fr\/#website","url":"https:\/\/mariblum.de\/fr\/","name":"mariblum Traget\u00fccher","description":"la fa\u00e7on naturelle de porter votre b\u00e9b\u00e9","publisher":{"@id":"https:\/\/mariblum.de\/fr\/#organization"},"potentialAction":[{"@type":"SearchAction","target":{"@type":"EntryPoint","urlTemplate":"https:\/\/mariblum.de\/fr\/?s={search_term_string}"},"query-input":{"@type":"PropertyValueSpecification","valueRequired":true,"valueName":"search_term_string"}}],"inLanguage":"fr-FR"},{"@type":"Organization","@id":"https:\/\/mariblum.de\/fr\/#organization","name":"mariblum","url":"https:\/\/mariblum.de\/fr\/","logo":{"@type":"ImageObject","inLanguage":"fr-FR","@id":"https:\/\/mariblum.de\/fr\/#\/schema\/logo\/image\/","url":"https:\/\/mariblum.de\/wp-content\/uploads\/2020\/07\/logo_m-500x_transparent.png","contentUrl":"https:\/\/mariblum.de\/wp-content\/uploads\/2020\/07\/logo_m-500x_transparent.png","width":500,"height":500,"caption":"mariblum"},"image":{"@id":"https:\/\/mariblum.de\/fr\/#\/schema\/logo\/image\/"},"sameAs":["https:\/\/www.instagram.com\/_mariblum_\/"]}]}},"_links":{"self":[{"href":"https:\/\/mariblum.de\/fr\/wp-json\/wp\/v2\/pages\/13795","targetHints":{"allow":["GET"]}}],"collection":[{"href":"https:\/\/mariblum.de\/fr\/wp-json\/wp\/v2\/pages"}],"about":[{"href":"https:\/\/mariblum.de\/fr\/wp-json\/wp\/v2\/types\/page"}],"author":[{"embeddable":true,"href":"https:\/\/mariblum.de\/fr\/wp-json\/wp\/v2\/users\/2"}],"replies":[{"embeddable":true,"href":"https:\/\/mariblum.de\/fr\/wp-json\/wp\/v2\/comments?post=13795"}],"version-history":[{"count":0,"href":"https:\/\/mariblum.de\/fr\/wp-json\/wp\/v2\/pages\/13795\/revisions"}],"wp:attachment":[{"href":"https:\/\/mariblum.de\/fr\/wp-json\/wp\/v2\/media?parent=13795"}],"curies":[{"name":"wp","href":"https:\/\/api.w.org\/{rel}","templated":true}]}}