{"id":11305,"date":"2021-09-03T11:32:41","date_gmt":"2021-09-03T11:32:41","guid":{"rendered":"https:\/\/mariblum.de\/programme-daffiliation-mariblum-baby-sling\/"},"modified":"2021-09-03T12:19:59","modified_gmt":"2021-09-03T12:19:59","slug":"programme-daffiliation-mariblum-baby-sling","status":"publish","type":"page","link":"https:\/\/mariblum.de\/fr\/programme-daffiliation-mariblum-baby-sling\/","title":{"rendered":"Programme d&rsquo;affiliation &#8211; mariblum baby sling"},"content":{"rendered":"\n  <div class=\"banner has-hover\" id=\"banner-1156618285\">\n          <div class=\"banner-inner fill\">\n        <div class=\"banner-bg fill\" >\n            <img loading=\"lazy\" decoding=\"async\" width=\"533\" height=\"800\" src=\"https:\/\/mariblum.de\/wp-content\/uploads\/2019\/10\/himmel-blauer-ring-sling-aus-leinen-gebunden.png\" class=\"bg attachment-large size-large\" alt=\"bleu-celeste-ring-sling-en-lin\" \/>                        <div class=\"overlay\"><\/div>            \n                    <\/div>\n\t\t\n        <div class=\"banner-layers container\">\n            <div class=\"fill banner-link\"><\/div>            \n   <div id=\"text-box-278177751\" class=\"text-box banner-layer x50 md-x50 lg-x50 y100 md-y95 lg-y85 res-text\">\n                                <div class=\"text-box-content text \">\n              \n              <div class=\"text-inner text-center\">\n                  \n\t<div id=\"text-3791742470\" class=\"text\">\n\t\t\n<h3 class=\"uppercase\"><strong>Recommander \u00e0 mariblum de recevoir une r\u00e9mun\u00e9ration<\/strong><\/h3>\n\t\t\n<style>\n#text-3791742470 {\n  color: rgb(255, 255, 255);\n}\n#text-3791742470 > * {\n  color: rgb(255, 255, 255);\n}\n<\/style>\n\t<\/div>\n\t\n<a href=\"https:\/\/mariblum.de\/fr\/programme-daffiliation\/\" class=\"button primary is-larger\" style=\"border-radius:99px;\">\n\t\t<span>s'enregistrer<\/span>\n\t<\/a>\n\n<a href=\"https:\/\/mariblum.de\/fr\/programme-daffiliation-mariblum-baby-sling\/affiliate-login\/\" class=\"button white is-bevel is-larger\" style=\"border-radius:99px;\">\n\t\t<span>connexion<\/span>\n\t<\/a>\n\n              <\/div>\n           <\/div>\n                            \n<style>\n#text-box-278177751 {\n  width: 100%;\n}\n#text-box-278177751 .text-box-content {\n  font-size: 100%;\n}\n@media (min-width:550px) {\n  #text-box-278177751 {\n    width: 100%;\n  }\n}\n<\/style>\n    <\/div>\n \n        <\/div>\n      <\/div>\n\n            \n<style>\n#banner-1156618285 {\n  padding-top: 300px;\n  background-color: rgb(255, 255, 255);\n}\n#banner-1156618285 .overlay {\n  background-color: rgba(190, 190, 190, 0.2);\n}\n#banner-1156618285 .banner-bg img {\n  object-position: 0% 23%;\n}\n@media (min-width:550px) {\n  #banner-1156618285 {\n    padding-top: 500px;\n  }\n}\n<\/style>\n  <\/div>\n\n\n\t<div id=\"gap-160693991\" class=\"gap-element clearfix\" style=\"display:block; height:auto;\">\n\t\t\n<style>\n#gap-160693991 {\n  padding-top: 30px;\n}\n<\/style>\n\t<\/div>\n\t\n<div class=\"row\"  id=\"row-1022090163\">\n\n\t<div id=\"col-863812056\" class=\"col small-12 large-12\"  >\n\t\t\t\t<div class=\"col-inner\"  >\n\t\t\t\n\t\t\t\n<h3 style=\"text-align : center ;\">mariblum business &#8211; le programme de partenariat de marketing d&rsquo;affiliation de mariblum<\/h3>\n<p align=\"justify\">Bienvenue dans notre programme de partenariat de marketing d&rsquo;affiliation. Le programme d&rsquo;affiliation mariblum aide les montrices de portage, les sages-femmes, les influenceurs et les blogueurs \u00e0 partager le succ\u00e8s des produits de portage naturels et durables. Les participants \u00e0 notre programme d&rsquo;affiliation disposent d&rsquo;outils simples de cr\u00e9ation de liens pour conduire leur public vers leurs recommandations et gagner de l&rsquo;argent suppl\u00e9mentaire par le biais d&rsquo;achats qualifi\u00e9s et prouv\u00e9s.<\/p>\n<p><center><\/p>\n<p class=\"lead\"><span style=\"color : #ff6600 ;\">\u00c0 l&rsquo;heure actuelle, nous ne proposons le programme d&rsquo;affiliation qu&rsquo;aux consultants en portage<\/span><br \/><span style=\"color : #ff6600 ;\">qui ont une de nos \u00e9charpes ou \u00e9charpes porte-b\u00e9b\u00e9 \u00e0 anneau dans leur gamme.<\/span><\/p>\n<p>.<br \/>\n<\/center><\/p>\n\t\t<\/div>\n\t\t\t\t\t<\/div>\n\n\t\n<\/div>\n\t<div id=\"gap-1572347490\" class=\"gap-element clearfix\" style=\"display:block; height:auto;\">\n\t\t\n<style>\n#gap-1572347490 {\n  padding-top: 30px;\n}\n<\/style>\n\t<\/div>\n\t\n\n\t\t<div class=\"icon-box featured-box show-for-small icon-box-center text-center\"  style=\"margin:0px 0px 0px 0px;\">\n\t\t\t\t\t<div class=\"icon-box-img has-icon-bg\" style=\"width: 60px\">\n\t\t\t\t<div class=\"icon\">\n\t\t\t\t\t<div class=\"icon-inner\" style=\"border-width:2px;\">\n\t\t\t\t\t\t<img loading=\"lazy\" decoding=\"async\" width=\"60\" height=\"60\" src=\"https:\/\/mariblum.de\/wp-content\/uploads\/2021\/02\/1.png\" class=\"attachment-medium size-medium\" alt=\"\" \/>\t\t\t\t\t<\/div>\n\t\t\t\t<\/div>\n\t\t\t<\/div>\n\t\t\t\t<div class=\"icon-box-text last-reset\">\n\t\t\t<h5 class=\"uppercase\">enregistrez<\/h5>\t\t\t\t\t\t\n<p>Inscrivez-vous rapidement et facilement \u00e0 notre programme d&rsquo;affiliation pour commencer.<\/p>\n\t\t<\/div>\n\t<\/div>\n\t\n\t\n\t<div id=\"gap-1829259379\" class=\"gap-element clearfix show-for-small\" style=\"display:block; height:auto;\">\n\t\t\n<style>\n#gap-1829259379 {\n  padding-top: 30px;\n}\n<\/style>\n\t<\/div>\n\t\n\n\t\t<div class=\"icon-box featured-box show-for-small icon-box-center text-center\"  style=\"margin:0px 0px 0px 0px;\">\n\t\t\t\t\t<div class=\"icon-box-img has-icon-bg\" style=\"width: 60px\">\n\t\t\t\t<div class=\"icon\">\n\t\t\t\t\t<div class=\"icon-inner\" style=\"border-width:2px;\">\n\t\t\t\t\t\t<img loading=\"lazy\" decoding=\"async\" width=\"60\" height=\"60\" src=\"https:\/\/mariblum.de\/wp-content\/uploads\/2021\/02\/2.png\" class=\"attachment-medium size-medium\" alt=\"\" \/>\t\t\t\t\t<\/div>\n\t\t\t\t<\/div>\n\t\t\t<\/div>\n\t\t\t\t<div class=\"icon-box-text last-reset\">\n\t\t\t<h5 class=\"uppercase\">recommander<\/h5>\t\t\t\t\t\t\n<p align=\"centre\">Partagez nos produits avec votre public. Utilisez les supports publicitaires que nous vous fournissons ou cr\u00e9ez simplement les v\u00f4tres.<\/p>\n<p>.<\/p>\n\t\t<\/div>\n\t<\/div>\n\t\n\t\n\n\t<section class=\"section show-for-small\" id=\"section_1502074180\">\n\t\t<div class=\"section-bg fill\" >\n\t\t\t\t\t\t\t\t\t\n\t\t\t\n\n\t\t<\/div>\n\n\t\t\n\n\t\t<div class=\"section-content relative\">\n\t\t\t\n\n\t\t<div class=\"icon-box featured-box show-for-small icon-box-center text-center\"  style=\"margin:0px 0px 0px 0px;\">\n\t\t\t\t\t<div class=\"icon-box-img has-icon-bg\" style=\"width: 60px\">\n\t\t\t\t<div class=\"icon\">\n\t\t\t\t\t<div class=\"icon-inner\" style=\"border-width:2px;\">\n\t\t\t\t\t\t<img loading=\"lazy\" decoding=\"async\" width=\"60\" height=\"60\" src=\"https:\/\/mariblum.de\/wp-content\/uploads\/2021\/02\/3.png\" class=\"attachment-medium size-medium\" alt=\"\" \/>\t\t\t\t\t<\/div>\n\t\t\t\t<\/div>\n\t\t\t<\/div>\n\t\t\t\t<div class=\"icon-box-text last-reset\">\n\t\t\t<h5 class=\"uppercase\">gagner<\/h5>\t\t\t\t\t\t\n<p align=\"center\">Gagnez jusqu&rsquo;\u00e0 10% de compensation de la valeur du panier d&rsquo;achat gr\u00e2ce \u00e0 des achats qualifi\u00e9s.<\/p>\n\t\t<\/div>\n\t<\/div>\n\t\n\t\n\t\t<\/div>\n\n\t\t\n<style>\n#section_1502074180 {\n  padding-top: 30px;\n  padding-bottom: 30px;\n  background-color: rgb(255, 255, 255);\n}\n<\/style>\n\t<\/section>\n\t\n\n\t<section class=\"section hide-for-small\" id=\"section_631120803\">\n\t\t<div class=\"section-bg fill\" >\n\t\t\t\t\t\t\t\t\t\n\t\t\t\n\n\t\t<\/div>\n\n\t\t\n\n\t\t<div class=\"section-content relative\">\n\t\t\t\n<div class=\"row row-large align-center row-divided\"  id=\"row-533305481\">\n\n\t<div id=\"col-606879686\" class=\"col medium-4 large-4\"  >\n\t\t\t\t<div class=\"col-inner\"  >\n\t\t\t\n\t\t\t\n\n\t\t<div class=\"icon-box featured-box icon-box-center text-center\"  style=\"margin:0px 0px 0px 0px;\">\n\t\t\t\t\t<div class=\"icon-box-img has-icon-bg\" style=\"width: 60px\">\n\t\t\t\t<div class=\"icon\">\n\t\t\t\t\t<div class=\"icon-inner\" style=\"border-width:2px;\">\n\t\t\t\t\t\t<img loading=\"lazy\" decoding=\"async\" width=\"60\" height=\"60\" src=\"https:\/\/mariblum.de\/wp-content\/uploads\/2021\/02\/1.png\" class=\"attachment-medium size-medium\" alt=\"\" \/>\t\t\t\t\t<\/div>\n\t\t\t\t<\/div>\n\t\t\t<\/div>\n\t\t\t\t<div class=\"icon-box-text last-reset\">\n\t\t\t<h5 class=\"uppercase\">enregistrez<\/h5>\t\t\t\t\t\t\n<p>Inscrivez-vous rapidement et facilement \u00e0 notre programme d&rsquo;affiliation pour commencer.<\/p>\n\t\t<\/div>\n\t<\/div>\n\t\n\t\n\t\t<\/div>\n\t\t\t\t\t<\/div>\n\n\t\n\n\t<div id=\"col-68124096\" class=\"col medium-4 large-4\"  >\n\t\t\t\t<div class=\"col-inner\"  >\n\t\t\t\n\t\t\t\n\n\t\t<div class=\"icon-box featured-box icon-box-center text-center\"  style=\"margin:0px 0px 0px 0px;\">\n\t\t\t\t\t<div class=\"icon-box-img has-icon-bg\" style=\"width: 60px\">\n\t\t\t\t<div class=\"icon\">\n\t\t\t\t\t<div class=\"icon-inner\" style=\"border-width:2px;\">\n\t\t\t\t\t\t<img loading=\"lazy\" decoding=\"async\" width=\"60\" height=\"60\" src=\"https:\/\/mariblum.de\/wp-content\/uploads\/2021\/02\/2.png\" class=\"attachment-medium size-medium\" alt=\"\" \/>\t\t\t\t\t<\/div>\n\t\t\t\t<\/div>\n\t\t\t<\/div>\n\t\t\t\t<div class=\"icon-box-text last-reset\">\n\t\t\t<h5 class=\"uppercase\">recommander<\/h5>\t\t\t\t\t\t\n<p align=\"centre\">Partagez nos produits avec votre public. Utilisez les supports publicitaires que nous vous fournissons ou cr\u00e9ez simplement les v\u00f4tres.<\/p>\n<p>.<\/p>\n\t\t<\/div>\n\t<\/div>\n\t\n\t\n\t\t<\/div>\n\t\t\t\t\t<\/div>\n\n\t\n\n\t<div id=\"col-95140856\" class=\"col medium-4 large-4\"  >\n\t\t\t\t<div class=\"col-inner\"  >\n\t\t\t\n\t\t\t\n\n\t\t<div class=\"icon-box featured-box icon-box-center text-center\"  style=\"margin:0px 0px 0px 0px;\">\n\t\t\t\t\t<div class=\"icon-box-img has-icon-bg\" style=\"width: 60px\">\n\t\t\t\t<div class=\"icon\">\n\t\t\t\t\t<div class=\"icon-inner\" style=\"border-width:2px;\">\n\t\t\t\t\t\t<img loading=\"lazy\" decoding=\"async\" width=\"60\" height=\"60\" src=\"https:\/\/mariblum.de\/wp-content\/uploads\/2021\/02\/3.png\" class=\"attachment-medium size-medium\" alt=\"\" \/>\t\t\t\t\t<\/div>\n\t\t\t\t<\/div>\n\t\t\t<\/div>\n\t\t\t\t<div class=\"icon-box-text last-reset\">\n\t\t\t<h5 class=\"uppercase\">gagner<\/h5>\t\t\t\t\t\t\n<p align=\"center\">Gagnez jusqu&rsquo;\u00e0 10% de la valeur du panier gr\u00e2ce \u00e0 des achats <i>v\u00e9rifi\u00e9s<\/i>.<\/p>\n\t\t<\/div>\n\t<\/div>\n\t\n\t\n\t\t<\/div>\n\t\t\t\t\t<\/div>\n\n\t\n<\/div>\n\t\t<\/div>\n\n\t\t\n<style>\n#section_631120803 {\n  padding-top: 30px;\n  padding-bottom: 30px;\n  background-color: rgb(255, 255, 255);\n}\n<\/style>\n\t<\/section>\n\t\n\n  <div class=\"banner has-hover\" id=\"banner-306610168\">\n          <div class=\"banner-inner fill\">\n        <div class=\"banner-bg fill\" >\n            <img loading=\"lazy\" decoding=\"async\" width=\"600\" height=\"800\" src=\"https:\/\/mariblum.de\/wp-content\/uploads\/2021\/01\/katze-am-strand-tragetuch-aus-hanf.jpg\" class=\"bg attachment-large size-large\" alt=\"chat-sur-la-plage-echarpe\" \/>                        <div class=\"overlay\"><\/div>            \n                    <\/div>\n\t\t\n        <div class=\"banner-layers container\">\n            <div class=\"fill banner-link\"><\/div>            \n   <div id=\"text-box-89176628\" class=\"text-box banner-layer x50 md-x50 lg-x50 y50 md-y50 lg-y50 res-text\">\n                                <div class=\"text-box-content text dark\">\n              \n              <div class=\"text-inner text-center\">\n                  \n<h3 class=\"uppercase\">Avez-vous des questions ? <\/h3>\n<a href=\"mailto:info@mariblum.de\" class=\"button white is-outline\" >\n\t\t<span>\u00e9crivez-nous<\/span>\n\t<\/a>\n\n              <\/div>\n           <\/div>\n                            \n<style>\n#text-box-89176628 {\n  width: 93%;\n}\n#text-box-89176628 .text-box-content {\n  font-size: 100%;\n}\n<\/style>\n    <\/div>\n \n        <\/div>\n      <\/div>\n\n            \n<style>\n#banner-306610168 {\n  padding-top: 100px;\n}\n#banner-306610168 .overlay {\n  background-color: rgba(0, 0, 0, 0.17);\n}\n#banner-306610168 .banner-bg img {\n  object-position: 2% 63%;\n}\n<\/style>\n  <\/div>\n\n\n<div class=\"row\"  id=\"row-64674881\">\n\n\t<div id=\"col-318182210\" class=\"col medium-6 small-12 large-6\"  >\n\t\t\t\t<div class=\"col-inner\"  >\n\t\t\t\n\t\t\t\n\t<div id=\"gap-2023013701\" class=\"gap-element clearfix show-for-small\" style=\"display:block; height:auto;\">\n\t\t\n<style>\n#gap-2023013701 {\n  padding-top: 50px;\n}\n@media (min-width:550px) {\n  #gap-2023013701 {\n    padding-top: 30px;\n  }\n}\n<\/style>\n\t<\/div>\n\t\n<h2>Fragmentation du programme de partenariat de mariblum<\/h2>\n\t\t<\/div>\n\t\t\t\t\t<\/div>\n\n\t\n<\/div>\n<div class=\"row\"  id=\"row-643974151\">\n\n\t<div id=\"col-752841405\" class=\"col medium-6 small-12 large-6\"  >\n\t\t\t\t<div class=\"col-inner\"  >\n\t\t\t\n\t\t\t\n<h3>Comment fonctionne le programme d&rsquo;affiliation<\/h3>\n<p align=\"justify\">Vous pouvez partager des produits sur mariblum avec votre audience via des outils de liens personnalis\u00e9s et gagner de l&rsquo;argent gr\u00e2ce \u00e0 des achats <i>v\u00e9rifi\u00e9s<\/i>.<a href=\"#\">En savoir plus&#8230; <\/a><\/p>\n<h3>Comment puis-je b\u00e9n\u00e9ficier du programme d&rsquo;affiliation<\/h3>\n<p align=\"justify\">Notre programme est ouvert aux montrices de portage, sages-femmes, blogueurs, influenceurs, \u00e9diteurs et cr\u00e9ateurs de contenu disposant d&rsquo;un site web adapt\u00e9.<a href=\"#\">En savoir plus&#8230;<\/a><\/p>\n<p>.<\/p>\n\t\t<\/div>\n\t\t\t\t\t<\/div>\n\n\t\n\n\t<div id=\"col-505455953\" class=\"col medium-6 small-12 large-6\"  >\n\t\t\t\t<div class=\"col-inner\"  >\n\t\t\t\n\t\t\t\n<h3>Comment je gagne de l&rsquo;argent avec ce programme<\/h3>\n<p align=\"justify\">Vous gagnez des achats <i>v\u00e9rifi\u00e9s<\/i> dans notre boutique en ligne en dirigeant le trafic de votre site web vers mariblum. La r\u00e9mun\u00e9ration pour les achats <i>v\u00e9rifi\u00e9s<\/i> dans le programme d&rsquo;affiliation est de <strong>10%<\/strong>.<a href=\"https:\/\/mariblum.de\/partnerprogramm-so-funktioniert-es\/\">En savoir plus&#8230;<\/a><\/p>\n<h3>Comment devenir affili\u00e9<\/h3>\n<p align=\"justify\">S&rsquo;inscrire <a href=\"#\">ici<\/a> au programme.<\/p>\n<p align=\"justify\">Nous examinerons votre inscription. Vous serez accept\u00e9 et associ\u00e9 si vous r\u00e9pondez aux crit\u00e8res appropri\u00e9s.<a href=\"#\">En savoir plus&#8230;<\/a><\/p>\n<p>.<\/p>\n\t\t<\/div>\n\t\t\t\t\t<\/div>\n\n\t\n<\/div>\n\n  <div class=\"banner has-hover\" id=\"banner-232061457\">\n          <div class=\"banner-inner fill\">\n        <div class=\"banner-bg fill\" >\n            <img loading=\"lazy\" decoding=\"async\" width=\"683\" height=\"1024\" src=\"https:\/\/mariblum.de\/wp-content\/uploads\/2019\/12\/newborn-baby-cuddeling-scaled.jpg\" class=\"bg attachment-large size-large\" alt=\"mother cuddeling a newborn baby in a babywearing sling\" \/>                        <div class=\"overlay\"><\/div>            \n                    <\/div>\n\t\t\n        <div class=\"banner-layers container\">\n            <div class=\"fill banner-link\"><\/div>            \n   <div id=\"text-box-1148784450\" class=\"text-box banner-layer x50 md-x50 lg-x50 y85 md-y85 lg-y85 res-text\">\n                                <div class=\"text-box-content text dark\">\n              \n              <div class=\"text-inner text-center\">\n                  \n<h3 class=\"uppercase\">Programme d&rsquo;affiliation mariblum<\/h3>\n<a href=\"https:\/\/mariblum.de\/fr\/programme-daffiliation\/\" class=\"button white is-outline\" >\n\t\t<span>s'enregistrer<\/span>\n\t<\/a>\n\n              <\/div>\n           <\/div>\n                            \n<style>\n#text-box-1148784450 {\n  width: 60%;\n}\n#text-box-1148784450 .text-box-content {\n  font-size: 100%;\n}\n<\/style>\n    <\/div>\n \n        <\/div>\n      <\/div>\n\n            \n<style>\n#banner-232061457 {\n  padding-top: 300px;\n}\n#banner-232061457 .overlay {\n  background-color: rgba(0, 0, 0, 0.17);\n}\n#banner-232061457 .banner-bg img {\n  object-position: 0% 59%;\n}\n<\/style>\n  <\/div>\n\n\n","protected":false},"excerpt":{"rendered":"","protected":false},"author":2,"featured_media":0,"parent":0,"menu_order":0,"comment_status":"closed","ping_status":"closed","template":"page-blank.php","meta":{"footnotes":""},"class_list":["post-11305","page","type-page","status-publish","hentry"],"yoast_head":"<!-- This site is optimized with the Yoast SEO Premium plugin v23.3 (Yoast SEO v27.2) - https:\/\/yoast.com\/product\/yoast-seo-premium-wordpress\/ -->\n<title>Le programme d&#039;affiliation de mariblum porta beb\u00e9 | Montrice de portage , Blogger et plus.<\/title>\n<meta name=\"robots\" content=\"index, follow, max-snippet:-1, max-image-preview:large, max-video-preview:-1\" \/>\n<link rel=\"canonical\" href=\"https:\/\/mariblum.de\/fr\/programme-daffiliation-mariblum-baby-sling\/\" \/>\n<meta property=\"og:locale\" content=\"fr_FR\" \/>\n<meta property=\"og:type\" content=\"article\" \/>\n<meta property=\"og:title\" content=\"Programme d&#039;affiliation - mariblum baby sling\" \/>\n<meta property=\"og:url\" content=\"https:\/\/mariblum.de\/fr\/programme-daffiliation-mariblum-baby-sling\/\" \/>\n<meta property=\"og:site_name\" content=\"mariblum - \u00c9charpe de portage\" \/>\n<meta property=\"article:modified_time\" content=\"2021-09-03T12:19:59+00:00\" \/>\n<meta property=\"og:image\" content=\"https:\/\/mariblum.de\/wp-content\/uploads\/2021\/02\/mariblum-business-logo.bmp\" \/>\n<meta name=\"twitter:card\" content=\"summary_large_image\" \/>\n<meta name=\"twitter:label1\" content=\"Dur\u00e9e de lecture estim\u00e9e\" \/>\n\t<meta name=\"twitter:data1\" content=\"3 minutes\" \/>\n<script type=\"application\/ld+json\" class=\"yoast-schema-graph\">{\"@context\":\"https:\/\/schema.org\",\"@graph\":[{\"@type\":\"WebPage\",\"@id\":\"https:\/\/mariblum.de\/fr\/programme-daffiliation-mariblum-baby-sling\/\",\"url\":\"https:\/\/mariblum.de\/fr\/programme-daffiliation-mariblum-baby-sling\/\",\"name\":\"Le programme d'affiliation de mariblum porta beb\u00e9 | Montrice de portage , Blogger et plus.\",\"isPartOf\":{\"@id\":\"https:\/\/mariblum.de\/fr\/#website\"},\"datePublished\":\"2021-09-03T11:32:41+00:00\",\"dateModified\":\"2021-09-03T12:19:59+00:00\",\"breadcrumb\":{\"@id\":\"https:\/\/mariblum.de\/fr\/programme-daffiliation-mariblum-baby-sling\/#breadcrumb\"},\"inLanguage\":\"fr-FR\",\"potentialAction\":[{\"@type\":\"ReadAction\",\"target\":[\"https:\/\/mariblum.de\/fr\/programme-daffiliation-mariblum-baby-sling\/\"]}]},{\"@type\":\"BreadcrumbList\",\"@id\":\"https:\/\/mariblum.de\/fr\/programme-daffiliation-mariblum-baby-sling\/#breadcrumb\",\"itemListElement\":[{\"@type\":\"ListItem\",\"position\":1,\"name\":\"Startseite\",\"item\":\"https:\/\/mariblum.de\/fr\/\"},{\"@type\":\"ListItem\",\"position\":2,\"name\":\"Programme d&#8217;affiliation &#8211; mariblum baby sling\"}]},{\"@type\":\"WebSite\",\"@id\":\"https:\/\/mariblum.de\/fr\/#website\",\"url\":\"https:\/\/mariblum.de\/fr\/\",\"name\":\"mariblum Traget\u00fccher\",\"description\":\"la fa\u00e7on naturelle de porter votre b\u00e9b\u00e9\",\"publisher\":{\"@id\":\"https:\/\/mariblum.de\/fr\/#organization\"},\"potentialAction\":[{\"@type\":\"SearchAction\",\"target\":{\"@type\":\"EntryPoint\",\"urlTemplate\":\"https:\/\/mariblum.de\/fr\/?s={search_term_string}\"},\"query-input\":{\"@type\":\"PropertyValueSpecification\",\"valueRequired\":true,\"valueName\":\"search_term_string\"}}],\"inLanguage\":\"fr-FR\"},{\"@type\":\"Organization\",\"@id\":\"https:\/\/mariblum.de\/fr\/#organization\",\"name\":\"mariblum\",\"url\":\"https:\/\/mariblum.de\/fr\/\",\"logo\":{\"@type\":\"ImageObject\",\"inLanguage\":\"fr-FR\",\"@id\":\"https:\/\/mariblum.de\/fr\/#\/schema\/logo\/image\/\",\"url\":\"https:\/\/mariblum.de\/wp-content\/uploads\/2020\/07\/logo_m-500x_transparent.png\",\"contentUrl\":\"https:\/\/mariblum.de\/wp-content\/uploads\/2020\/07\/logo_m-500x_transparent.png\",\"width\":500,\"height\":500,\"caption\":\"mariblum\"},\"image\":{\"@id\":\"https:\/\/mariblum.de\/fr\/#\/schema\/logo\/image\/\"},\"sameAs\":[\"https:\/\/www.instagram.com\/_mariblum_\/\"]}]}<\/script>\n<!-- \/ Yoast SEO Premium plugin. -->","yoast_head_json":{"title":"Le programme d'affiliation de mariblum porta beb\u00e9 | Montrice de portage , Blogger et plus.","robots":{"index":"index","follow":"follow","max-snippet":"max-snippet:-1","max-image-preview":"max-image-preview:large","max-video-preview":"max-video-preview:-1"},"canonical":"https:\/\/mariblum.de\/fr\/programme-daffiliation-mariblum-baby-sling\/","og_locale":"fr_FR","og_type":"article","og_title":"Programme d'affiliation - mariblum baby sling","og_url":"https:\/\/mariblum.de\/fr\/programme-daffiliation-mariblum-baby-sling\/","og_site_name":"mariblum - \u00c9charpe de portage","article_modified_time":"2021-09-03T12:19:59+00:00","og_image":[{"url":"https:\/\/mariblum.de\/wp-content\/uploads\/2021\/02\/mariblum-business-logo.bmp","type":"","width":"","height":""}],"twitter_card":"summary_large_image","twitter_misc":{"Dur\u00e9e de lecture estim\u00e9e":"3 minutes"},"schema":{"@context":"https:\/\/schema.org","@graph":[{"@type":"WebPage","@id":"https:\/\/mariblum.de\/fr\/programme-daffiliation-mariblum-baby-sling\/","url":"https:\/\/mariblum.de\/fr\/programme-daffiliation-mariblum-baby-sling\/","name":"Le programme d'affiliation de mariblum porta beb\u00e9 | Montrice de portage , Blogger et plus.","isPartOf":{"@id":"https:\/\/mariblum.de\/fr\/#website"},"datePublished":"2021-09-03T11:32:41+00:00","dateModified":"2021-09-03T12:19:59+00:00","breadcrumb":{"@id":"https:\/\/mariblum.de\/fr\/programme-daffiliation-mariblum-baby-sling\/#breadcrumb"},"inLanguage":"fr-FR","potentialAction":[{"@type":"ReadAction","target":["https:\/\/mariblum.de\/fr\/programme-daffiliation-mariblum-baby-sling\/"]}]},{"@type":"BreadcrumbList","@id":"https:\/\/mariblum.de\/fr\/programme-daffiliation-mariblum-baby-sling\/#breadcrumb","itemListElement":[{"@type":"ListItem","position":1,"name":"Startseite","item":"https:\/\/mariblum.de\/fr\/"},{"@type":"ListItem","position":2,"name":"Programme d&#8217;affiliation &#8211; mariblum baby sling"}]},{"@type":"WebSite","@id":"https:\/\/mariblum.de\/fr\/#website","url":"https:\/\/mariblum.de\/fr\/","name":"mariblum Traget\u00fccher","description":"la fa\u00e7on naturelle de porter votre b\u00e9b\u00e9","publisher":{"@id":"https:\/\/mariblum.de\/fr\/#organization"},"potentialAction":[{"@type":"SearchAction","target":{"@type":"EntryPoint","urlTemplate":"https:\/\/mariblum.de\/fr\/?s={search_term_string}"},"query-input":{"@type":"PropertyValueSpecification","valueRequired":true,"valueName":"search_term_string"}}],"inLanguage":"fr-FR"},{"@type":"Organization","@id":"https:\/\/mariblum.de\/fr\/#organization","name":"mariblum","url":"https:\/\/mariblum.de\/fr\/","logo":{"@type":"ImageObject","inLanguage":"fr-FR","@id":"https:\/\/mariblum.de\/fr\/#\/schema\/logo\/image\/","url":"https:\/\/mariblum.de\/wp-content\/uploads\/2020\/07\/logo_m-500x_transparent.png","contentUrl":"https:\/\/mariblum.de\/wp-content\/uploads\/2020\/07\/logo_m-500x_transparent.png","width":500,"height":500,"caption":"mariblum"},"image":{"@id":"https:\/\/mariblum.de\/fr\/#\/schema\/logo\/image\/"},"sameAs":["https:\/\/www.instagram.com\/_mariblum_\/"]}]}},"_links":{"self":[{"href":"https:\/\/mariblum.de\/fr\/wp-json\/wp\/v2\/pages\/11305","targetHints":{"allow":["GET"]}}],"collection":[{"href":"https:\/\/mariblum.de\/fr\/wp-json\/wp\/v2\/pages"}],"about":[{"href":"https:\/\/mariblum.de\/fr\/wp-json\/wp\/v2\/types\/page"}],"author":[{"embeddable":true,"href":"https:\/\/mariblum.de\/fr\/wp-json\/wp\/v2\/users\/2"}],"replies":[{"embeddable":true,"href":"https:\/\/mariblum.de\/fr\/wp-json\/wp\/v2\/comments?post=11305"}],"version-history":[{"count":0,"href":"https:\/\/mariblum.de\/fr\/wp-json\/wp\/v2\/pages\/11305\/revisions"}],"wp:attachment":[{"href":"https:\/\/mariblum.de\/fr\/wp-json\/wp\/v2\/media?parent=11305"}],"curies":[{"name":"wp","href":"https:\/\/api.w.org\/{rel}","templated":true}]}}