{"id":11301,"date":"2021-09-03T11:08:58","date_gmt":"2021-09-03T11:08:58","guid":{"rendered":"https:\/\/mariblum.de\/mot-de-passe-perdu\/"},"modified":"2021-09-03T11:09:00","modified_gmt":"2021-09-03T11:09:00","slug":"mot-de-passe-perdu","status":"publish","type":"page","link":"https:\/\/mariblum.de\/fr\/mot-de-passe-perdu\/","title":{"rendered":"Mot de passe perdu"},"content":{"rendered":"\n  <div class=\"banner has-hover\" id=\"banner-209554221\">\n          <div class=\"banner-inner fill\">\n        <div class=\"banner-bg fill\" >\n            <img loading=\"lazy\" decoding=\"async\" width=\"1020\" height=\"765\" src=\"https:\/\/mariblum.de\/wp-content\/uploads\/2019\/10\/tragetuch-natur-ring-sling-hanf-1024x768.jpg\" class=\"bg attachment-large size-large\" alt=\"Porte-b\u00e9b\u00e9-nature-en-chanvre\" \/>                        <div class=\"overlay\"><\/div>            \n                    <\/div>\n\t\t\n        <div class=\"banner-layers container\">\n            <div class=\"fill banner-link\"><\/div>            \n   <div id=\"text-box-1278559719\" class=\"text-box banner-layer x50 md-x50 lg-x50 y50 md-y50 lg-y50 res-text\">\n                                <div class=\"text-box-content text dark\">\n              \n              <div class=\"text-inner text-center\">\n                  \n\t<div id=\"text-2586081583\" class=\"text\">\n\t\t\n<h3 class=\"uppercase\">Mot de passe perdu ?<\/h3>\n<p>&#8211; Pas de probl\u00e8me &#8211;<\/p>\n\t\t\n<style>\n#text-2586081583 {\n  text-align: center;\n}\n<\/style>\n\t<\/div>\n\t\n              <\/div>\n           <\/div>\n                            \n<style>\n#text-box-1278559719 {\n  width: 60%;\n}\n#text-box-1278559719 .text-box-content {\n  font-size: 100%;\n}\n<\/style>\n    <\/div>\n \n        <\/div>\n      <\/div>\n\n            \n<style>\n#banner-209554221 {\n  padding-top: 300px;\n}\n#banner-209554221 .overlay {\n  background-color: rgba(0, 0, 0, 0.17);\n}\n#banner-209554221 .banner-bg img {\n  object-position: 34% 50%;\n}\n<\/style>\n  <\/div>\n\n\n\t<div id=\"gap-1544729165\" class=\"gap-element clearfix\" style=\"display:block; height:auto;\">\n\t\t\n<style>\n#gap-1544729165 {\n  padding-top: 30px;\n}\n<\/style>\n\t<\/div>\n\t\n<p align=\"justify\">Veuillez saisir votre nom d&rsquo;utilisateur ou votre adresse \u00e9lectronique ci-dessous. Vous recevrez un lien pour confirmer la demande par courriel. Un mot de passe nouvellement g\u00e9n\u00e9r\u00e9 sera fourni, qui pourra \u00eatre modifi\u00e9 ult\u00e9rieurement sous Mon compte.<\/p>\n<p>.<\/p>\n<p style=\"text-align : center ;\">\r\n<div class=\"uap-pass-form-wrap uap-login-template-9\">\r\r\n\t<form method=\"post\" >\r\r\n\t\t<input type=\"hidden\" name=\"uap_reset_password_nonce\" value=\"b63ac17a80\" \/>\r\r\n\t\t<input name=\"uapaction\" type=\"hidden\" value=\"reset_pass\">\r\r\n\r\r\n\t\r\n\t\t\t\t\t<div class=\"uap-form-line-fr\">\r\r\n\t\t\t\t\t\t<i class=\"fa-uap fa-username-uap\"><\/i>\r\r\n\t\t\t\t\t\t<input type=\"text\" value=\"\" name=\"email_or_userlogin\" placeholder=\"Username or E-mail\" \/>\r\r\n\t\t\t\t\t<\/div>\r\r\n\t\t\t\t\t<div class=\"uap-form-line-fr uap-form-submit\">\r\r\n\t\t\t\t\t\t<input type=\"submit\" value=\"Get New Password\" name=\"Submit\" class=\"button button-primary button-large uap-reset-password-button\" \/>\r\r\n\t\t\t\t\t<\/div>\r\r\n\t\t\t\t\r\n\r\r\n\t<\/form>\r\r\n\t\r\n<\/div>\r\r\n\n","protected":false},"excerpt":{"rendered":"<p>Veuillez saisir votre nom d&rsquo;utilisateur ou votre adresse \u00e9lectronique ci-dessous. Vous recevrez un lien pour confirmer la demande par courriel. Un mot de passe nouvellement g\u00e9n\u00e9r\u00e9 sera fourni, qui pourra \u00eatre modifi\u00e9 ult\u00e9rieurement sous Mon compte. .<\/p>\n","protected":false},"author":2,"featured_media":0,"parent":0,"menu_order":0,"comment_status":"closed","ping_status":"closed","template":"","meta":{"footnotes":""},"class_list":["post-11301","page","type-page","status-publish","hentry"],"yoast_head":"<!-- This site is optimized with the Yoast SEO Premium plugin v23.3 (Yoast SEO v27.2) - https:\/\/yoast.com\/product\/yoast-seo-premium-wordpress\/ -->\n<title>Mot de passe perdu ? - Pas de probl\u00e8me - mariblum Tragetuch<\/title>\n<meta name=\"description\" content=\"Veuillez saisir votre nom d&#039;utilisateur ou votre adresse \u00e9lectronique ci-dessous. Vous recevrez un lien pour confirmer la demande par e-mail.\" \/>\n<meta name=\"robots\" content=\"index, follow, max-snippet:-1, max-image-preview:large, max-video-preview:-1\" \/>\n<link rel=\"canonical\" href=\"https:\/\/mariblum.de\/fr\/mot-de-passe-perdu\/\" \/>\n<meta property=\"og:locale\" content=\"fr_FR\" \/>\n<meta property=\"og:type\" content=\"article\" \/>\n<meta property=\"og:title\" content=\"Mot de passe perdu\" \/>\n<meta property=\"og:description\" content=\"Veuillez saisir votre nom d&#039;utilisateur ou votre adresse \u00e9lectronique ci-dessous. Vous recevrez un lien pour confirmer la demande par e-mail.\" \/>\n<meta property=\"og:url\" content=\"https:\/\/mariblum.de\/fr\/mot-de-passe-perdu\/\" \/>\n<meta property=\"og:site_name\" content=\"mariblum - \u00c9charpe de portage\" \/>\n<meta property=\"article:modified_time\" content=\"2021-09-03T11:09:00+00:00\" \/>\n<meta name=\"twitter:card\" content=\"summary_large_image\" \/>\n<script type=\"application\/ld+json\" class=\"yoast-schema-graph\">{\"@context\":\"https:\/\/schema.org\",\"@graph\":[{\"@type\":\"WebPage\",\"@id\":\"https:\/\/mariblum.de\/fr\/mot-de-passe-perdu\/\",\"url\":\"https:\/\/mariblum.de\/fr\/mot-de-passe-perdu\/\",\"name\":\"Mot de passe perdu ? - Pas de probl\u00e8me - mariblum Tragetuch\",\"isPartOf\":{\"@id\":\"https:\/\/mariblum.de\/fr\/#website\"},\"datePublished\":\"2021-09-03T11:08:58+00:00\",\"dateModified\":\"2021-09-03T11:09:00+00:00\",\"description\":\"Veuillez saisir votre nom d'utilisateur ou votre adresse \u00e9lectronique ci-dessous. Vous recevrez un lien pour confirmer la demande par e-mail.\",\"breadcrumb\":{\"@id\":\"https:\/\/mariblum.de\/fr\/mot-de-passe-perdu\/#breadcrumb\"},\"inLanguage\":\"fr-FR\",\"potentialAction\":[{\"@type\":\"ReadAction\",\"target\":[\"https:\/\/mariblum.de\/fr\/mot-de-passe-perdu\/\"]}]},{\"@type\":\"BreadcrumbList\",\"@id\":\"https:\/\/mariblum.de\/fr\/mot-de-passe-perdu\/#breadcrumb\",\"itemListElement\":[{\"@type\":\"ListItem\",\"position\":1,\"name\":\"Startseite\",\"item\":\"https:\/\/mariblum.de\/fr\/\"},{\"@type\":\"ListItem\",\"position\":2,\"name\":\"Programme d&#8217;affiliation &#8211; mariblum baby sling\",\"item\":\"https:\/\/mariblum.de\/fr\/programme-daffiliation-mariblum-baby-sling\/\"},{\"@type\":\"ListItem\",\"position\":3,\"name\":\"Mot de passe perdu\"}]},{\"@type\":\"WebSite\",\"@id\":\"https:\/\/mariblum.de\/fr\/#website\",\"url\":\"https:\/\/mariblum.de\/fr\/\",\"name\":\"mariblum Traget\u00fccher\",\"description\":\"la fa\u00e7on naturelle de porter votre b\u00e9b\u00e9\",\"publisher\":{\"@id\":\"https:\/\/mariblum.de\/fr\/#organization\"},\"potentialAction\":[{\"@type\":\"SearchAction\",\"target\":{\"@type\":\"EntryPoint\",\"urlTemplate\":\"https:\/\/mariblum.de\/fr\/?s={search_term_string}\"},\"query-input\":{\"@type\":\"PropertyValueSpecification\",\"valueRequired\":true,\"valueName\":\"search_term_string\"}}],\"inLanguage\":\"fr-FR\"},{\"@type\":\"Organization\",\"@id\":\"https:\/\/mariblum.de\/fr\/#organization\",\"name\":\"mariblum\",\"url\":\"https:\/\/mariblum.de\/fr\/\",\"logo\":{\"@type\":\"ImageObject\",\"inLanguage\":\"fr-FR\",\"@id\":\"https:\/\/mariblum.de\/fr\/#\/schema\/logo\/image\/\",\"url\":\"https:\/\/mariblum.de\/wp-content\/uploads\/2020\/07\/logo_m-500x_transparent.png\",\"contentUrl\":\"https:\/\/mariblum.de\/wp-content\/uploads\/2020\/07\/logo_m-500x_transparent.png\",\"width\":500,\"height\":500,\"caption\":\"mariblum\"},\"image\":{\"@id\":\"https:\/\/mariblum.de\/fr\/#\/schema\/logo\/image\/\"},\"sameAs\":[\"https:\/\/www.instagram.com\/_mariblum_\/\"]}]}<\/script>\n<!-- \/ Yoast SEO Premium plugin. -->","yoast_head_json":{"title":"Mot de passe perdu ? - Pas de probl\u00e8me - mariblum Tragetuch","description":"Veuillez saisir votre nom d'utilisateur ou votre adresse \u00e9lectronique ci-dessous. Vous recevrez un lien pour confirmer la demande par e-mail.","robots":{"index":"index","follow":"follow","max-snippet":"max-snippet:-1","max-image-preview":"max-image-preview:large","max-video-preview":"max-video-preview:-1"},"canonical":"https:\/\/mariblum.de\/fr\/mot-de-passe-perdu\/","og_locale":"fr_FR","og_type":"article","og_title":"Mot de passe perdu","og_description":"Veuillez saisir votre nom d'utilisateur ou votre adresse \u00e9lectronique ci-dessous. Vous recevrez un lien pour confirmer la demande par e-mail.","og_url":"https:\/\/mariblum.de\/fr\/mot-de-passe-perdu\/","og_site_name":"mariblum - \u00c9charpe de portage","article_modified_time":"2021-09-03T11:09:00+00:00","twitter_card":"summary_large_image","schema":{"@context":"https:\/\/schema.org","@graph":[{"@type":"WebPage","@id":"https:\/\/mariblum.de\/fr\/mot-de-passe-perdu\/","url":"https:\/\/mariblum.de\/fr\/mot-de-passe-perdu\/","name":"Mot de passe perdu ? - Pas de probl\u00e8me - mariblum Tragetuch","isPartOf":{"@id":"https:\/\/mariblum.de\/fr\/#website"},"datePublished":"2021-09-03T11:08:58+00:00","dateModified":"2021-09-03T11:09:00+00:00","description":"Veuillez saisir votre nom d'utilisateur ou votre adresse \u00e9lectronique ci-dessous. Vous recevrez un lien pour confirmer la demande par e-mail.","breadcrumb":{"@id":"https:\/\/mariblum.de\/fr\/mot-de-passe-perdu\/#breadcrumb"},"inLanguage":"fr-FR","potentialAction":[{"@type":"ReadAction","target":["https:\/\/mariblum.de\/fr\/mot-de-passe-perdu\/"]}]},{"@type":"BreadcrumbList","@id":"https:\/\/mariblum.de\/fr\/mot-de-passe-perdu\/#breadcrumb","itemListElement":[{"@type":"ListItem","position":1,"name":"Startseite","item":"https:\/\/mariblum.de\/fr\/"},{"@type":"ListItem","position":2,"name":"Programme d&#8217;affiliation &#8211; mariblum baby sling","item":"https:\/\/mariblum.de\/fr\/programme-daffiliation-mariblum-baby-sling\/"},{"@type":"ListItem","position":3,"name":"Mot de passe perdu"}]},{"@type":"WebSite","@id":"https:\/\/mariblum.de\/fr\/#website","url":"https:\/\/mariblum.de\/fr\/","name":"mariblum Traget\u00fccher","description":"la fa\u00e7on naturelle de porter votre b\u00e9b\u00e9","publisher":{"@id":"https:\/\/mariblum.de\/fr\/#organization"},"potentialAction":[{"@type":"SearchAction","target":{"@type":"EntryPoint","urlTemplate":"https:\/\/mariblum.de\/fr\/?s={search_term_string}"},"query-input":{"@type":"PropertyValueSpecification","valueRequired":true,"valueName":"search_term_string"}}],"inLanguage":"fr-FR"},{"@type":"Organization","@id":"https:\/\/mariblum.de\/fr\/#organization","name":"mariblum","url":"https:\/\/mariblum.de\/fr\/","logo":{"@type":"ImageObject","inLanguage":"fr-FR","@id":"https:\/\/mariblum.de\/fr\/#\/schema\/logo\/image\/","url":"https:\/\/mariblum.de\/wp-content\/uploads\/2020\/07\/logo_m-500x_transparent.png","contentUrl":"https:\/\/mariblum.de\/wp-content\/uploads\/2020\/07\/logo_m-500x_transparent.png","width":500,"height":500,"caption":"mariblum"},"image":{"@id":"https:\/\/mariblum.de\/fr\/#\/schema\/logo\/image\/"},"sameAs":["https:\/\/www.instagram.com\/_mariblum_\/"]}]}},"_links":{"self":[{"href":"https:\/\/mariblum.de\/fr\/wp-json\/wp\/v2\/pages\/11301","targetHints":{"allow":["GET"]}}],"collection":[{"href":"https:\/\/mariblum.de\/fr\/wp-json\/wp\/v2\/pages"}],"about":[{"href":"https:\/\/mariblum.de\/fr\/wp-json\/wp\/v2\/types\/page"}],"author":[{"embeddable":true,"href":"https:\/\/mariblum.de\/fr\/wp-json\/wp\/v2\/users\/2"}],"replies":[{"embeddable":true,"href":"https:\/\/mariblum.de\/fr\/wp-json\/wp\/v2\/comments?post=11301"}],"version-history":[{"count":0,"href":"https:\/\/mariblum.de\/fr\/wp-json\/wp\/v2\/pages\/11301\/revisions"}],"wp:attachment":[{"href":"https:\/\/mariblum.de\/fr\/wp-json\/wp\/v2\/media?parent=11301"}],"curies":[{"name":"wp","href":"https:\/\/api.w.org\/{rel}","templated":true}]}}