{"id":11278,"date":"2021-09-02T15:48:27","date_gmt":"2021-09-02T15:48:27","guid":{"rendered":"https:\/\/mariblum.de\/affiliate-login\/"},"modified":"2021-09-03T12:09:22","modified_gmt":"2021-09-03T12:09:22","slug":"affiliate-login","status":"publish","type":"page","link":"https:\/\/mariblum.de\/fr\/programme-daffiliation-mariblum-baby-sling\/affiliate-login\/","title":{"rendered":"Affiliate Login fr"},"content":{"rendered":"\n  <div class=\"banner has-hover\" id=\"banner-1943871172\">\n          <div class=\"banner-inner fill\">\n        <div class=\"banner-bg fill\" >\n            <img loading=\"lazy\" decoding=\"async\" width=\"800\" height=\"600\" src=\"https:\/\/mariblum.de\/wp-content\/uploads\/2019\/11\/Blumenwiese-nah-e1576347891935.jpg\" class=\"bg attachment-large size-large\" alt=\"\" \/>                                    \n                    <\/div>\n\t\t\n        <div class=\"banner-layers container\">\n            <div class=\"fill banner-link\"><\/div>            \n   <div id=\"text-box-1432836180\" class=\"text-box banner-layer x50 md-x50 lg-x50 y50 md-y50 lg-y50 res-text\">\n                                <div class=\"text-box-content text dark\">\n              \n              <div class=\"text-inner text-center\">\n                  \n              <\/div>\n           <\/div>\n                            \n<style>\n#text-box-1432836180 {\n  width: 60%;\n}\n#text-box-1432836180 .text-box-content {\n  font-size: 100%;\n}\n<\/style>\n    <\/div>\n \n        <\/div>\n      <\/div>\n\n            \n<style>\n#banner-1943871172 {\n  padding-top: 250px;\n}\n<\/style>\n  <\/div>\n\n\n\t<div id=\"gap-1360026143\" class=\"gap-element clearfix\" style=\"display:block; height:auto;\">\n\t\t\n<style>\n#gap-1360026143 {\n  padding-top: 30px;\n}\n<\/style>\n\t<\/div>\n\t\n<div class=\"row\"  id=\"row-707223705\">\n\n\t<div id=\"col-751440403\" class=\"col medium-6 small-12 large-6\"  >\n\t\t\t\t<div class=\"col-inner\"  >\n\t\t\t\n\t\t\t\n\t<div id=\"text-398094000\" class=\"text\">\n\t\t\n<div class=\"uap-login-form-wrap uap-login-template-9\"><form method=\"post\" id=\"uap_login_form\"><input type=\"hidden\" name=\"uapaction\" value=\"login\" \/><div class=\"uap-form-line-fr\"><i class=\"fa-uap fa-username-uap\"><\/i><input type=\"text\" id=\"uap_login_username\" value=\"\" name=\"log\" placeholder=\"Username\" \/><\/div><div class=\"uap-form-line-fr\"><i class=\"fa-uap fa-pass-uap\"><\/i><input type=\"password\" id=\"uap_login_password\" value=\"\" placeholder=\"Password\" name=\"pwd\" \/><\/div><div class=\"uap-remember-wrapper\"><input type=\"checkbox\" value=\"forever\" name=\"rememberme\" class=\"uap-form-input-remember\" \/><span class=\"uap-form-label-fr uap-form-label-remember\">Se souvenir de moi<\/span> <\/div><div  class=\"uap-form-links\"><div class=\"uap-form-links-pass\"><a href=\"https:\/\/mariblum.de\/lost-password-2\/\">Lost your password?<\/a><\/div><\/div><div class=\"uap-clear\"><\/div><div class=\"uap-form-line-fr uap-form-submit\"><input type=\"submit\" value=\"Log In\" name=\"Submit\"  \/><\/div><div  class=\"uap-form-links\"><div class=\"uap-form-links-reg\">Dont have an account?<a href=\"https:\/\/mariblum.de\/become-an-affiliate\/\">Sign Up<\/a><\/div><\/div><div class=\"uap-clear\"><\/div><input type='hidden' value='5cd0848a68' name='uap_login_nonce' \/><\/form>\r\r\n\t<span class=\"uap-js-login-form-details\"\r\r\n\tdata-username_selector=\"#uap_login_username\"\r\r\n\tdata-password_selector=\"#uap_login_password\"\r\r\n\tdata-error_message=\"Please complete all require fields!\"><\/span>\r\r\n\t<\/div>\n\t\t\n<style>\n#text-398094000 {\n  text-align: center;\n}\n<\/style>\n\t<\/div>\n\t\n\t\t<\/div>\n\t\t\t\t\t<\/div>\n\n\t\n\n\t<div id=\"col-2129926374\" class=\"col medium-6 small-12 large-6\"  >\n\t\t\t\t<div class=\"col-inner\"  >\n\t\t\t\n\t\t\t\n<h3 style=\"text-align : centre ;\">mariblum business &#8211; le programme partenaire de marketing d&rsquo;affiliation de mariblum<\/h3>\n<p>.<\/p>\n<p align=\"justify\">Bienvenue dans notre programme de partenariat de marketing d&rsquo;affiliation. Le programme d&rsquo;affiliation mariblum aide les conseillers en portage, les sages-femmes, les influenceurs et les blogueurs \u00e0 partager le succ\u00e8s des produits de portage naturels et durables. Les participants \u00e0 notre programme d&rsquo;affiliation disposent d&rsquo;outils simples de cr\u00e9ation de liens pour conduire leur public vers leurs recommandations et gagner de l&rsquo;argent suppl\u00e9mentaire par le biais d&rsquo;achats qualifi\u00e9s et prouv\u00e9s.<\/p>\n\t\t<\/div>\n\t\t\t\t\t<\/div>\n\n\t\n<\/div>\n","protected":false},"excerpt":{"rendered":"","protected":false},"author":2,"featured_media":0,"parent":11305,"menu_order":0,"comment_status":"closed","ping_status":"closed","template":"","meta":{"footnotes":""},"class_list":["post-11278","page","type-page","status-publish","hentry"],"yoast_head":"<!-- This site is optimized with the Yoast SEO Premium plugin v23.3 (Yoast SEO v27.2) - https:\/\/yoast.com\/product\/yoast-seo-premium-wordpress\/ -->\n<title>Affiliate Login fr - mariblum - \u00c9charpe de portage<\/title>\n<meta name=\"robots\" content=\"index, follow, max-snippet:-1, max-image-preview:large, max-video-preview:-1\" \/>\n<link rel=\"canonical\" href=\"https:\/\/mariblum.de\/fr\/programme-daffiliation-mariblum-baby-sling\/affiliate-login\/\" \/>\n<meta property=\"og:locale\" content=\"fr_FR\" \/>\n<meta property=\"og:type\" content=\"article\" \/>\n<meta property=\"og:title\" content=\"Affiliate Login fr\" \/>\n<meta property=\"og:url\" content=\"https:\/\/mariblum.de\/fr\/programme-daffiliation-mariblum-baby-sling\/affiliate-login\/\" \/>\n<meta property=\"og:site_name\" content=\"mariblum - \u00c9charpe de portage\" \/>\n<meta property=\"article:modified_time\" content=\"2021-09-03T12:09:22+00:00\" \/>\n<meta name=\"twitter:card\" content=\"summary_large_image\" \/>\n<meta name=\"twitter:label1\" content=\"Dur\u00e9e de lecture estim\u00e9e\" \/>\n\t<meta name=\"twitter:data1\" content=\"1 minute\" \/>\n<script type=\"application\/ld+json\" class=\"yoast-schema-graph\">{\"@context\":\"https:\/\/schema.org\",\"@graph\":[{\"@type\":\"WebPage\",\"@id\":\"https:\/\/mariblum.de\/fr\/programme-daffiliation-mariblum-baby-sling\/affiliate-login\/\",\"url\":\"https:\/\/mariblum.de\/fr\/programme-daffiliation-mariblum-baby-sling\/affiliate-login\/\",\"name\":\"Affiliate Login fr - mariblum - \u00c9charpe de portage\",\"isPartOf\":{\"@id\":\"https:\/\/mariblum.de\/fr\/#website\"},\"datePublished\":\"2021-09-02T15:48:27+00:00\",\"dateModified\":\"2021-09-03T12:09:22+00:00\",\"breadcrumb\":{\"@id\":\"https:\/\/mariblum.de\/fr\/programme-daffiliation-mariblum-baby-sling\/affiliate-login\/#breadcrumb\"},\"inLanguage\":\"fr-FR\",\"potentialAction\":[{\"@type\":\"ReadAction\",\"target\":[\"https:\/\/mariblum.de\/fr\/programme-daffiliation-mariblum-baby-sling\/affiliate-login\/\"]}]},{\"@type\":\"BreadcrumbList\",\"@id\":\"https:\/\/mariblum.de\/fr\/programme-daffiliation-mariblum-baby-sling\/affiliate-login\/#breadcrumb\",\"itemListElement\":[{\"@type\":\"ListItem\",\"position\":1,\"name\":\"Startseite\",\"item\":\"https:\/\/mariblum.de\/fr\/\"},{\"@type\":\"ListItem\",\"position\":2,\"name\":\"Programme d&#8217;affiliation &#8211; mariblum baby sling\",\"item\":\"https:\/\/mariblum.de\/fr\/programme-daffiliation-mariblum-baby-sling\/\"},{\"@type\":\"ListItem\",\"position\":3,\"name\":\"Affiliate Login fr\"}]},{\"@type\":\"WebSite\",\"@id\":\"https:\/\/mariblum.de\/fr\/#website\",\"url\":\"https:\/\/mariblum.de\/fr\/\",\"name\":\"mariblum Traget\u00fccher\",\"description\":\"la fa\u00e7on naturelle de porter votre b\u00e9b\u00e9\",\"publisher\":{\"@id\":\"https:\/\/mariblum.de\/fr\/#organization\"},\"potentialAction\":[{\"@type\":\"SearchAction\",\"target\":{\"@type\":\"EntryPoint\",\"urlTemplate\":\"https:\/\/mariblum.de\/fr\/?s={search_term_string}\"},\"query-input\":{\"@type\":\"PropertyValueSpecification\",\"valueRequired\":true,\"valueName\":\"search_term_string\"}}],\"inLanguage\":\"fr-FR\"},{\"@type\":\"Organization\",\"@id\":\"https:\/\/mariblum.de\/fr\/#organization\",\"name\":\"mariblum\",\"url\":\"https:\/\/mariblum.de\/fr\/\",\"logo\":{\"@type\":\"ImageObject\",\"inLanguage\":\"fr-FR\",\"@id\":\"https:\/\/mariblum.de\/fr\/#\/schema\/logo\/image\/\",\"url\":\"https:\/\/mariblum.de\/wp-content\/uploads\/2020\/07\/logo_m-500x_transparent.png\",\"contentUrl\":\"https:\/\/mariblum.de\/wp-content\/uploads\/2020\/07\/logo_m-500x_transparent.png\",\"width\":500,\"height\":500,\"caption\":\"mariblum\"},\"image\":{\"@id\":\"https:\/\/mariblum.de\/fr\/#\/schema\/logo\/image\/\"},\"sameAs\":[\"https:\/\/www.instagram.com\/_mariblum_\/\"]}]}<\/script>\n<!-- \/ Yoast SEO Premium plugin. -->","yoast_head_json":{"title":"Affiliate Login fr - mariblum - \u00c9charpe de portage","robots":{"index":"index","follow":"follow","max-snippet":"max-snippet:-1","max-image-preview":"max-image-preview:large","max-video-preview":"max-video-preview:-1"},"canonical":"https:\/\/mariblum.de\/fr\/programme-daffiliation-mariblum-baby-sling\/affiliate-login\/","og_locale":"fr_FR","og_type":"article","og_title":"Affiliate Login fr","og_url":"https:\/\/mariblum.de\/fr\/programme-daffiliation-mariblum-baby-sling\/affiliate-login\/","og_site_name":"mariblum - \u00c9charpe de portage","article_modified_time":"2021-09-03T12:09:22+00:00","twitter_card":"summary_large_image","twitter_misc":{"Dur\u00e9e de lecture estim\u00e9e":"1 minute"},"schema":{"@context":"https:\/\/schema.org","@graph":[{"@type":"WebPage","@id":"https:\/\/mariblum.de\/fr\/programme-daffiliation-mariblum-baby-sling\/affiliate-login\/","url":"https:\/\/mariblum.de\/fr\/programme-daffiliation-mariblum-baby-sling\/affiliate-login\/","name":"Affiliate Login fr - mariblum - \u00c9charpe de portage","isPartOf":{"@id":"https:\/\/mariblum.de\/fr\/#website"},"datePublished":"2021-09-02T15:48:27+00:00","dateModified":"2021-09-03T12:09:22+00:00","breadcrumb":{"@id":"https:\/\/mariblum.de\/fr\/programme-daffiliation-mariblum-baby-sling\/affiliate-login\/#breadcrumb"},"inLanguage":"fr-FR","potentialAction":[{"@type":"ReadAction","target":["https:\/\/mariblum.de\/fr\/programme-daffiliation-mariblum-baby-sling\/affiliate-login\/"]}]},{"@type":"BreadcrumbList","@id":"https:\/\/mariblum.de\/fr\/programme-daffiliation-mariblum-baby-sling\/affiliate-login\/#breadcrumb","itemListElement":[{"@type":"ListItem","position":1,"name":"Startseite","item":"https:\/\/mariblum.de\/fr\/"},{"@type":"ListItem","position":2,"name":"Programme d&#8217;affiliation &#8211; mariblum baby sling","item":"https:\/\/mariblum.de\/fr\/programme-daffiliation-mariblum-baby-sling\/"},{"@type":"ListItem","position":3,"name":"Affiliate Login fr"}]},{"@type":"WebSite","@id":"https:\/\/mariblum.de\/fr\/#website","url":"https:\/\/mariblum.de\/fr\/","name":"mariblum Traget\u00fccher","description":"la fa\u00e7on naturelle de porter votre b\u00e9b\u00e9","publisher":{"@id":"https:\/\/mariblum.de\/fr\/#organization"},"potentialAction":[{"@type":"SearchAction","target":{"@type":"EntryPoint","urlTemplate":"https:\/\/mariblum.de\/fr\/?s={search_term_string}"},"query-input":{"@type":"PropertyValueSpecification","valueRequired":true,"valueName":"search_term_string"}}],"inLanguage":"fr-FR"},{"@type":"Organization","@id":"https:\/\/mariblum.de\/fr\/#organization","name":"mariblum","url":"https:\/\/mariblum.de\/fr\/","logo":{"@type":"ImageObject","inLanguage":"fr-FR","@id":"https:\/\/mariblum.de\/fr\/#\/schema\/logo\/image\/","url":"https:\/\/mariblum.de\/wp-content\/uploads\/2020\/07\/logo_m-500x_transparent.png","contentUrl":"https:\/\/mariblum.de\/wp-content\/uploads\/2020\/07\/logo_m-500x_transparent.png","width":500,"height":500,"caption":"mariblum"},"image":{"@id":"https:\/\/mariblum.de\/fr\/#\/schema\/logo\/image\/"},"sameAs":["https:\/\/www.instagram.com\/_mariblum_\/"]}]}},"_links":{"self":[{"href":"https:\/\/mariblum.de\/fr\/wp-json\/wp\/v2\/pages\/11278","targetHints":{"allow":["GET"]}}],"collection":[{"href":"https:\/\/mariblum.de\/fr\/wp-json\/wp\/v2\/pages"}],"about":[{"href":"https:\/\/mariblum.de\/fr\/wp-json\/wp\/v2\/types\/page"}],"author":[{"embeddable":true,"href":"https:\/\/mariblum.de\/fr\/wp-json\/wp\/v2\/users\/2"}],"replies":[{"embeddable":true,"href":"https:\/\/mariblum.de\/fr\/wp-json\/wp\/v2\/comments?post=11278"}],"version-history":[{"count":0,"href":"https:\/\/mariblum.de\/fr\/wp-json\/wp\/v2\/pages\/11278\/revisions"}],"up":[{"embeddable":true,"href":"https:\/\/mariblum.de\/fr\/wp-json\/wp\/v2\/pages\/11305"}],"wp:attachment":[{"href":"https:\/\/mariblum.de\/fr\/wp-json\/wp\/v2\/media?parent=11278"}],"curies":[{"name":"wp","href":"https:\/\/api.w.org\/{rel}","templated":true}]}}