{"id":107,"date":"2019-12-12T12:25:36","date_gmt":"2019-12-12T12:25:36","guid":{"rendered":"http:\/\/mariblum.com\/?page_id=107"},"modified":"2020-05-24T11:50:55","modified_gmt":"2020-05-24T11:50:55","slug":"revocation-instruction","status":"publish","type":"page","link":"https:\/\/mariblum.de\/en\/revocation-instruction\/","title":{"rendered":"Revocation Instruction"},"content":{"rendered":"<div class=\"wpb_wrapper\">\n<h1><\/h1>\n<h1>Cancellation Policy &amp; Cancellation Form<\/h1>\n<p>Consumers are entitled to a right of revocation in accordance with the following provision, whereby a consumer is any natural person who concludes a legal transaction for purposes which can predominantly be attributed neither to his commercial nor his self-employed professional activity.<\/p>\n<p>The right of withdrawal <strong>does not<\/strong> apply to distance contracts for the supply of customer-specific products which are not prefabricated and for the manufacture of which an individual selection or destination by the consumer is decisive or which are clearly tailored to the personal needs of the consumer.<\/p>\n<p><span data-text-color=\"alert\"><strong>Custom made babywearing Slings, Ring Slings and other\u00a0excerpts from revocation<\/strong>.<\/span><\/p>\n<h2>A. revocation instruction<\/h2>\n<h3>right of withdrawal<\/h3>\n<p>You have the right to revoke this contract within fourteen days without giving reasons.<\/p>\n<p>The revocation period is fourteen days from the day on which you or a third party named by you who is not the carrier have taken or have taken possession of the last goods.<\/p>\n<p>In order to exercise your right of withdrawal, you must inform us (Hagen Puls, mariblum Hagen Puls, Ammerweg 5, 38268 Lengede, Germany, Tel.: 017699818284, e-mail: info@mariblum.de) of your decision to withdraw from this contract by means of a clear declaration (e.g. a letter or e-mail sent by post). You can use the attached model withdrawal form, which is not mandatory.<\/p>\n<p>In order to comply with the revocation period, it is sufficient that you send the notification of the exercise of the right of revocation before the expiry of the revocation period.<\/p>\n<h3>Consequences of revocation<\/h3>\n<p>If you revoke this Agreement, we shall reimburse you immediately and no later than fourteen days from the date on which we received notice of your revocation of this Agreement for all payments we have received from you, including delivery charges (other than additional charges arising from your choice of a method of delivery other than the cheapest standard delivery offered by us). For this refund we will use the same means of payment that you used for the original transaction, unless expressly agreed otherwise with you; in no event will you be charged for this refund. We may refuse to refund until we have received the Goods back or until you have provided evidence that you have returned the Goods, whichever is earlier.<\/p>\n<p>You must return or hand over the goods to us immediately and in any case within fourteen days of the day on which you notify us of the revocation of this contract at the latest. This period shall be deemed to have been observed if you dispatch the goods before the expiry of the fourteen-day period.<\/p>\n<p>You shall bear the direct costs of returning the goods.<\/p>\n<p>They shall be liable for any depreciation of the goods only if such depreciation is due to handling of the goods which is not necessary to examine their nature, properties and functionality.<\/p>\n<h3>General information<\/h3>\n<p>1) Bitte vermeiden Sie Besch\u00e4digungen und Verunreinigungen der Ware. Senden Sie die Ware bitte in Originalverpackung mit s\u00e4mtlichem Zubeh\u00f6r und mit allen Verpackungsbestandteilen an uns zur\u00fcck. Verwenden Sie ggf. eine sch\u00fctzende Umverpackung. Wenn Sie die Originalverpackung nicht mehr besitzen, sorgen Sie bitte mit einer geeigneten Verpackung f\u00fcr einen ausreichenden Schutz vor Transportsch\u00e4den.<br \/>\n2) Senden Sie die Ware bitte nicht unfrei an uns zur\u00fcck.<br \/>\n3) Bitte beachten Sie, dass die vorgenannten Ziffern 1-2 nicht Voraussetzung f\u00fcr die wirksame Aus\u00fcbung des Widerrufsrechts sind.<\/p>\n<h2>B. Withdrawal form<\/h2>\n<p>If you wish to cancel the contract, please fill out this form and return it.<\/p>\n<p>To<\/p>\n<p>Hagen Puls<br \/>\nmariblum Hagen Puls<br \/>\nAmmerweg 5<br \/>\n38268 Lengede<br \/>\nDeutschland<br \/>\nE-Mail: info@mariblum.de<\/p>\n<p>I\/we (*) hereby cancel the contract concluded by me\/us (*) for the purchase of the following goods (*)\/the provision of the following services (*)<\/p>\n<p>_______________________________________________________<\/p>\n<p>_______________________________________________________<\/p>\n<p>Ordered on (*) ____________ \/ received on (*) __________________<\/p>\n<p>________________________________________________________<br \/>\nName of Customer(s)<\/p>\n<p>________________________________________________________<br \/>\nAdress of customer(s)<\/p>\n<p>________________________________________________________<br \/>\nSignature(s) of Customer(s) (only on paper)<\/p>\n<p>_________________________<br \/>\nDate<\/p>\n<p>(*) Delete if appropriate<\/p>\n<\/div>\n","protected":false},"excerpt":{"rendered":"<p>Cancellation Policy &amp; Cancellation Form Consumers are entitled to a right of revocation in accordance with the following provision, whereby a consumer is any natural person who concludes a legal transaction for purposes which can predominantly be attributed neither to his commercial nor his self-employed professional activity. The right of withdrawal does not apply to [&#8230;]\n","protected":false},"author":1,"featured_media":0,"parent":0,"menu_order":0,"comment_status":"closed","ping_status":"closed","template":"","meta":{"footnotes":""},"class_list":["post-107","page","type-page","status-publish","hentry"],"yoast_head":"<!-- This site is optimized with the Yoast SEO Premium plugin v23.3 (Yoast SEO v27.2) - https:\/\/yoast.com\/product\/yoast-seo-premium-wordpress\/ -->\n<title>Revocation Instruction - mariblum babywearing<\/title>\n<meta name=\"robots\" content=\"index, follow, max-snippet:-1, max-image-preview:large, max-video-preview:-1\" \/>\n<link rel=\"canonical\" href=\"https:\/\/mariblum.de\/en\/revocation-instruction\/\" \/>\n<meta property=\"og:locale\" content=\"en_US\" \/>\n<meta property=\"og:type\" content=\"article\" \/>\n<meta property=\"og:title\" content=\"Revocation Instruction\" \/>\n<meta property=\"og:description\" content=\"Cancellation Policy &amp; Cancellation Form Consumers are entitled to a right of revocation in accordance with the following provision, whereby a consumer is any natural person who concludes a legal transaction for purposes which can predominantly be attributed neither to his commercial nor his self-employed professional activity. The right of withdrawal does not apply to [...]\" \/>\n<meta property=\"og:url\" content=\"https:\/\/mariblum.de\/en\/revocation-instruction\/\" \/>\n<meta property=\"og:site_name\" content=\"mariblum babywearing\" \/>\n<meta property=\"article:modified_time\" content=\"2020-05-24T11:50:55+00:00\" \/>\n<meta name=\"twitter:card\" content=\"summary_large_image\" \/>\n<meta name=\"twitter:label1\" content=\"Est. reading time\" \/>\n\t<meta name=\"twitter:data1\" content=\"3 minutes\" \/>\n<script type=\"application\/ld+json\" class=\"yoast-schema-graph\">{\"@context\":\"https:\/\/schema.org\",\"@graph\":[{\"@type\":\"WebPage\",\"@id\":\"https:\/\/mariblum.de\/en\/revocation-instruction\/\",\"url\":\"https:\/\/mariblum.de\/en\/revocation-instruction\/\",\"name\":\"Revocation Instruction - mariblum babywearing\",\"isPartOf\":{\"@id\":\"https:\/\/mariblum.de\/en\/#website\"},\"datePublished\":\"2019-12-12T12:25:36+00:00\",\"dateModified\":\"2020-05-24T11:50:55+00:00\",\"breadcrumb\":{\"@id\":\"https:\/\/mariblum.de\/en\/revocation-instruction\/#breadcrumb\"},\"inLanguage\":\"en-US\",\"potentialAction\":[{\"@type\":\"ReadAction\",\"target\":[\"https:\/\/mariblum.de\/en\/revocation-instruction\/\"]}]},{\"@type\":\"BreadcrumbList\",\"@id\":\"https:\/\/mariblum.de\/en\/revocation-instruction\/#breadcrumb\",\"itemListElement\":[{\"@type\":\"ListItem\",\"position\":1,\"name\":\"Startseite\",\"item\":\"https:\/\/mariblum.de\/en\/\"},{\"@type\":\"ListItem\",\"position\":2,\"name\":\"Revocation Instruction\"}]},{\"@type\":\"WebSite\",\"@id\":\"https:\/\/mariblum.de\/en\/#website\",\"url\":\"https:\/\/mariblum.de\/en\/\",\"name\":\"mariblum Traget\u00fccher\",\"description\":\"handmade and plant dyed\",\"publisher\":{\"@id\":\"https:\/\/mariblum.de\/en\/#organization\"},\"potentialAction\":[{\"@type\":\"SearchAction\",\"target\":{\"@type\":\"EntryPoint\",\"urlTemplate\":\"https:\/\/mariblum.de\/en\/?s={search_term_string}\"},\"query-input\":{\"@type\":\"PropertyValueSpecification\",\"valueRequired\":true,\"valueName\":\"search_term_string\"}}],\"inLanguage\":\"en-US\"},{\"@type\":\"Organization\",\"@id\":\"https:\/\/mariblum.de\/en\/#organization\",\"name\":\"mariblum\",\"url\":\"https:\/\/mariblum.de\/en\/\",\"logo\":{\"@type\":\"ImageObject\",\"inLanguage\":\"en-US\",\"@id\":\"https:\/\/mariblum.de\/en\/#\/schema\/logo\/image\/\",\"url\":\"https:\/\/mariblum.de\/wp-content\/uploads\/2020\/07\/logo_m-500x_transparent.png\",\"contentUrl\":\"https:\/\/mariblum.de\/wp-content\/uploads\/2020\/07\/logo_m-500x_transparent.png\",\"width\":500,\"height\":500,\"caption\":\"mariblum\"},\"image\":{\"@id\":\"https:\/\/mariblum.de\/en\/#\/schema\/logo\/image\/\"},\"sameAs\":[\"https:\/\/www.instagram.com\/_mariblum_\/\"]}]}<\/script>\n<!-- \/ Yoast SEO Premium plugin. -->","yoast_head_json":{"title":"Revocation Instruction - mariblum babywearing","robots":{"index":"index","follow":"follow","max-snippet":"max-snippet:-1","max-image-preview":"max-image-preview:large","max-video-preview":"max-video-preview:-1"},"canonical":"https:\/\/mariblum.de\/en\/revocation-instruction\/","og_locale":"en_US","og_type":"article","og_title":"Revocation Instruction","og_description":"Cancellation Policy &amp; Cancellation Form Consumers are entitled to a right of revocation in accordance with the following provision, whereby a consumer is any natural person who concludes a legal transaction for purposes which can predominantly be attributed neither to his commercial nor his self-employed professional activity. The right of withdrawal does not apply to [...]","og_url":"https:\/\/mariblum.de\/en\/revocation-instruction\/","og_site_name":"mariblum babywearing","article_modified_time":"2020-05-24T11:50:55+00:00","twitter_card":"summary_large_image","twitter_misc":{"Est. reading time":"3 minutes"},"schema":{"@context":"https:\/\/schema.org","@graph":[{"@type":"WebPage","@id":"https:\/\/mariblum.de\/en\/revocation-instruction\/","url":"https:\/\/mariblum.de\/en\/revocation-instruction\/","name":"Revocation Instruction - mariblum babywearing","isPartOf":{"@id":"https:\/\/mariblum.de\/en\/#website"},"datePublished":"2019-12-12T12:25:36+00:00","dateModified":"2020-05-24T11:50:55+00:00","breadcrumb":{"@id":"https:\/\/mariblum.de\/en\/revocation-instruction\/#breadcrumb"},"inLanguage":"en-US","potentialAction":[{"@type":"ReadAction","target":["https:\/\/mariblum.de\/en\/revocation-instruction\/"]}]},{"@type":"BreadcrumbList","@id":"https:\/\/mariblum.de\/en\/revocation-instruction\/#breadcrumb","itemListElement":[{"@type":"ListItem","position":1,"name":"Startseite","item":"https:\/\/mariblum.de\/en\/"},{"@type":"ListItem","position":2,"name":"Revocation Instruction"}]},{"@type":"WebSite","@id":"https:\/\/mariblum.de\/en\/#website","url":"https:\/\/mariblum.de\/en\/","name":"mariblum Traget\u00fccher","description":"handmade and plant dyed","publisher":{"@id":"https:\/\/mariblum.de\/en\/#organization"},"potentialAction":[{"@type":"SearchAction","target":{"@type":"EntryPoint","urlTemplate":"https:\/\/mariblum.de\/en\/?s={search_term_string}"},"query-input":{"@type":"PropertyValueSpecification","valueRequired":true,"valueName":"search_term_string"}}],"inLanguage":"en-US"},{"@type":"Organization","@id":"https:\/\/mariblum.de\/en\/#organization","name":"mariblum","url":"https:\/\/mariblum.de\/en\/","logo":{"@type":"ImageObject","inLanguage":"en-US","@id":"https:\/\/mariblum.de\/en\/#\/schema\/logo\/image\/","url":"https:\/\/mariblum.de\/wp-content\/uploads\/2020\/07\/logo_m-500x_transparent.png","contentUrl":"https:\/\/mariblum.de\/wp-content\/uploads\/2020\/07\/logo_m-500x_transparent.png","width":500,"height":500,"caption":"mariblum"},"image":{"@id":"https:\/\/mariblum.de\/en\/#\/schema\/logo\/image\/"},"sameAs":["https:\/\/www.instagram.com\/_mariblum_\/"]}]}},"_links":{"self":[{"href":"https:\/\/mariblum.de\/en\/wp-json\/wp\/v2\/pages\/107","targetHints":{"allow":["GET"]}}],"collection":[{"href":"https:\/\/mariblum.de\/en\/wp-json\/wp\/v2\/pages"}],"about":[{"href":"https:\/\/mariblum.de\/en\/wp-json\/wp\/v2\/types\/page"}],"author":[{"embeddable":true,"href":"https:\/\/mariblum.de\/en\/wp-json\/wp\/v2\/users\/1"}],"replies":[{"embeddable":true,"href":"https:\/\/mariblum.de\/en\/wp-json\/wp\/v2\/comments?post=107"}],"version-history":[{"count":0,"href":"https:\/\/mariblum.de\/en\/wp-json\/wp\/v2\/pages\/107\/revisions"}],"wp:attachment":[{"href":"https:\/\/mariblum.de\/en\/wp-json\/wp\/v2\/media?parent=107"}],"curies":[{"name":"wp","href":"https:\/\/api.w.org\/{rel}","templated":true}]}}